{"id":6955,"date":"2025-03-26T13:35:09","date_gmt":"2025-03-26T12:35:09","guid":{"rendered":"https:\/\/highlife420.cz\/obchod\/nezaraden\u00e9\/dtox-drink-10-ml\/"},"modified":"2025-04-11T14:25:43","modified_gmt":"2025-04-11T12:25:43","slug":"dtox-drink-10-ml","status":"publish","type":"product","link":"https:\/\/highlife420.cz\/sk\/obchod\/dtox-drink-10-ml\/","title":{"rendered":"DTOX drink 10 ml"},"content":{"rendered":"<p><strong>DTOX drink<\/strong>\u00a0je dopln\u011bk stravy, kter\u00fd obsahuje sm\u011bs rostlinn\u00fdch olej\u016f. Tyto oleje jsou zn\u00e1my sv\u00fdmi antibakteri\u00e1ln\u00edmi, antivirov\u00fdmi a antiseptick\u00fdmi \u00fa\u010dinky a jsou bohat\u00e9 na vitam\u00edn E, esenci\u00e1ln\u00ed aminokyseliny\u00a0a miner\u00e1ly.\u00a0<strong>DTOX drink<\/strong>\u00a0bez obsahu alkoholu m\u016f\u017ee podporovat \u010distotu \u00fastn\u00ed dutiny, dekontaminaci slin a detoxikaci t\u011bla. Je vhodn\u00fd pro ka\u017edodenn\u00ed u\u017e\u00edv\u00e1n\u00ed.<\/p>\n<p>\ud83c\udf31\u00a0<strong>Ostropest\u0159ec mari\u00e1nsk\u00fd<\/strong>\u00a0\u2013 kr\u00e1l detoxikace, chr\u00e1n\u00ed a regeneruje j\u00e1tra<br \/>\n\ud83c\udf3b\u00a0<strong>Slune\u010dnicov\u00e1 sem\u00ednka<\/strong>\u00a0\u2013 bohat\u00fd zdroj antioxidant\u016f a zdrav\u00fdch tuk\u016f<br \/>\n\ud83c\udf83\u00a0<strong>D\u00fd\u0148ov\u00e1 sem\u00ednka<\/strong>\u00a0\u2013 podporuj\u00ed tr\u00e1ven\u00ed a imunitn\u00ed syst\u00e9m<\/p>\n<h3><strong>Bylinn\u00fd macer\u00e1t pro maxim\u00e1ln\u00ed \u00fa\u010dinek<\/strong><\/h3>\n<p>Unik\u00e1tn\u00ed sm\u011bs bylin, kter\u00e9 synergicky p\u016fsob\u00ed na celkov\u00e9 zdrav\u00ed:<br \/>\n\ud83c\udf43\u00a0<strong>B\u0159\u00edza b\u011blokor\u00e1<\/strong>\u00a0\u2013 podporuje vylu\u010dov\u00e1n\u00ed toxin\u016f a zdrav\u00ed ledvin<br \/>\n\ud83c\udf3f\u00a0<strong>Smetanka l\u00e9ka\u0159sk\u00e1 (pampeli\u0161ka)<\/strong>\u00a0\u2013 harmonizuje tr\u00e1ven\u00ed a \u010dinnost jater<br \/>\n\ud83c\udf31\u00a0<strong>Kop\u0159iva dvoudom\u00e1<\/strong>\u00a0\u2013 bohat\u00e1 na miner\u00e1ly, \u010dist\u00ed krev a posiluje organismus<\/p>\n<p>S maxim\u00e1ln\u00edm \u00fasil\u00edm a nejlep\u0161\u00edm sv\u011bdom\u00edm byl vyvinut DTOX drink. Jeho unik\u00e1tn\u00ed 100%\u00a0 rostlinn\u00e9 slo\u017een\u00ed z olej\u016f a macer\u00e1tu bylin, kter\u00e9 jsou zn\u00e1m\u00e9 pro sv\u00e9 antibakteri\u00e1ln\u00ed, antivirov\u00e9 a antiseptick\u00e9 \u00fa\u010dinky a bohat\u00fd obsah vitam\u00ednu E, esenci\u00e1ln\u00edch aminokyselin a miner\u00e1l\u016f. Kombinace p\u0159\u00edrodn\u00edch l\u00e1tek m\u016f\u017ee pomoci \u00fa\u010dinn\u011b eliminovat zbytkov\u00e9 metabolity v \u00fastn\u00ed dutin\u011b. Produkt neobsahuje \u017e\u00e1dn\u00fd alkohol.<\/p>\n<p>Lze tak\u00e9 aplikovat na poko\u017eku.<\/p>\n","protected":false},"excerpt":{"rendered":"<div class=\"benefitBanner position--benefitProduct\" data-editorid=\"benefitBanners_product\">\n<div class=\"benefitBanner__item\" data-editorid=\"element-81\">\n<div class=\"benefitBanner__content\"><\/div>\n<\/div>\n<\/div>\n<div class=\"shp-tabs-wrapper p-detail-tabs-wrapper\">\n<div class=\"row\">\n<div class=\"col-sm-12 \">\n<div id=\"tab-content\" class=\"tab-content\">\n<div id=\"description\" class=\"tab-pane fade in active\" role=\"tabpanel\">\n<div class=\"description-inner\">\n<div class=\"basic-description\">\n<h2><strong>Pou\u017eit\u00ed<\/strong>: P\u0159ed pou\u017eit\u00edm v\u017edy prot\u0159epejte.<\/h2>\n<h2><strong>Skladov\u00e1n\u00ed<\/strong>: Skladujte v origin\u00e1ln\u00edm obalu na such\u00e9m m\u00edst\u011b p\u0159i teplot\u011b 5-25\u00b0C. Chra\u0148te p\u0159ed p\u0159\u00edm\u00fdm\u00a0slune\u010dn\u00edm z\u00e1\u0159en\u00edm a teplem.<\/h2>\n<div class=\"description wysiwyg\">\n<p><strong>Slo\u017een\u00ed 10ml<\/strong>: Ostropest\u0159ec mari\u00e1nsk\u00fd 5ml, Slune\u010dnice ro\u010dn\u00ed 3ml, D\u00fdn\u011b obecn\u00e1 1ml,\u00a0bylinn\u00fd macer\u00e1t (B\u0159\u00edza b\u011blokor\u00e1, Smet\u00e1nka l\u00e9ka\u0159sk\u00e1, Kop\u0159iva dvoudom\u00e1) 1ml<\/p>\n<p><strong>NEOBSAHUJE ALKOHOL<\/strong><\/p>\n<p><strong>Upozorn\u011bn\u00ed<\/strong>: Nen\u00ed vhodn\u00e9 pro osoby do 3 let, koj\u00edc\u00ed a t\u011bhotn\u00e9 \u017eeny. Nep\u0159ekra\u010dujte doporu\u010den\u00e9 denn\u00ed<br \/>\nd\u00e1vkov\u00e1n\u00ed. Uchov\u00e1vejte mimo dosah d\u011bt\u00ed. Produkt neslou\u017e\u00ed jako n\u00e1hrada pestr\u00e9 stravy.<\/p>\n<p>Vyrobeno v \u010cesk\u00e9 Republice.<\/p>\n<\/div>\n<\/div>\n<\/div>\n<\/div>\n<\/div>\n<\/div>\n<\/div>\n<\/div>\n","protected":false},"featured_media":6954,"template":"","meta":[],"product_brand":[],"product_cat":[249],"product_tag":[],"class_list":{"0":"post-6955","1":"product","2":"type-product","3":"status-publish","4":"has-post-thumbnail","6":"product_cat-d-tox-drink-sk","8":"first","9":"instock","10":"taxable","11":"shipping-taxable","12":"purchasable","13":"product-type-simple"},"yoast_head":"<!-- This site is optimized with the Yoast SEO plugin v19.6.1 - https:\/\/yoast.com\/wordpress\/plugins\/seo\/ -->\n<title>DTOX drink 10 ml - HIGHLIFE420<\/title>\n<meta name=\"description\" content=\"DTOX drink\u00a0bez obsahu alkoholu m\u016f\u017ee podporovat \u010distotu \u00fastn\u00ed dutiny, dekontaminaci slin a detoxikaci t\u011bla. Je vhodn\u00fd pro ka\u017edodenn\u00ed u\u017e\u00edv\u00e1n\u00ed.\" \/>\n<meta name=\"robots\" content=\"index, follow, max-snippet:-1, max-image-preview:large, max-video-preview:-1\" \/>\n<link rel=\"canonical\" href=\"https:\/\/highlife420.cz\/sk\/obchod\/dtox-drink-10-ml\/\" \/>\n<meta property=\"og:locale\" content=\"sk_SK\" \/>\n<meta property=\"og:type\" content=\"article\" \/>\n<meta property=\"og:title\" content=\"DTOX drink 10 ml - HIGHLIFE420\" \/>\n<meta property=\"og:description\" content=\"DTOX drink\u00a0bez obsahu alkoholu m\u016f\u017ee podporovat \u010distotu \u00fastn\u00ed dutiny, dekontaminaci slin a detoxikaci t\u011bla. Je vhodn\u00fd pro ka\u017edodenn\u00ed u\u017e\u00edv\u00e1n\u00ed.\" \/>\n<meta property=\"og:url\" content=\"https:\/\/highlife420.cz\/sk\/obchod\/dtox-drink-10-ml\/\" \/>\n<meta property=\"og:site_name\" content=\"HIGHLIFE420\" \/>\n<meta property=\"article:modified_time\" content=\"2025-04-11T12:25:43+00:00\" \/>\n<meta property=\"og:image\" content=\"https:\/\/highlife420.cz\/wp-content\/uploads\/cc18aed3-500b-4247-a651-d8b5f852fbea.png\" \/>\n\t<meta property=\"og:image:width\" content=\"1024\" \/>\n\t<meta property=\"og:image:height\" content=\"768\" \/>\n\t<meta property=\"og:image:type\" content=\"image\/png\" \/>\n<meta name=\"twitter:card\" content=\"summary_large_image\" \/>\n<script type=\"application\/ld+json\" class=\"yoast-schema-graph\">{\"@context\":\"https:\/\/schema.org\",\"@graph\":[{\"@type\":[\"WebPage\",\"ItemPage\"],\"@id\":\"https:\/\/highlife420.cz\/sk\/obchod\/dtox-drink-10-ml\/\",\"url\":\"https:\/\/highlife420.cz\/sk\/obchod\/dtox-drink-10-ml\/\",\"name\":\"DTOX drink 10 ml - HIGHLIFE420\",\"isPartOf\":{\"@id\":\"https:\/\/highlife420.cz\/sk\/#website\"},\"datePublished\":\"2025-03-26T12:35:09+00:00\",\"dateModified\":\"2025-04-11T12:25:43+00:00\",\"description\":\"DTOX drink\u00a0bez obsahu alkoholu m\u016f\u017ee podporovat \u010distotu \u00fastn\u00ed dutiny, dekontaminaci slin a detoxikaci t\u011bla. Je vhodn\u00fd pro ka\u017edodenn\u00ed u\u017e\u00edv\u00e1n\u00ed.\",\"breadcrumb\":{\"@id\":\"https:\/\/highlife420.cz\/sk\/obchod\/dtox-drink-10-ml\/#breadcrumb\"},\"inLanguage\":\"sk-SK\",\"potentialAction\":[{\"@type\":\"ReadAction\",\"target\":[\"https:\/\/highlife420.cz\/sk\/obchod\/dtox-drink-10-ml\/\"]}]},{\"@type\":\"BreadcrumbList\",\"@id\":\"https:\/\/highlife420.cz\/sk\/obchod\/dtox-drink-10-ml\/#breadcrumb\",\"itemListElement\":[{\"@type\":\"ListItem\",\"position\":1,\"name\":\"Dom\u016f\",\"item\":\"https:\/\/highlife420.cz\/sk\/\"},{\"@type\":\"ListItem\",\"position\":2,\"name\":\"Obchod\",\"item\":\"https:\/\/highlife420.cz\/sk\/obchod\/\"},{\"@type\":\"ListItem\",\"position\":3,\"name\":\"DTOX drink 10 ml\"}]},{\"@type\":\"WebSite\",\"@id\":\"https:\/\/highlife420.cz\/sk\/#website\",\"url\":\"https:\/\/highlife420.cz\/sk\/\",\"name\":\"HIGHLIFE420\",\"description\":\"\",\"publisher\":{\"@id\":\"https:\/\/highlife420.cz\/sk\/#organization\"},\"potentialAction\":[{\"@type\":\"SearchAction\",\"target\":{\"@type\":\"EntryPoint\",\"urlTemplate\":\"https:\/\/highlife420.cz\/sk\/?s={search_term_string}\"},\"query-input\":\"required name=search_term_string\"}],\"inLanguage\":\"sk-SK\"},{\"@type\":\"Organization\",\"@id\":\"https:\/\/highlife420.cz\/sk\/#organization\",\"name\":\"High Life 420\",\"url\":\"https:\/\/highlife420.cz\/sk\/\",\"sameAs\":[\"https:\/\/www.instagram.com\/hilife420cz\/\"],\"logo\":{\"@type\":\"ImageObject\",\"inLanguage\":\"sk-SK\",\"@id\":\"https:\/\/highlife420.cz\/sk\/#\/schema\/logo\/image\/\",\"url\":\"https:\/\/highlife420.cz\/wp-content\/uploads\/logo-dark.svg\",\"contentUrl\":\"https:\/\/highlife420.cz\/wp-content\/uploads\/logo-dark.svg\",\"width\":290,\"height\":44,\"caption\":\"High Life 420\"},\"image\":{\"@id\":\"https:\/\/highlife420.cz\/sk\/#\/schema\/logo\/image\/\"}}]}<\/script>\n<meta property=\"product:price:amount\" content=\"130.0\" \/>\n<meta property=\"product:price:currency\" content=\"CZK\" \/>\n<meta property=\"og:availability\" content=\"instock\" \/>\n<meta property=\"product:availability\" content=\"instock\" \/>\n<meta property=\"product:condition\" content=\"new\" \/>\n<!-- \/ Yoast SEO plugin. -->","yoast_head_json":{"title":"DTOX drink 10 ml - HIGHLIFE420","description":"DTOX drink\u00a0bez obsahu alkoholu m\u016f\u017ee podporovat \u010distotu \u00fastn\u00ed dutiny, dekontaminaci slin a detoxikaci t\u011bla. Je vhodn\u00fd pro ka\u017edodenn\u00ed u\u017e\u00edv\u00e1n\u00ed.","robots":{"index":"index","follow":"follow","max-snippet":"max-snippet:-1","max-image-preview":"max-image-preview:large","max-video-preview":"max-video-preview:-1"},"canonical":"https:\/\/highlife420.cz\/sk\/obchod\/dtox-drink-10-ml\/","og_locale":"sk_SK","og_type":"article","og_title":"DTOX drink 10 ml - HIGHLIFE420","og_description":"DTOX drink\u00a0bez obsahu alkoholu m\u016f\u017ee podporovat \u010distotu \u00fastn\u00ed dutiny, dekontaminaci slin a detoxikaci t\u011bla. Je vhodn\u00fd pro ka\u017edodenn\u00ed u\u017e\u00edv\u00e1n\u00ed.","og_url":"https:\/\/highlife420.cz\/sk\/obchod\/dtox-drink-10-ml\/","og_site_name":"HIGHLIFE420","article_modified_time":"2025-04-11T12:25:43+00:00","og_image":[{"width":1024,"height":768,"url":"https:\/\/highlife420.cz\/wp-content\/uploads\/cc18aed3-500b-4247-a651-d8b5f852fbea.png","type":"image\/png"}],"twitter_card":"summary_large_image","schema":{"@context":"https:\/\/schema.org","@graph":[{"@type":["WebPage","ItemPage"],"@id":"https:\/\/highlife420.cz\/sk\/obchod\/dtox-drink-10-ml\/","url":"https:\/\/highlife420.cz\/sk\/obchod\/dtox-drink-10-ml\/","name":"DTOX drink 10 ml - HIGHLIFE420","isPartOf":{"@id":"https:\/\/highlife420.cz\/sk\/#website"},"datePublished":"2025-03-26T12:35:09+00:00","dateModified":"2025-04-11T12:25:43+00:00","description":"DTOX drink\u00a0bez obsahu alkoholu m\u016f\u017ee podporovat \u010distotu \u00fastn\u00ed dutiny, dekontaminaci slin a detoxikaci t\u011bla. Je vhodn\u00fd pro ka\u017edodenn\u00ed u\u017e\u00edv\u00e1n\u00ed.","breadcrumb":{"@id":"https:\/\/highlife420.cz\/sk\/obchod\/dtox-drink-10-ml\/#breadcrumb"},"inLanguage":"sk-SK","potentialAction":[{"@type":"ReadAction","target":["https:\/\/highlife420.cz\/sk\/obchod\/dtox-drink-10-ml\/"]}]},{"@type":"BreadcrumbList","@id":"https:\/\/highlife420.cz\/sk\/obchod\/dtox-drink-10-ml\/#breadcrumb","itemListElement":[{"@type":"ListItem","position":1,"name":"Dom\u016f","item":"https:\/\/highlife420.cz\/sk\/"},{"@type":"ListItem","position":2,"name":"Obchod","item":"https:\/\/highlife420.cz\/sk\/obchod\/"},{"@type":"ListItem","position":3,"name":"DTOX drink 10 ml"}]},{"@type":"WebSite","@id":"https:\/\/highlife420.cz\/sk\/#website","url":"https:\/\/highlife420.cz\/sk\/","name":"HIGHLIFE420","description":"","publisher":{"@id":"https:\/\/highlife420.cz\/sk\/#organization"},"potentialAction":[{"@type":"SearchAction","target":{"@type":"EntryPoint","urlTemplate":"https:\/\/highlife420.cz\/sk\/?s={search_term_string}"},"query-input":"required name=search_term_string"}],"inLanguage":"sk-SK"},{"@type":"Organization","@id":"https:\/\/highlife420.cz\/sk\/#organization","name":"High Life 420","url":"https:\/\/highlife420.cz\/sk\/","sameAs":["https:\/\/www.instagram.com\/hilife420cz\/"],"logo":{"@type":"ImageObject","inLanguage":"sk-SK","@id":"https:\/\/highlife420.cz\/sk\/#\/schema\/logo\/image\/","url":"https:\/\/highlife420.cz\/wp-content\/uploads\/logo-dark.svg","contentUrl":"https:\/\/highlife420.cz\/wp-content\/uploads\/logo-dark.svg","width":290,"height":44,"caption":"High Life 420"},"image":{"@id":"https:\/\/highlife420.cz\/sk\/#\/schema\/logo\/image\/"}}]},"product_price_amount":"130.0","product_price_currency":"CZK","og_availability":"instock","product_availability":"instock","product_condition":"new"},"_links":{"self":[{"href":"https:\/\/highlife420.cz\/sk\/wp-json\/wp\/v2\/product\/6955","targetHints":{"allow":["GET"]}}],"collection":[{"href":"https:\/\/highlife420.cz\/sk\/wp-json\/wp\/v2\/product"}],"about":[{"href":"https:\/\/highlife420.cz\/sk\/wp-json\/wp\/v2\/types\/product"}],"wp:featuredmedia":[{"embeddable":true,"href":"https:\/\/highlife420.cz\/sk\/wp-json\/wp\/v2\/media\/6954"}],"wp:attachment":[{"href":"https:\/\/highlife420.cz\/sk\/wp-json\/wp\/v2\/media?parent=6955"}],"wp:term":[{"taxonomy":"product_brand","embeddable":true,"href":"https:\/\/highlife420.cz\/sk\/wp-json\/wp\/v2\/product_brand?post=6955"},{"taxonomy":"product_cat","embeddable":true,"href":"https:\/\/highlife420.cz\/sk\/wp-json\/wp\/v2\/product_cat?post=6955"},{"taxonomy":"product_tag","embeddable":true,"href":"https:\/\/highlife420.cz\/sk\/wp-json\/wp\/v2\/product_tag?post=6955"}],"curies":[{"name":"wp","href":"https:\/\/api.w.org\/{rel}","templated":true}]}}