{"id":6793,"date":"2024-07-18T14:51:51","date_gmt":"2024-07-18T12:51:55","guid":{"rendered":"https:\/\/highlife420.cz\/?post_type=product&#038;p=6793"},"modified":"2024-08-05T21:37:56","modified_gmt":"2024-08-05T19:37:56","slug":"tricko-highlife420-bitcoin-tee","status":"publish","type":"product","link":"https:\/\/highlife420.cz\/sk\/obchod\/tricko-highlife420-bitcoin-tee\/","title":{"rendered":"Tri\u010dko HIGHLIFE420 BITCOIN TEE"},"content":{"rendered":"<h3 style=\"text-align: center;\"><strong>Tri\u010dko HIGHLIFE420 BITCOIN TEE<\/strong><\/h3>\n<p style=\"text-align: center;\">Toto tri\u010dko je vyroben\u00e9 zo 100% bavlny, \u010do zais\u0165uje, \u017ee na va\u0161ej poko\u017eke budete c\u00edti\u0165 len to najjemnej\u0161ie a najpr\u00edjemnej\u0161ie dotyky.<\/p>\n<p style=\"text-align: center;\">Jeho gram\u00e1\u017e 200 gramov znamen\u00e1, \u017ee je dostato\u010dne odoln\u00e9, aby ste ho mohli nosi\u0165 vo v\u0161etk\u00fdch situ\u00e1ci\u00e1ch v\u00e1\u0161ho \u017eivota. Od relax\u00e1cie na pl\u00e1\u017ei po ve\u010dierok s priate\u013emi, toto tri\u010dko v\u00e1m umo\u017en\u00ed vyjadri\u0165 v\u00e1\u0161 nezamenite\u013en\u00fd \u0161t\u00fdl.<\/p>\n<p style=\"text-align: center;\">\n<p style=\"text-align: center;\">Detailn\u00fd popis produktu<br \/>\n200 g\/m\u00b2<br \/>\n100% bavlna<br \/>\nBez\u0161vov\u00fd v\u00fdstrih<br \/>\nV\u00fdstu\u017en\u00e1 p\u00e1ska za krkom a na ramen\u00e1ch<br \/>\nDvojito pre\u0161it\u00e9 ruk\u00e1vy a spodn\u00fd lem<br \/>\nZ\u00e1merne preto\u010den\u00e9 bo\u010dn\u00e9 \u0161vy<br \/>\nVyroben\u00e9 v Nicaragua<\/p>\n<h5><strong>Tabulka velikost\u00ed (cm)<\/strong><\/h5>\n<table id=\"TabulkaVelikosti\" border=\"0\">\n<tbody>\n<tr>\n<td data-label=\"Velikost\">Velikost<\/td>\n<td data-label=\"S\"><strong>S<\/strong><\/td>\n<td data-label=\"M\"><strong>M<\/strong><\/td>\n<td data-label=\"L\"><strong>L<\/strong><\/td>\n<td data-label=\"XL\"><strong>XL<\/strong><\/td>\n<td data-label=\"XXL\"><strong>XXL<\/strong><\/td>\n<td data-label=\"3XL\"><strong>3XL<\/strong><\/td>\n<td data-label=\"4XL\"><strong>4XL<\/strong><\/td>\n<td data-label=\"5XL\"><strong>5XL<\/strong><\/td>\n<\/tr>\n<tr>\n<td data-label=\"Velikost\"><strong>\u0160\u00ed\u0159ka p\u0159es hrudn\u00edk\u00a0<\/strong>(\u00bd obvodu)<\/td>\n<td data-label=\"S\">46<\/td>\n<td data-label=\"M\">51<\/td>\n<td data-label=\"L\">56<\/td>\n<td data-label=\"XL\">61<\/td>\n<td data-label=\"XXL\">66<\/td>\n<td data-label=\"3XL\">71<\/td>\n<td data-label=\"4XL\">76<\/td>\n<td data-label=\"5XL\">81<\/td>\n<\/tr>\n<tr>\n<td data-label=\"Velikost\"><strong>D\u00e9lka tri\u010dka<\/strong><\/td>\n<td data-label=\"S\">72<\/td>\n<td data-label=\"M\">75<\/td>\n<td data-label=\"L\">77<\/td>\n<td data-label=\"XL\">80<\/td>\n<td data-label=\"XXL\">82,5<\/td>\n<td data-label=\"3XL\">85<\/td>\n<td data-label=\"4XL\">88<\/td>\n<td data-label=\"5XL\">90<\/td>\n<\/tr>\n<\/tbody>\n<\/table>\n<h5><\/h5>\n<h3><\/h3>\n","protected":false},"excerpt":{"rendered":"<p>Tri\u010dko HIGHLIFE420 BITCOIN TEE Toto tri\u010dko je vyroben\u00e9 zo 100% bavlny, \u010do zais\u0165uje, \u017ee na va\u0161ej poko\u017eke budete c\u00edti\u0165 len<\/p>\n","protected":false},"featured_media":6811,"template":"","meta":[],"product_brand":[],"product_cat":[18],"product_tag":[],"class_list":{"0":"post-6793","1":"product","2":"type-product","3":"status-publish","4":"has-post-thumbnail","6":"product_cat-brand","7":"pa_velikost-l-sk","8":"pa_velikost-m-sk","9":"pa_velikost-s-sk","10":"pa_velikost-xl-sk","12":"first","13":"instock","14":"taxable","15":"shipping-taxable","16":"purchasable","17":"product-type-variable"},"yoast_head":"<!-- This site is optimized with the Yoast SEO plugin v19.6.1 - https:\/\/yoast.com\/wordpress\/plugins\/seo\/ -->\n<title>Tri\u010dko HIGHLIFE420 BITCOIN TEE -<\/title>\n<meta name=\"description\" content=\"Vykro\u010dte do sveta s istotou a \u0161t\u00fdlom, ktor\u00fd v\u00e1m pon\u00faka tri\u010dko HIGHLIFE420 BITCOIN TEE. Jeho gram\u00e1\u017e 200 gramov znamen\u00e1, \u017ee je dostato\u010dne odoln\u00e9.\" \/>\n<meta name=\"robots\" content=\"index, follow, max-snippet:-1, max-image-preview:large, max-video-preview:-1\" \/>\n<link rel=\"canonical\" href=\"https:\/\/highlife420.cz\/sk\/obchod\/tricko-highlife420-bitcoin-tee\/\" \/>\n<meta property=\"og:locale\" content=\"sk_SK\" \/>\n<meta property=\"og:type\" content=\"article\" \/>\n<meta property=\"og:title\" content=\"Tri\u010dko HIGHLIFE420 BITCOIN TEE -\" \/>\n<meta property=\"og:description\" content=\"Vykro\u010dte do sveta s istotou a \u0161t\u00fdlom, ktor\u00fd v\u00e1m pon\u00faka tri\u010dko HIGHLIFE420 BITCOIN TEE. Jeho gram\u00e1\u017e 200 gramov znamen\u00e1, \u017ee je dostato\u010dne odoln\u00e9.\" \/>\n<meta property=\"og:url\" content=\"https:\/\/highlife420.cz\/sk\/obchod\/tricko-highlife420-bitcoin-tee\/\" \/>\n<meta property=\"og:site_name\" content=\"HIGHLIFE420\" \/>\n<meta property=\"article:modified_time\" content=\"2024-08-05T19:37:56+00:00\" \/>\n<meta property=\"og:image\" content=\"https:\/\/highlife420.cz\/wp-content\/uploads\/VAD00252-scaled.jpg\" \/>\n\t<meta property=\"og:image:width\" content=\"1708\" \/>\n\t<meta property=\"og:image:height\" content=\"2560\" \/>\n\t<meta property=\"og:image:type\" content=\"image\/jpeg\" \/>\n<meta name=\"twitter:card\" content=\"summary_large_image\" \/>\n<script type=\"application\/ld+json\" class=\"yoast-schema-graph\">{\"@context\":\"https:\/\/schema.org\",\"@graph\":[{\"@type\":[\"WebPage\",\"ItemPage\"],\"@id\":\"https:\/\/highlife420.cz\/sk\/obchod\/tricko-highlife420-bitcoin-tee\/\",\"url\":\"https:\/\/highlife420.cz\/sk\/obchod\/tricko-highlife420-bitcoin-tee\/\",\"name\":\"Tri\u010dko HIGHLIFE420 BITCOIN TEE -\",\"isPartOf\":{\"@id\":\"https:\/\/highlife420.cz\/sk\/#website\"},\"datePublished\":\"2024-07-18T12:51:55+00:00\",\"dateModified\":\"2024-08-05T19:37:56+00:00\",\"description\":\"Vykro\u010dte do sveta s istotou a \u0161t\u00fdlom, ktor\u00fd v\u00e1m pon\u00faka tri\u010dko HIGHLIFE420 BITCOIN TEE. Jeho gram\u00e1\u017e 200 gramov znamen\u00e1, \u017ee je dostato\u010dne odoln\u00e9.\",\"breadcrumb\":{\"@id\":\"https:\/\/highlife420.cz\/sk\/obchod\/tricko-highlife420-bitcoin-tee\/#breadcrumb\"},\"inLanguage\":\"sk-SK\",\"potentialAction\":[{\"@type\":\"ReadAction\",\"target\":[\"https:\/\/highlife420.cz\/sk\/obchod\/tricko-highlife420-bitcoin-tee\/\"]}]},{\"@type\":\"BreadcrumbList\",\"@id\":\"https:\/\/highlife420.cz\/sk\/obchod\/tricko-highlife420-bitcoin-tee\/#breadcrumb\",\"itemListElement\":[{\"@type\":\"ListItem\",\"position\":1,\"name\":\"Dom\u016f\",\"item\":\"https:\/\/highlife420.cz\/sk\/\"},{\"@type\":\"ListItem\",\"position\":2,\"name\":\"Obchod\",\"item\":\"https:\/\/highlife420.cz\/sk\/obchod\/\"},{\"@type\":\"ListItem\",\"position\":3,\"name\":\"Tri\u010dko HIGHLIFE420 BITCOIN TEE\"}]},{\"@type\":\"WebSite\",\"@id\":\"https:\/\/highlife420.cz\/sk\/#website\",\"url\":\"https:\/\/highlife420.cz\/sk\/\",\"name\":\"HIGHLIFE420\",\"description\":\"\",\"publisher\":{\"@id\":\"https:\/\/highlife420.cz\/sk\/#organization\"},\"potentialAction\":[{\"@type\":\"SearchAction\",\"target\":{\"@type\":\"EntryPoint\",\"urlTemplate\":\"https:\/\/highlife420.cz\/sk\/?s={search_term_string}\"},\"query-input\":\"required name=search_term_string\"}],\"inLanguage\":\"sk-SK\"},{\"@type\":\"Organization\",\"@id\":\"https:\/\/highlife420.cz\/sk\/#organization\",\"name\":\"High Life 420\",\"url\":\"https:\/\/highlife420.cz\/sk\/\",\"sameAs\":[\"https:\/\/www.instagram.com\/hilife420cz\/\"],\"logo\":{\"@type\":\"ImageObject\",\"inLanguage\":\"sk-SK\",\"@id\":\"https:\/\/highlife420.cz\/sk\/#\/schema\/logo\/image\/\",\"url\":\"https:\/\/highlife420.cz\/wp-content\/uploads\/logo-dark.svg\",\"contentUrl\":\"https:\/\/highlife420.cz\/wp-content\/uploads\/logo-dark.svg\",\"width\":290,\"height\":44,\"caption\":\"High Life 420\"},\"image\":{\"@id\":\"https:\/\/highlife420.cz\/sk\/#\/schema\/logo\/image\/\"}}]}<\/script>\n<meta property=\"og:availability\" content=\"instock\" \/>\n<meta property=\"product:availability\" content=\"instock\" \/>\n<meta property=\"product:condition\" content=\"new\" \/>\n<!-- \/ Yoast SEO plugin. -->","yoast_head_json":{"title":"Tri\u010dko HIGHLIFE420 BITCOIN TEE -","description":"Vykro\u010dte do sveta s istotou a \u0161t\u00fdlom, ktor\u00fd v\u00e1m pon\u00faka tri\u010dko HIGHLIFE420 BITCOIN TEE. Jeho gram\u00e1\u017e 200 gramov znamen\u00e1, \u017ee je dostato\u010dne odoln\u00e9.","robots":{"index":"index","follow":"follow","max-snippet":"max-snippet:-1","max-image-preview":"max-image-preview:large","max-video-preview":"max-video-preview:-1"},"canonical":"https:\/\/highlife420.cz\/sk\/obchod\/tricko-highlife420-bitcoin-tee\/","og_locale":"sk_SK","og_type":"article","og_title":"Tri\u010dko HIGHLIFE420 BITCOIN TEE -","og_description":"Vykro\u010dte do sveta s istotou a \u0161t\u00fdlom, ktor\u00fd v\u00e1m pon\u00faka tri\u010dko HIGHLIFE420 BITCOIN TEE. Jeho gram\u00e1\u017e 200 gramov znamen\u00e1, \u017ee je dostato\u010dne odoln\u00e9.","og_url":"https:\/\/highlife420.cz\/sk\/obchod\/tricko-highlife420-bitcoin-tee\/","og_site_name":"HIGHLIFE420","article_modified_time":"2024-08-05T19:37:56+00:00","og_image":[{"width":1708,"height":2560,"url":"https:\/\/highlife420.cz\/wp-content\/uploads\/VAD00252-scaled.jpg","type":"image\/jpeg"}],"twitter_card":"summary_large_image","schema":{"@context":"https:\/\/schema.org","@graph":[{"@type":["WebPage","ItemPage"],"@id":"https:\/\/highlife420.cz\/sk\/obchod\/tricko-highlife420-bitcoin-tee\/","url":"https:\/\/highlife420.cz\/sk\/obchod\/tricko-highlife420-bitcoin-tee\/","name":"Tri\u010dko HIGHLIFE420 BITCOIN TEE -","isPartOf":{"@id":"https:\/\/highlife420.cz\/sk\/#website"},"datePublished":"2024-07-18T12:51:55+00:00","dateModified":"2024-08-05T19:37:56+00:00","description":"Vykro\u010dte do sveta s istotou a \u0161t\u00fdlom, ktor\u00fd v\u00e1m pon\u00faka tri\u010dko HIGHLIFE420 BITCOIN TEE. Jeho gram\u00e1\u017e 200 gramov znamen\u00e1, \u017ee je dostato\u010dne odoln\u00e9.","breadcrumb":{"@id":"https:\/\/highlife420.cz\/sk\/obchod\/tricko-highlife420-bitcoin-tee\/#breadcrumb"},"inLanguage":"sk-SK","potentialAction":[{"@type":"ReadAction","target":["https:\/\/highlife420.cz\/sk\/obchod\/tricko-highlife420-bitcoin-tee\/"]}]},{"@type":"BreadcrumbList","@id":"https:\/\/highlife420.cz\/sk\/obchod\/tricko-highlife420-bitcoin-tee\/#breadcrumb","itemListElement":[{"@type":"ListItem","position":1,"name":"Dom\u016f","item":"https:\/\/highlife420.cz\/sk\/"},{"@type":"ListItem","position":2,"name":"Obchod","item":"https:\/\/highlife420.cz\/sk\/obchod\/"},{"@type":"ListItem","position":3,"name":"Tri\u010dko HIGHLIFE420 BITCOIN TEE"}]},{"@type":"WebSite","@id":"https:\/\/highlife420.cz\/sk\/#website","url":"https:\/\/highlife420.cz\/sk\/","name":"HIGHLIFE420","description":"","publisher":{"@id":"https:\/\/highlife420.cz\/sk\/#organization"},"potentialAction":[{"@type":"SearchAction","target":{"@type":"EntryPoint","urlTemplate":"https:\/\/highlife420.cz\/sk\/?s={search_term_string}"},"query-input":"required name=search_term_string"}],"inLanguage":"sk-SK"},{"@type":"Organization","@id":"https:\/\/highlife420.cz\/sk\/#organization","name":"High Life 420","url":"https:\/\/highlife420.cz\/sk\/","sameAs":["https:\/\/www.instagram.com\/hilife420cz\/"],"logo":{"@type":"ImageObject","inLanguage":"sk-SK","@id":"https:\/\/highlife420.cz\/sk\/#\/schema\/logo\/image\/","url":"https:\/\/highlife420.cz\/wp-content\/uploads\/logo-dark.svg","contentUrl":"https:\/\/highlife420.cz\/wp-content\/uploads\/logo-dark.svg","width":290,"height":44,"caption":"High Life 420"},"image":{"@id":"https:\/\/highlife420.cz\/sk\/#\/schema\/logo\/image\/"}}]},"og_availability":"instock","product_availability":"instock","product_condition":"new"},"_links":{"self":[{"href":"https:\/\/highlife420.cz\/sk\/wp-json\/wp\/v2\/product\/6793","targetHints":{"allow":["GET"]}}],"collection":[{"href":"https:\/\/highlife420.cz\/sk\/wp-json\/wp\/v2\/product"}],"about":[{"href":"https:\/\/highlife420.cz\/sk\/wp-json\/wp\/v2\/types\/product"}],"wp:featuredmedia":[{"embeddable":true,"href":"https:\/\/highlife420.cz\/sk\/wp-json\/wp\/v2\/media\/6811"}],"wp:attachment":[{"href":"https:\/\/highlife420.cz\/sk\/wp-json\/wp\/v2\/media?parent=6793"}],"wp:term":[{"taxonomy":"product_brand","embeddable":true,"href":"https:\/\/highlife420.cz\/sk\/wp-json\/wp\/v2\/product_brand?post=6793"},{"taxonomy":"product_cat","embeddable":true,"href":"https:\/\/highlife420.cz\/sk\/wp-json\/wp\/v2\/product_cat?post=6793"},{"taxonomy":"product_tag","embeddable":true,"href":"https:\/\/highlife420.cz\/sk\/wp-json\/wp\/v2\/product_tag?post=6793"}],"curies":[{"name":"wp","href":"https:\/\/api.w.org\/{rel}","templated":true}]}}