{"id":6727,"date":"2024-06-25T15:35:45","date_gmt":"2024-06-25T13:35:45","guid":{"rendered":"https:\/\/highlife420.cz\/?post_type=product&#038;p=6727"},"modified":"2025-07-18T19:33:46","modified_gmt":"2025-07-18T17:33:46","slug":"hl-space-bag-protipachova-taska","status":"publish","type":"product","link":"https:\/\/highlife420.cz\/sk\/obchod\/hl-space-bag-protipachova-taska\/","title":{"rendered":"HL SPACE BAG &#8211; Protipachov\u00e1 ta\u0161ka"},"content":{"rendered":"<h3 style=\"text-align: center;\"><strong>HL SPACE BAG &#8211; Protipachov\u00e1 ta\u0161ka<\/strong><\/h3>\n<p style=\"text-align: center;\">Chce\u0161 sv\u00e9\u00a0 konop\u00ed p\u0159en\u00e1\u0161et diskr\u00e9tn\u011b, ani\u017e by to vzbudilo necht\u011bnou pozornost? M\u00e1me pro tebe ide\u00e1ln\u00ed \u0159e\u0161en\u00ed! Na\u0161e technologicky pokro\u010dil\u00e1 \u201esmell proof\u201c ta\u0161ti\u010dka\u00a0 je odoln\u00e1 proti pach\u016fm, vod\u011b i necht\u011bn\u00e9mu otev\u0159en\u00ed.<\/p>\n<p style=\"text-align: center;\">Nepropust\u00ed ani \u0161petku jak\u00e9hokoliv aroma !<\/p>\n<p style=\"text-align: center;\">Tato ta\u0161ka 2v1 nab\u00edz\u00ed flexibilitu no\u0161en\u00ed: m\u016f\u017ee\u0161 ji nosit jako batoh nebo jako dust bag okolo t\u011bla.<\/p>\n<p style=\"text-align: center;\">Ta\u0161ka je vyroben\u00e1 z velmi odoln\u00e9ho materi\u00e1l\u016f a n\u011bkolika filtra\u010dn\u00edch tkanin.<\/p>\n<p style=\"text-align: center;\">Pro zv\u00fd\u0161enou bezpe\u010dnost je vybavena speci\u00e1ln\u00edm z\u00e1mkem s pin k\u00f3dem.<\/p>\n<p style=\"text-align: center;\">Aktivn\u00ed uhl\u00ed, kter\u00e9 100% pohlcuje z\u00e1pach<br \/>\nVodot\u011bsn\u00fd zip s gumovou vlo\u017ekou<br \/>\nSpeci\u00e1ln\u00ed z\u00e1mek s pin k\u00f3dem<\/p>\n<p>&nbsp;<\/p>\n","protected":false},"excerpt":{"rendered":"<p>HL SPACE BAG &#8211; Protipachov\u00e1 ta\u0161ka Chce\u0161 sv\u00e9\u00a0 konop\u00ed p\u0159en\u00e1\u0161et diskr\u00e9tn\u011b, ani\u017e by to vzbudilo necht\u011bnou pozornost? M\u00e1me pro tebe<\/p>\n","protected":false},"featured_media":6735,"template":"","meta":[],"product_brand":[],"product_cat":[18,96],"product_tag":[],"class_list":{"0":"post-6727","1":"product","2":"type-product","3":"status-publish","4":"has-post-thumbnail","6":"product_cat-brand","7":"product_cat-doplnky","9":"first","10":"instock","11":"sale","12":"taxable","13":"shipping-taxable","14":"purchasable","15":"product-type-simple"},"yoast_head":"<!-- This site is optimized with the Yoast SEO plugin v19.6.1 - https:\/\/yoast.com\/wordpress\/plugins\/seo\/ -->\n<title>HL SPACE BAG - Protipachov\u00e1 ta\u0161ka - HIGHLIFE420<\/title>\n<meta name=\"description\" content=\"Chce\u0161 sv\u00e9\u00a0 konop\u00ed p\u0159en\u00e1\u0161et diskr\u00e9tn\u011b, ani\u017e by to vzbudilo necht\u011bnou pozornost? M\u00e1me pro tebe ide\u00e1ln\u00ed \u0159e\u0161en\u00ed! Na\u0161e technologicky pokro\u010dil\u00e1 \u201esmell proof\u201c ta\u0161ka\" \/>\n<meta name=\"robots\" content=\"index, follow, max-snippet:-1, max-image-preview:large, max-video-preview:-1\" \/>\n<link rel=\"canonical\" href=\"https:\/\/highlife420.cz\/sk\/obchod\/hl-space-bag-protipachova-taska\/\" \/>\n<meta property=\"og:locale\" content=\"sk_SK\" \/>\n<meta property=\"og:type\" content=\"article\" \/>\n<meta property=\"og:title\" content=\"HL SPACE BAG - Protipachov\u00e1 ta\u0161ka - HIGHLIFE420\" \/>\n<meta property=\"og:description\" content=\"Chce\u0161 sv\u00e9\u00a0 konop\u00ed p\u0159en\u00e1\u0161et diskr\u00e9tn\u011b, ani\u017e by to vzbudilo necht\u011bnou pozornost? M\u00e1me pro tebe ide\u00e1ln\u00ed \u0159e\u0161en\u00ed! Na\u0161e technologicky pokro\u010dil\u00e1 \u201esmell proof\u201c ta\u0161ka\" \/>\n<meta property=\"og:url\" content=\"https:\/\/highlife420.cz\/sk\/obchod\/hl-space-bag-protipachova-taska\/\" \/>\n<meta property=\"og:site_name\" content=\"HIGHLIFE420\" \/>\n<meta property=\"article:modified_time\" content=\"2025-07-18T17:33:46+00:00\" \/>\n<meta property=\"og:image\" content=\"https:\/\/highlife420.cz\/wp-content\/uploads\/IMG_5381-scaled.jpg\" \/>\n\t<meta property=\"og:image:width\" content=\"1920\" \/>\n\t<meta property=\"og:image:height\" content=\"2560\" \/>\n\t<meta property=\"og:image:type\" content=\"image\/jpeg\" \/>\n<meta name=\"twitter:card\" content=\"summary_large_image\" \/>\n<script type=\"application\/ld+json\" class=\"yoast-schema-graph\">{\"@context\":\"https:\/\/schema.org\",\"@graph\":[{\"@type\":[\"WebPage\",\"ItemPage\"],\"@id\":\"https:\/\/highlife420.cz\/sk\/obchod\/hl-space-bag-protipachova-taska\/\",\"url\":\"https:\/\/highlife420.cz\/sk\/obchod\/hl-space-bag-protipachova-taska\/\",\"name\":\"HL SPACE BAG - Protipachov\u00e1 ta\u0161ka - HIGHLIFE420\",\"isPartOf\":{\"@id\":\"https:\/\/highlife420.cz\/sk\/#website\"},\"datePublished\":\"2024-06-25T13:35:45+00:00\",\"dateModified\":\"2025-07-18T17:33:46+00:00\",\"description\":\"Chce\u0161 sv\u00e9\u00a0 konop\u00ed p\u0159en\u00e1\u0161et diskr\u00e9tn\u011b, ani\u017e by to vzbudilo necht\u011bnou pozornost? M\u00e1me pro tebe ide\u00e1ln\u00ed \u0159e\u0161en\u00ed! Na\u0161e technologicky pokro\u010dil\u00e1 \u201esmell proof\u201c ta\u0161ka\",\"breadcrumb\":{\"@id\":\"https:\/\/highlife420.cz\/sk\/obchod\/hl-space-bag-protipachova-taska\/#breadcrumb\"},\"inLanguage\":\"sk-SK\",\"potentialAction\":[{\"@type\":\"ReadAction\",\"target\":[\"https:\/\/highlife420.cz\/sk\/obchod\/hl-space-bag-protipachova-taska\/\"]}]},{\"@type\":\"BreadcrumbList\",\"@id\":\"https:\/\/highlife420.cz\/sk\/obchod\/hl-space-bag-protipachova-taska\/#breadcrumb\",\"itemListElement\":[{\"@type\":\"ListItem\",\"position\":1,\"name\":\"Dom\u016f\",\"item\":\"https:\/\/highlife420.cz\/sk\/\"},{\"@type\":\"ListItem\",\"position\":2,\"name\":\"Obchod\",\"item\":\"https:\/\/highlife420.cz\/sk\/obchod\/\"},{\"@type\":\"ListItem\",\"position\":3,\"name\":\"HL SPACE BAG &#8211; Protipachov\u00e1 ta\u0161ka\"}]},{\"@type\":\"WebSite\",\"@id\":\"https:\/\/highlife420.cz\/sk\/#website\",\"url\":\"https:\/\/highlife420.cz\/sk\/\",\"name\":\"HIGHLIFE420\",\"description\":\"\",\"publisher\":{\"@id\":\"https:\/\/highlife420.cz\/sk\/#organization\"},\"potentialAction\":[{\"@type\":\"SearchAction\",\"target\":{\"@type\":\"EntryPoint\",\"urlTemplate\":\"https:\/\/highlife420.cz\/sk\/?s={search_term_string}\"},\"query-input\":\"required name=search_term_string\"}],\"inLanguage\":\"sk-SK\"},{\"@type\":\"Organization\",\"@id\":\"https:\/\/highlife420.cz\/sk\/#organization\",\"name\":\"High Life 420\",\"url\":\"https:\/\/highlife420.cz\/sk\/\",\"sameAs\":[\"https:\/\/www.instagram.com\/hilife420cz\/\"],\"logo\":{\"@type\":\"ImageObject\",\"inLanguage\":\"sk-SK\",\"@id\":\"https:\/\/highlife420.cz\/sk\/#\/schema\/logo\/image\/\",\"url\":\"https:\/\/highlife420.cz\/wp-content\/uploads\/logo-dark.svg\",\"contentUrl\":\"https:\/\/highlife420.cz\/wp-content\/uploads\/logo-dark.svg\",\"width\":290,\"height\":44,\"caption\":\"High Life 420\"},\"image\":{\"@id\":\"https:\/\/highlife420.cz\/sk\/#\/schema\/logo\/image\/\"}}]}<\/script>\n<meta property=\"product:price:amount\" content=\"799.0\" \/>\n<meta property=\"product:price:currency\" content=\"CZK\" \/>\n<meta property=\"og:availability\" content=\"instock\" \/>\n<meta property=\"product:availability\" content=\"instock\" \/>\n<meta property=\"product:condition\" content=\"new\" \/>\n<!-- \/ Yoast SEO plugin. -->","yoast_head_json":{"title":"HL SPACE BAG - Protipachov\u00e1 ta\u0161ka - HIGHLIFE420","description":"Chce\u0161 sv\u00e9\u00a0 konop\u00ed p\u0159en\u00e1\u0161et diskr\u00e9tn\u011b, ani\u017e by to vzbudilo necht\u011bnou pozornost? M\u00e1me pro tebe ide\u00e1ln\u00ed \u0159e\u0161en\u00ed! Na\u0161e technologicky pokro\u010dil\u00e1 \u201esmell proof\u201c ta\u0161ka","robots":{"index":"index","follow":"follow","max-snippet":"max-snippet:-1","max-image-preview":"max-image-preview:large","max-video-preview":"max-video-preview:-1"},"canonical":"https:\/\/highlife420.cz\/sk\/obchod\/hl-space-bag-protipachova-taska\/","og_locale":"sk_SK","og_type":"article","og_title":"HL SPACE BAG - Protipachov\u00e1 ta\u0161ka - HIGHLIFE420","og_description":"Chce\u0161 sv\u00e9\u00a0 konop\u00ed p\u0159en\u00e1\u0161et diskr\u00e9tn\u011b, ani\u017e by to vzbudilo necht\u011bnou pozornost? M\u00e1me pro tebe ide\u00e1ln\u00ed \u0159e\u0161en\u00ed! Na\u0161e technologicky pokro\u010dil\u00e1 \u201esmell proof\u201c ta\u0161ka","og_url":"https:\/\/highlife420.cz\/sk\/obchod\/hl-space-bag-protipachova-taska\/","og_site_name":"HIGHLIFE420","article_modified_time":"2025-07-18T17:33:46+00:00","og_image":[{"width":1920,"height":2560,"url":"https:\/\/highlife420.cz\/wp-content\/uploads\/IMG_5381-scaled.jpg","type":"image\/jpeg"}],"twitter_card":"summary_large_image","schema":{"@context":"https:\/\/schema.org","@graph":[{"@type":["WebPage","ItemPage"],"@id":"https:\/\/highlife420.cz\/sk\/obchod\/hl-space-bag-protipachova-taska\/","url":"https:\/\/highlife420.cz\/sk\/obchod\/hl-space-bag-protipachova-taska\/","name":"HL SPACE BAG - Protipachov\u00e1 ta\u0161ka - HIGHLIFE420","isPartOf":{"@id":"https:\/\/highlife420.cz\/sk\/#website"},"datePublished":"2024-06-25T13:35:45+00:00","dateModified":"2025-07-18T17:33:46+00:00","description":"Chce\u0161 sv\u00e9\u00a0 konop\u00ed p\u0159en\u00e1\u0161et diskr\u00e9tn\u011b, ani\u017e by to vzbudilo necht\u011bnou pozornost? M\u00e1me pro tebe ide\u00e1ln\u00ed \u0159e\u0161en\u00ed! Na\u0161e technologicky pokro\u010dil\u00e1 \u201esmell proof\u201c ta\u0161ka","breadcrumb":{"@id":"https:\/\/highlife420.cz\/sk\/obchod\/hl-space-bag-protipachova-taska\/#breadcrumb"},"inLanguage":"sk-SK","potentialAction":[{"@type":"ReadAction","target":["https:\/\/highlife420.cz\/sk\/obchod\/hl-space-bag-protipachova-taska\/"]}]},{"@type":"BreadcrumbList","@id":"https:\/\/highlife420.cz\/sk\/obchod\/hl-space-bag-protipachova-taska\/#breadcrumb","itemListElement":[{"@type":"ListItem","position":1,"name":"Dom\u016f","item":"https:\/\/highlife420.cz\/sk\/"},{"@type":"ListItem","position":2,"name":"Obchod","item":"https:\/\/highlife420.cz\/sk\/obchod\/"},{"@type":"ListItem","position":3,"name":"HL SPACE BAG &#8211; Protipachov\u00e1 ta\u0161ka"}]},{"@type":"WebSite","@id":"https:\/\/highlife420.cz\/sk\/#website","url":"https:\/\/highlife420.cz\/sk\/","name":"HIGHLIFE420","description":"","publisher":{"@id":"https:\/\/highlife420.cz\/sk\/#organization"},"potentialAction":[{"@type":"SearchAction","target":{"@type":"EntryPoint","urlTemplate":"https:\/\/highlife420.cz\/sk\/?s={search_term_string}"},"query-input":"required name=search_term_string"}],"inLanguage":"sk-SK"},{"@type":"Organization","@id":"https:\/\/highlife420.cz\/sk\/#organization","name":"High Life 420","url":"https:\/\/highlife420.cz\/sk\/","sameAs":["https:\/\/www.instagram.com\/hilife420cz\/"],"logo":{"@type":"ImageObject","inLanguage":"sk-SK","@id":"https:\/\/highlife420.cz\/sk\/#\/schema\/logo\/image\/","url":"https:\/\/highlife420.cz\/wp-content\/uploads\/logo-dark.svg","contentUrl":"https:\/\/highlife420.cz\/wp-content\/uploads\/logo-dark.svg","width":290,"height":44,"caption":"High Life 420"},"image":{"@id":"https:\/\/highlife420.cz\/sk\/#\/schema\/logo\/image\/"}}]},"product_price_amount":"799.0","product_price_currency":"CZK","og_availability":"instock","product_availability":"instock","product_condition":"new"},"_links":{"self":[{"href":"https:\/\/highlife420.cz\/sk\/wp-json\/wp\/v2\/product\/6727","targetHints":{"allow":["GET"]}}],"collection":[{"href":"https:\/\/highlife420.cz\/sk\/wp-json\/wp\/v2\/product"}],"about":[{"href":"https:\/\/highlife420.cz\/sk\/wp-json\/wp\/v2\/types\/product"}],"wp:featuredmedia":[{"embeddable":true,"href":"https:\/\/highlife420.cz\/sk\/wp-json\/wp\/v2\/media\/6735"}],"wp:attachment":[{"href":"https:\/\/highlife420.cz\/sk\/wp-json\/wp\/v2\/media?parent=6727"}],"wp:term":[{"taxonomy":"product_brand","embeddable":true,"href":"https:\/\/highlife420.cz\/sk\/wp-json\/wp\/v2\/product_brand?post=6727"},{"taxonomy":"product_cat","embeddable":true,"href":"https:\/\/highlife420.cz\/sk\/wp-json\/wp\/v2\/product_cat?post=6727"},{"taxonomy":"product_tag","embeddable":true,"href":"https:\/\/highlife420.cz\/sk\/wp-json\/wp\/v2\/product_tag?post=6727"}],"curies":[{"name":"wp","href":"https:\/\/api.w.org\/{rel}","templated":true}]}}