{"id":6677,"date":"2024-05-13T12:21:31","date_gmt":"2024-05-13T10:21:31","guid":{"rendered":"https:\/\/highlife420.cz\/obchod\/nezaraden\u00e9\/stylova-ksiltovka-highlife420-space-program\/"},"modified":"2024-07-04T12:25:09","modified_gmt":"2024-07-04T10:25:09","slug":"stylova-ksiltovka-highlife420-space-program","status":"publish","type":"product","link":"https:\/\/highlife420.cz\/sk\/obchod\/stylova-ksiltovka-highlife420-space-program\/","title":{"rendered":"K\u0161iltovka HIGHLIFE420 SPACE PROGRAM"},"content":{"rendered":"<h1 style=\"text-align: center;\"><strong>\u0160t\u00fdlov\u00e1 \u0161iltovka HIGHLIFE420 z kolekcie SPACE PROGRAM<\/strong><\/h1>\n<p style=\"text-align: center;\">Bu\u010fte s\u00fa\u010das\u0165ou exkluz\u00edvneho klubu s na\u0161ou limitovanou ed\u00edciou \u0161iltovky HIGHLIFE420 z kolekcie SPACE PROGRAM. T\u00e1to \u0161iltovka je nielen praktick\u00fdm doplnkom va\u0161ej ka\u017edodennej v\u00fdbavy, ale taktie\u017e vyjadruje va\u0161u v\u00e1\u0161e\u0148 pre kryptomeny a \u017eivotn\u00fd \u0161t\u00fdl spojen\u00fd s nimi.<\/p>\n<h4 style=\"text-align: center;\"><strong>\u0160pecifik\u00e1cia:<\/strong><\/h4>\n<p style=\"text-align: center;\"><strong>Dizajn:<\/strong> \u0160iltovka s modern\u00fdm a \u0161t\u00fdlov\u00fdm dizajnom, ktor\u00fa zdob\u00ed ikonick\u00e9 HIGHLIFE420 logo.<\/p>\n<p style=\"text-align: center;\"><strong>Materi\u00e1l<\/strong>: Vysoko kvalitn\u00fd materi\u00e1l zaru\u010duje pohodlie a trvanlivos\u0165.<\/p>\n<p style=\"text-align: center;\"><strong>Ve\u013ekos\u0165:<\/strong> Univerz\u00e1lna ve\u013ekos\u0165 so s\u0165ahovac\u00edm p\u00e1sikom pre perfektn\u00e9 prisp\u00f4sobenie.<\/p>\n<p style=\"text-align: center;\"><strong>Limitovan\u00fd Po\u010det<\/strong>: Iba obmedzen\u00fd po\u010det kusov k dispoz\u00edcii, \u010d\u00edm sa zais\u0165uje exkluzivita.<\/p>\n<p style=\"text-align: center;\">\n<p style=\"text-align: center;\">\nPre\u010do si vybra\u0165 \u0160iltovku HIGHLIFE420 z kolekcie SPACE PROGRAM:<\/p>\n<p style=\"text-align: center;\">Unik\u00e1tny Design: Origin\u00e1lny design, ktor\u00fd okam\u017eite up\u00fata pozornos\u0165.<\/p>\n<p style=\"text-align: center;\"><strong>Kvalitn\u00fd Materi\u00e1l:<\/strong> Vyroben\u00e9 zo \u0161pi\u010dkov\u00fdch materi\u00e1lov pre dlhotrvaj\u00face pohodlie.<\/p>\n<p style=\"text-align: center;\"><strong>Vyjadrenie Identity:<\/strong> Vyjadrujte svoju podporu pre kryptomeny a prepojte sa s komunitou HL420 CRYPTO CLUB.<\/p>\n<p style=\"text-align: center;\">Pridajte \u0161t\u00fdlov\u00fa \u0161iltovku HIGHLIFE420 do svojej zbierky a bu\u010fte jedn\u00fdm z m\u00e1la, ktor\u00ed si m\u00f4\u017eu privlastni\u0165 tento exkluz\u00edvny k\u00fasok. Nezabudnite, \u017ee mno\u017estvo je obmedzen\u00e9, tak\u017ee si svoju \u0161iltovku z kolekcie Crypto Club z\u00edskajte \u010do najsk\u00f4r!<\/p>\n","protected":false},"excerpt":{"rendered":"<p>\u0160t\u00fdlov\u00e1 \u0161iltovka HIGHLIFE420 z kolekcie SPACE PROGRAM Bu\u010fte s\u00fa\u010das\u0165ou exkluz\u00edvneho klubu s na\u0161ou limitovanou ed\u00edciou \u0161iltovky HIGHLIFE420 z kolekcie SPACE<\/p>\n","protected":false},"featured_media":6670,"template":"","meta":[],"product_brand":[],"product_cat":[18,65,15],"product_tag":[],"class_list":{"0":"post-6677","1":"product","2":"type-product","3":"status-publish","4":"has-post-thumbnail","6":"product_cat-brand","8":"product_cat-nezarazene","10":"first","11":"instock","12":"taxable","13":"shipping-taxable","14":"purchasable","15":"product-type-simple"},"yoast_head":"<!-- This site is optimized with the Yoast SEO plugin v19.6.1 - https:\/\/yoast.com\/wordpress\/plugins\/seo\/ -->\n<title>K\u0161iltovka HIGHLIFE420 SPACE PROGRAM - HIGHLIFE420<\/title>\n<meta name=\"description\" content=\"Pridajte \u0161t\u00fdlov\u00fa \u0161iltovku HIGHLIFE420 do svojej zbierky a bu\u010fte jedn\u00fdm z m\u00e1la, ktor\u00ed si m\u00f4\u017eu privlastni\u0165 t\u00fato exkluz\u00edvnu s\u00fa\u010diastku.\" \/>\n<meta name=\"robots\" content=\"index, follow, max-snippet:-1, max-image-preview:large, max-video-preview:-1\" \/>\n<link rel=\"canonical\" href=\"https:\/\/highlife420.cz\/sk\/obchod\/stylova-ksiltovka-highlife420-space-program\/\" \/>\n<meta property=\"og:locale\" content=\"sk_SK\" \/>\n<meta property=\"og:type\" content=\"article\" \/>\n<meta property=\"og:title\" content=\"K\u0161iltovka HIGHLIFE420 SPACE PROGRAM - HIGHLIFE420\" \/>\n<meta property=\"og:description\" content=\"Pridajte \u0161t\u00fdlov\u00fa \u0161iltovku HIGHLIFE420 do svojej zbierky a bu\u010fte jedn\u00fdm z m\u00e1la, ktor\u00ed si m\u00f4\u017eu privlastni\u0165 t\u00fato exkluz\u00edvnu s\u00fa\u010diastku.\" \/>\n<meta property=\"og:url\" content=\"https:\/\/highlife420.cz\/sk\/obchod\/stylova-ksiltovka-highlife420-space-program\/\" \/>\n<meta property=\"og:site_name\" content=\"HIGHLIFE420\" \/>\n<meta property=\"article:modified_time\" content=\"2024-07-04T10:25:09+00:00\" \/>\n<meta property=\"og:image\" content=\"https:\/\/highlife420.cz\/wp-content\/uploads\/IMG_5039-scaled.jpg\" \/>\n\t<meta property=\"og:image:width\" content=\"1920\" \/>\n\t<meta property=\"og:image:height\" content=\"2560\" \/>\n\t<meta property=\"og:image:type\" content=\"image\/jpeg\" \/>\n<meta name=\"twitter:card\" content=\"summary_large_image\" \/>\n<script type=\"application\/ld+json\" class=\"yoast-schema-graph\">{\"@context\":\"https:\/\/schema.org\",\"@graph\":[{\"@type\":[\"WebPage\",\"ItemPage\"],\"@id\":\"https:\/\/highlife420.cz\/sk\/obchod\/stylova-ksiltovka-highlife420-space-program\/\",\"url\":\"https:\/\/highlife420.cz\/sk\/obchod\/stylova-ksiltovka-highlife420-space-program\/\",\"name\":\"K\u0161iltovka HIGHLIFE420 SPACE PROGRAM - HIGHLIFE420\",\"isPartOf\":{\"@id\":\"https:\/\/highlife420.cz\/sk\/#website\"},\"datePublished\":\"2024-05-13T10:21:31+00:00\",\"dateModified\":\"2024-07-04T10:25:09+00:00\",\"description\":\"Pridajte \u0161t\u00fdlov\u00fa \u0161iltovku HIGHLIFE420 do svojej zbierky a bu\u010fte jedn\u00fdm z m\u00e1la, ktor\u00ed si m\u00f4\u017eu privlastni\u0165 t\u00fato exkluz\u00edvnu s\u00fa\u010diastku.\",\"breadcrumb\":{\"@id\":\"https:\/\/highlife420.cz\/sk\/obchod\/stylova-ksiltovka-highlife420-space-program\/#breadcrumb\"},\"inLanguage\":\"sk-SK\",\"potentialAction\":[{\"@type\":\"ReadAction\",\"target\":[\"https:\/\/highlife420.cz\/sk\/obchod\/stylova-ksiltovka-highlife420-space-program\/\"]}]},{\"@type\":\"BreadcrumbList\",\"@id\":\"https:\/\/highlife420.cz\/sk\/obchod\/stylova-ksiltovka-highlife420-space-program\/#breadcrumb\",\"itemListElement\":[{\"@type\":\"ListItem\",\"position\":1,\"name\":\"Dom\u016f\",\"item\":\"https:\/\/highlife420.cz\/sk\/\"},{\"@type\":\"ListItem\",\"position\":2,\"name\":\"Obchod\",\"item\":\"https:\/\/highlife420.cz\/sk\/obchod\/\"},{\"@type\":\"ListItem\",\"position\":3,\"name\":\"K\u0161iltovka HIGHLIFE420 SPACE PROGRAM\"}]},{\"@type\":\"WebSite\",\"@id\":\"https:\/\/highlife420.cz\/sk\/#website\",\"url\":\"https:\/\/highlife420.cz\/sk\/\",\"name\":\"HIGHLIFE420\",\"description\":\"\",\"publisher\":{\"@id\":\"https:\/\/highlife420.cz\/sk\/#organization\"},\"potentialAction\":[{\"@type\":\"SearchAction\",\"target\":{\"@type\":\"EntryPoint\",\"urlTemplate\":\"https:\/\/highlife420.cz\/sk\/?s={search_term_string}\"},\"query-input\":\"required name=search_term_string\"}],\"inLanguage\":\"sk-SK\"},{\"@type\":\"Organization\",\"@id\":\"https:\/\/highlife420.cz\/sk\/#organization\",\"name\":\"High Life 420\",\"url\":\"https:\/\/highlife420.cz\/sk\/\",\"sameAs\":[\"https:\/\/www.instagram.com\/hilife420cz\/\"],\"logo\":{\"@type\":\"ImageObject\",\"inLanguage\":\"sk-SK\",\"@id\":\"https:\/\/highlife420.cz\/sk\/#\/schema\/logo\/image\/\",\"url\":\"https:\/\/highlife420.cz\/wp-content\/uploads\/logo-dark.svg\",\"contentUrl\":\"https:\/\/highlife420.cz\/wp-content\/uploads\/logo-dark.svg\",\"width\":290,\"height\":44,\"caption\":\"High Life 420\"},\"image\":{\"@id\":\"https:\/\/highlife420.cz\/sk\/#\/schema\/logo\/image\/\"}}]}<\/script>\n<meta property=\"product:price:amount\" content=\"690.0\" \/>\n<meta property=\"product:price:currency\" content=\"CZK\" \/>\n<meta property=\"og:availability\" content=\"instock\" \/>\n<meta property=\"product:availability\" content=\"instock\" \/>\n<meta property=\"product:condition\" content=\"new\" \/>\n<!-- \/ Yoast SEO plugin. -->","yoast_head_json":{"title":"K\u0161iltovka HIGHLIFE420 SPACE PROGRAM - HIGHLIFE420","description":"Pridajte \u0161t\u00fdlov\u00fa \u0161iltovku HIGHLIFE420 do svojej zbierky a bu\u010fte jedn\u00fdm z m\u00e1la, ktor\u00ed si m\u00f4\u017eu privlastni\u0165 t\u00fato exkluz\u00edvnu s\u00fa\u010diastku.","robots":{"index":"index","follow":"follow","max-snippet":"max-snippet:-1","max-image-preview":"max-image-preview:large","max-video-preview":"max-video-preview:-1"},"canonical":"https:\/\/highlife420.cz\/sk\/obchod\/stylova-ksiltovka-highlife420-space-program\/","og_locale":"sk_SK","og_type":"article","og_title":"K\u0161iltovka HIGHLIFE420 SPACE PROGRAM - HIGHLIFE420","og_description":"Pridajte \u0161t\u00fdlov\u00fa \u0161iltovku HIGHLIFE420 do svojej zbierky a bu\u010fte jedn\u00fdm z m\u00e1la, ktor\u00ed si m\u00f4\u017eu privlastni\u0165 t\u00fato exkluz\u00edvnu s\u00fa\u010diastku.","og_url":"https:\/\/highlife420.cz\/sk\/obchod\/stylova-ksiltovka-highlife420-space-program\/","og_site_name":"HIGHLIFE420","article_modified_time":"2024-07-04T10:25:09+00:00","og_image":[{"width":1920,"height":2560,"url":"https:\/\/highlife420.cz\/wp-content\/uploads\/IMG_5039-scaled.jpg","type":"image\/jpeg"}],"twitter_card":"summary_large_image","schema":{"@context":"https:\/\/schema.org","@graph":[{"@type":["WebPage","ItemPage"],"@id":"https:\/\/highlife420.cz\/sk\/obchod\/stylova-ksiltovka-highlife420-space-program\/","url":"https:\/\/highlife420.cz\/sk\/obchod\/stylova-ksiltovka-highlife420-space-program\/","name":"K\u0161iltovka HIGHLIFE420 SPACE PROGRAM - HIGHLIFE420","isPartOf":{"@id":"https:\/\/highlife420.cz\/sk\/#website"},"datePublished":"2024-05-13T10:21:31+00:00","dateModified":"2024-07-04T10:25:09+00:00","description":"Pridajte \u0161t\u00fdlov\u00fa \u0161iltovku HIGHLIFE420 do svojej zbierky a bu\u010fte jedn\u00fdm z m\u00e1la, ktor\u00ed si m\u00f4\u017eu privlastni\u0165 t\u00fato exkluz\u00edvnu s\u00fa\u010diastku.","breadcrumb":{"@id":"https:\/\/highlife420.cz\/sk\/obchod\/stylova-ksiltovka-highlife420-space-program\/#breadcrumb"},"inLanguage":"sk-SK","potentialAction":[{"@type":"ReadAction","target":["https:\/\/highlife420.cz\/sk\/obchod\/stylova-ksiltovka-highlife420-space-program\/"]}]},{"@type":"BreadcrumbList","@id":"https:\/\/highlife420.cz\/sk\/obchod\/stylova-ksiltovka-highlife420-space-program\/#breadcrumb","itemListElement":[{"@type":"ListItem","position":1,"name":"Dom\u016f","item":"https:\/\/highlife420.cz\/sk\/"},{"@type":"ListItem","position":2,"name":"Obchod","item":"https:\/\/highlife420.cz\/sk\/obchod\/"},{"@type":"ListItem","position":3,"name":"K\u0161iltovka HIGHLIFE420 SPACE PROGRAM"}]},{"@type":"WebSite","@id":"https:\/\/highlife420.cz\/sk\/#website","url":"https:\/\/highlife420.cz\/sk\/","name":"HIGHLIFE420","description":"","publisher":{"@id":"https:\/\/highlife420.cz\/sk\/#organization"},"potentialAction":[{"@type":"SearchAction","target":{"@type":"EntryPoint","urlTemplate":"https:\/\/highlife420.cz\/sk\/?s={search_term_string}"},"query-input":"required name=search_term_string"}],"inLanguage":"sk-SK"},{"@type":"Organization","@id":"https:\/\/highlife420.cz\/sk\/#organization","name":"High Life 420","url":"https:\/\/highlife420.cz\/sk\/","sameAs":["https:\/\/www.instagram.com\/hilife420cz\/"],"logo":{"@type":"ImageObject","inLanguage":"sk-SK","@id":"https:\/\/highlife420.cz\/sk\/#\/schema\/logo\/image\/","url":"https:\/\/highlife420.cz\/wp-content\/uploads\/logo-dark.svg","contentUrl":"https:\/\/highlife420.cz\/wp-content\/uploads\/logo-dark.svg","width":290,"height":44,"caption":"High Life 420"},"image":{"@id":"https:\/\/highlife420.cz\/sk\/#\/schema\/logo\/image\/"}}]},"product_price_amount":"690.0","product_price_currency":"CZK","og_availability":"instock","product_availability":"instock","product_condition":"new"},"_links":{"self":[{"href":"https:\/\/highlife420.cz\/sk\/wp-json\/wp\/v2\/product\/6677","targetHints":{"allow":["GET"]}}],"collection":[{"href":"https:\/\/highlife420.cz\/sk\/wp-json\/wp\/v2\/product"}],"about":[{"href":"https:\/\/highlife420.cz\/sk\/wp-json\/wp\/v2\/types\/product"}],"wp:featuredmedia":[{"embeddable":true,"href":"https:\/\/highlife420.cz\/sk\/wp-json\/wp\/v2\/media\/6670"}],"wp:attachment":[{"href":"https:\/\/highlife420.cz\/sk\/wp-json\/wp\/v2\/media?parent=6677"}],"wp:term":[{"taxonomy":"product_brand","embeddable":true,"href":"https:\/\/highlife420.cz\/sk\/wp-json\/wp\/v2\/product_brand?post=6677"},{"taxonomy":"product_cat","embeddable":true,"href":"https:\/\/highlife420.cz\/sk\/wp-json\/wp\/v2\/product_cat?post=6677"},{"taxonomy":"product_tag","embeddable":true,"href":"https:\/\/highlife420.cz\/sk\/wp-json\/wp\/v2\/product_tag?post=6677"}],"curies":[{"name":"wp","href":"https:\/\/api.w.org\/{rel}","templated":true}]}}