{"id":6113,"date":"2023-10-05T12:03:54","date_gmt":"2023-10-05T10:03:54","guid":{"rendered":"https:\/\/highlife420.cz\/obchod\/nezaraden\u00e9\/highlife420-essentials-long-sleeve\/"},"modified":"2024-08-05T21:37:56","modified_gmt":"2024-08-05T19:37:56","slug":"highlife420-essentials-long-sleeve","status":"publish","type":"product","link":"https:\/\/highlife420.cz\/sk\/obchod\/highlife420-essentials-long-sleeve\/","title":{"rendered":"HIGHLIFE420 ESSENTIALS LONG SLEEVE"},"content":{"rendered":"<p style=\"text-align: center;\" data-mce-style=\"text-align: center;\">HIGHLIFE420 ESSENTIALS LONG SLEEVE je viac ne\u017e len oble\u010denie, je to v\u00fdraz \u017eivotn\u00e9ho \u0161t\u00fdlu. Pre t\u00fdch, ktor\u00ed uprednost\u0148uj\u00fa kvalitu je toto tri\u010dko absol\u00fatne nevyhnutn\u00fdm doplnkom do \u0161atn\u00edka. Ka\u017ed\u00fd detail bol starostlivo premyslen\u00fd tak, aby v\u00e1m priniesol dokonal\u00e9 spojenie pohodlia a \u0161pi\u010dkov\u00e9ho \u0161t\u00fdlu.<\/p>\n<p style=\"text-align: center;\" data-mce-style=\"text-align: center;\">Toto tri\u010dko je vyroben\u00e9 zo 100% bavlny, \u010do zais\u0165uje, \u017ee na va\u0161ej poko\u017eke budete c\u00edti\u0165 len to najjemnej\u0161ie a najpr\u00edjemnej\u0161ie dotyky, toto tri\u010dko v\u00e1m umo\u017en\u00ed vyjadri\u0165 v\u00e1\u0161 nezamenite\u013en\u00fd \u0161t\u00fdl.<\/p>\n<p style=\"text-align: center;\" data-mce-style=\"text-align: center;\">Dizajn tri\u010dka HIGHLIFE420 ESSENTIAL LONG SLEEVE je jednoduch\u00fd, ale z\u00e1rove\u0148 v\u00fdrazn\u00fd. Logo \u201eHIGHLIFE\u201c na hrudi je symbolom pre t\u00fdch, ktor\u00ed si u\u017e\u00edvaj\u00fa \u017eivot naplno a bez kompromisov.<\/p>\n<p style=\"text-align: center;\" data-mce-style=\"text-align: center;\">Je to tri\u010dko, ktor\u00e9 v\u00e1s spoj\u00ed s komunitou \u013eud\u00ed, ktor\u00ed zdie\u013eaj\u00fa rovnak\u00fd pr\u00edstup k m\u00f3dnemu svetu a \u017eivotn\u00e9mu \u0161t\u00fdlu.<\/p>\n<p style=\"text-align: center;\" data-mce-style=\"text-align: center;\">Ke\u010f nos\u00edte toto tri\u010dko, nenos\u00edte len oble\u010denie! Ste s\u00fa\u010das\u0165ou kult\u00fary, ktor\u00e1 ver\u00ed v kvalitu, \u0161t\u00fdl a autentickos\u0165. Ka\u017ed\u00fdm nosen\u00edm tri\u010dka HIGHLIFE420 ESSENTIAL LONG SLEEVE vyjadrujete svoju oddanos\u0165 tomuto \u017eivotn\u00e9mu \u0161t\u00fdlu a svoju t\u00fa\u017ebu by\u0165 vpredu s najnov\u0161\u00edmi trendmi.<\/p>\n<p style=\"text-align: center;\" data-mce-style=\"text-align: center;\">Tak\u017ee nez\u00e1le\u017e\u00ed na tom, kde ste, \u010do rob\u00edte, alebo s k\u00fdm ste &#8211; toto tri\u010dko v\u00e1m d\u00e1va mo\u017enos\u0165 by\u0165 sami sebou a \u017ei\u0165 \u017eivot naplno.<\/p>\n<p style=\"text-align: center;\" data-mce-style=\"text-align: center;\">Vykro\u010dte do sveta s istotou a \u0161t\u00fdlom, ktor\u00e9 v\u00e1m prinesie tri\u010dko HIGHLIFE420 ESSENTIALS LONG SLEEVE.<\/p>\n<p style=\"text-align: left;\" data-mce-style=\"text-align: left;\">DETAILN\u00dd POPIS PRODUKTU<\/p>\n<ul style=\"text-align: left;\" data-mce-style=\"text-align: left;\">\n<li>203 g\/m\u00b2<\/li>\n<li>100% bavlna<\/li>\n<li>Bez\u0161vov\u00fd v\u00fdstrih<\/li>\n<li>V\u00fdstu\u017en\u00e1 p\u00e1ska za krkom a na ramen\u00e1ch<\/li>\n<li>Dvojito pre\u0161it\u00e9 ruk\u00e1vy a spodn\u00fd lem<\/li>\n<li>Z\u00e1merne preto\u010den\u00e9 bo\u010dn\u00e9 \u0161vy<\/li>\n<li>Vyroben\u00e9 v Banglad\u00e9\u017ei<\/li>\n<\/ul>\n<p style=\"text-align: left;\" data-mce-style=\"text-align: left;\"><\/p>\n<table class=\"mce-item-table\">\n<tbody>\n<tr class=\"first\">\n<th><span style=\"font-weight: 400;\">VELIKOST<\/span><\/th>\n<th><span style=\"font-weight: 400;\">\u0160\u00cd\u0158KA<\/span><\/th>\n<th><span style=\"font-weight: 400;\">D\u00c9LKA<\/span><\/th>\n<\/tr>\n<tr>\n<td>S<\/td>\n<td>45cm<\/td>\n<td>69cm<\/td>\n<\/tr>\n<tr>\n<td>M<\/td>\n<td>51cm<\/td>\n<td>71cm<\/td>\n<\/tr>\n<tr>\n<td>L<\/td>\n<td>56cm<\/td>\n<td>74cm<\/td>\n<\/tr>\n<tr>\n<td>XL<\/td>\n<td>61cm<\/td>\n<td>76cm<\/td>\n<\/tr>\n<tr>\n<td>XXL<\/td>\n<td>66cm<\/td>\n<td>79cm<\/td>\n<\/tr>\n<\/tbody>\n<\/table>\n","protected":false},"excerpt":{"rendered":"<p><br data-mce-bogus=\"1\"><\/p>\n","protected":false},"featured_media":6110,"template":"","meta":[],"product_brand":[],"product_cat":[65],"product_tag":[],"class_list":{"0":"post-6113","1":"product","2":"type-product","3":"status-publish","4":"has-post-thumbnail","6":"product_cat-brand","7":"pa_velikost-l-sk","8":"pa_velikost-m-sk","9":"pa_velikost-s-sk","10":"pa_velikost-xl-sk","11":"pa_velikost-xxl-sk","13":"first","14":"instock","15":"sale","16":"taxable","17":"shipping-taxable","18":"purchasable","19":"product-type-variable"},"yoast_head":"<!-- This site is optimized with the Yoast SEO plugin v19.6.1 - https:\/\/yoast.com\/wordpress\/plugins\/seo\/ -->\n<title>HIGHLIFE420 ESSENTIALS LONG SLEEVE - HIGHLIFE420<\/title>\n<meta name=\"robots\" content=\"index, follow, max-snippet:-1, max-image-preview:large, max-video-preview:-1\" \/>\n<link rel=\"canonical\" href=\"https:\/\/highlife420.cz\/sk\/obchod\/highlife420-essentials-long-sleeve\/\" \/>\n<meta property=\"og:locale\" content=\"sk_SK\" \/>\n<meta property=\"og:type\" content=\"article\" \/>\n<meta property=\"og:title\" content=\"HIGHLIFE420 ESSENTIALS LONG SLEEVE - HIGHLIFE420\" \/>\n<meta property=\"og:url\" content=\"https:\/\/highlife420.cz\/sk\/obchod\/highlife420-essentials-long-sleeve\/\" \/>\n<meta property=\"og:site_name\" content=\"HIGHLIFE420\" \/>\n<meta property=\"article:modified_time\" content=\"2024-08-05T19:37:56+00:00\" \/>\n<meta property=\"og:image\" content=\"https:\/\/highlife420.cz\/wp-content\/uploads\/longsleeve_produktovka_1-1024x1024.png\" \/>\n\t<meta property=\"og:image:width\" content=\"1024\" \/>\n\t<meta property=\"og:image:height\" content=\"1024\" \/>\n\t<meta property=\"og:image:type\" content=\"image\/png\" \/>\n<meta name=\"twitter:card\" content=\"summary_large_image\" \/>\n<script type=\"application\/ld+json\" class=\"yoast-schema-graph\">{\"@context\":\"https:\/\/schema.org\",\"@graph\":[{\"@type\":[\"WebPage\",\"ItemPage\"],\"@id\":\"https:\/\/highlife420.cz\/sk\/obchod\/highlife420-essentials-long-sleeve\/\",\"url\":\"https:\/\/highlife420.cz\/sk\/obchod\/highlife420-essentials-long-sleeve\/\",\"name\":\"HIGHLIFE420 ESSENTIALS LONG SLEEVE - HIGHLIFE420\",\"isPartOf\":{\"@id\":\"https:\/\/highlife420.cz\/sk\/#website\"},\"datePublished\":\"2023-10-05T10:03:54+00:00\",\"dateModified\":\"2024-08-05T19:37:56+00:00\",\"breadcrumb\":{\"@id\":\"https:\/\/highlife420.cz\/sk\/obchod\/highlife420-essentials-long-sleeve\/#breadcrumb\"},\"inLanguage\":\"sk-SK\",\"potentialAction\":[{\"@type\":\"ReadAction\",\"target\":[\"https:\/\/highlife420.cz\/sk\/obchod\/highlife420-essentials-long-sleeve\/\"]}]},{\"@type\":\"BreadcrumbList\",\"@id\":\"https:\/\/highlife420.cz\/sk\/obchod\/highlife420-essentials-long-sleeve\/#breadcrumb\",\"itemListElement\":[{\"@type\":\"ListItem\",\"position\":1,\"name\":\"Dom\u016f\",\"item\":\"https:\/\/highlife420.cz\/sk\/\"},{\"@type\":\"ListItem\",\"position\":2,\"name\":\"Obchod\",\"item\":\"https:\/\/highlife420.cz\/sk\/obchod\/\"},{\"@type\":\"ListItem\",\"position\":3,\"name\":\"HIGHLIFE420 ESSENTIALS LONG SLEEVE\"}]},{\"@type\":\"WebSite\",\"@id\":\"https:\/\/highlife420.cz\/sk\/#website\",\"url\":\"https:\/\/highlife420.cz\/sk\/\",\"name\":\"HIGHLIFE420\",\"description\":\"\",\"publisher\":{\"@id\":\"https:\/\/highlife420.cz\/sk\/#organization\"},\"potentialAction\":[{\"@type\":\"SearchAction\",\"target\":{\"@type\":\"EntryPoint\",\"urlTemplate\":\"https:\/\/highlife420.cz\/sk\/?s={search_term_string}\"},\"query-input\":\"required name=search_term_string\"}],\"inLanguage\":\"sk-SK\"},{\"@type\":\"Organization\",\"@id\":\"https:\/\/highlife420.cz\/sk\/#organization\",\"name\":\"High Life 420\",\"url\":\"https:\/\/highlife420.cz\/sk\/\",\"sameAs\":[\"https:\/\/www.instagram.com\/hilife420cz\/\"],\"logo\":{\"@type\":\"ImageObject\",\"inLanguage\":\"sk-SK\",\"@id\":\"https:\/\/highlife420.cz\/sk\/#\/schema\/logo\/image\/\",\"url\":\"https:\/\/highlife420.cz\/wp-content\/uploads\/logo-dark.svg\",\"contentUrl\":\"https:\/\/highlife420.cz\/wp-content\/uploads\/logo-dark.svg\",\"width\":290,\"height\":44,\"caption\":\"High Life 420\"},\"image\":{\"@id\":\"https:\/\/highlife420.cz\/sk\/#\/schema\/logo\/image\/\"}}]}<\/script>\n<meta property=\"og:availability\" content=\"instock\" \/>\n<meta property=\"product:availability\" content=\"instock\" \/>\n<meta property=\"product:condition\" content=\"new\" \/>\n<!-- \/ Yoast SEO plugin. -->","yoast_head_json":{"title":"HIGHLIFE420 ESSENTIALS LONG SLEEVE - HIGHLIFE420","robots":{"index":"index","follow":"follow","max-snippet":"max-snippet:-1","max-image-preview":"max-image-preview:large","max-video-preview":"max-video-preview:-1"},"canonical":"https:\/\/highlife420.cz\/sk\/obchod\/highlife420-essentials-long-sleeve\/","og_locale":"sk_SK","og_type":"article","og_title":"HIGHLIFE420 ESSENTIALS LONG SLEEVE - HIGHLIFE420","og_url":"https:\/\/highlife420.cz\/sk\/obchod\/highlife420-essentials-long-sleeve\/","og_site_name":"HIGHLIFE420","article_modified_time":"2024-08-05T19:37:56+00:00","og_image":[{"width":1024,"height":1024,"url":"https:\/\/highlife420.cz\/wp-content\/uploads\/longsleeve_produktovka_1-1024x1024.png","type":"image\/png"}],"twitter_card":"summary_large_image","schema":{"@context":"https:\/\/schema.org","@graph":[{"@type":["WebPage","ItemPage"],"@id":"https:\/\/highlife420.cz\/sk\/obchod\/highlife420-essentials-long-sleeve\/","url":"https:\/\/highlife420.cz\/sk\/obchod\/highlife420-essentials-long-sleeve\/","name":"HIGHLIFE420 ESSENTIALS LONG SLEEVE - HIGHLIFE420","isPartOf":{"@id":"https:\/\/highlife420.cz\/sk\/#website"},"datePublished":"2023-10-05T10:03:54+00:00","dateModified":"2024-08-05T19:37:56+00:00","breadcrumb":{"@id":"https:\/\/highlife420.cz\/sk\/obchod\/highlife420-essentials-long-sleeve\/#breadcrumb"},"inLanguage":"sk-SK","potentialAction":[{"@type":"ReadAction","target":["https:\/\/highlife420.cz\/sk\/obchod\/highlife420-essentials-long-sleeve\/"]}]},{"@type":"BreadcrumbList","@id":"https:\/\/highlife420.cz\/sk\/obchod\/highlife420-essentials-long-sleeve\/#breadcrumb","itemListElement":[{"@type":"ListItem","position":1,"name":"Dom\u016f","item":"https:\/\/highlife420.cz\/sk\/"},{"@type":"ListItem","position":2,"name":"Obchod","item":"https:\/\/highlife420.cz\/sk\/obchod\/"},{"@type":"ListItem","position":3,"name":"HIGHLIFE420 ESSENTIALS LONG SLEEVE"}]},{"@type":"WebSite","@id":"https:\/\/highlife420.cz\/sk\/#website","url":"https:\/\/highlife420.cz\/sk\/","name":"HIGHLIFE420","description":"","publisher":{"@id":"https:\/\/highlife420.cz\/sk\/#organization"},"potentialAction":[{"@type":"SearchAction","target":{"@type":"EntryPoint","urlTemplate":"https:\/\/highlife420.cz\/sk\/?s={search_term_string}"},"query-input":"required name=search_term_string"}],"inLanguage":"sk-SK"},{"@type":"Organization","@id":"https:\/\/highlife420.cz\/sk\/#organization","name":"High Life 420","url":"https:\/\/highlife420.cz\/sk\/","sameAs":["https:\/\/www.instagram.com\/hilife420cz\/"],"logo":{"@type":"ImageObject","inLanguage":"sk-SK","@id":"https:\/\/highlife420.cz\/sk\/#\/schema\/logo\/image\/","url":"https:\/\/highlife420.cz\/wp-content\/uploads\/logo-dark.svg","contentUrl":"https:\/\/highlife420.cz\/wp-content\/uploads\/logo-dark.svg","width":290,"height":44,"caption":"High Life 420"},"image":{"@id":"https:\/\/highlife420.cz\/sk\/#\/schema\/logo\/image\/"}}]},"og_availability":"instock","product_availability":"instock","product_condition":"new"},"_links":{"self":[{"href":"https:\/\/highlife420.cz\/sk\/wp-json\/wp\/v2\/product\/6113","targetHints":{"allow":["GET"]}}],"collection":[{"href":"https:\/\/highlife420.cz\/sk\/wp-json\/wp\/v2\/product"}],"about":[{"href":"https:\/\/highlife420.cz\/sk\/wp-json\/wp\/v2\/types\/product"}],"wp:featuredmedia":[{"embeddable":true,"href":"https:\/\/highlife420.cz\/sk\/wp-json\/wp\/v2\/media\/6110"}],"wp:attachment":[{"href":"https:\/\/highlife420.cz\/sk\/wp-json\/wp\/v2\/media?parent=6113"}],"wp:term":[{"taxonomy":"product_brand","embeddable":true,"href":"https:\/\/highlife420.cz\/sk\/wp-json\/wp\/v2\/product_brand?post=6113"},{"taxonomy":"product_cat","embeddable":true,"href":"https:\/\/highlife420.cz\/sk\/wp-json\/wp\/v2\/product_cat?post=6113"},{"taxonomy":"product_tag","embeddable":true,"href":"https:\/\/highlife420.cz\/sk\/wp-json\/wp\/v2\/product_tag?post=6113"}],"curies":[{"name":"wp","href":"https:\/\/api.w.org\/{rel}","templated":true}]}}