{"id":6083,"date":"2022-04-14T18:07:10","date_gmt":"2022-04-14T16:07:10","guid":{"rendered":"https:\/\/highlife420.cz\/obchod\/nezaraden\u00e9\/cbd-cartridge-natural-05ml\/"},"modified":"2024-04-10T07:36:43","modified_gmt":"2024-04-10T05:36:43","slug":"cbd-cartridge-natural-05ml","status":"publish","type":"product","link":"https:\/\/highlife420.cz\/sk\/obchod\/cbd-cartridge-natural-05ml\/","title":{"rendered":"CBD+CBN CARTRIDGE &#8211; JACK HERER (0,5ml)"},"content":{"rendered":"<h2 style=\"font-size: 24px; font-weight: bold; text-align: center;\"><strong>CBD+CBN Cartridge JACK HERER &#8211; HIGHLIFE420<\/strong><\/h2>\n<h2 style=\"text-align: center;\">\u0160irokospektr\u00e1ln\u00ed HL CBD+CBN CARTRIDGE je nejlep\u0161\u00ed p\u0159\u00edrodn\u00ed extrakt na trhu.<\/h2>\n<h3 style=\"text-align: center;\">M\u016f\u017eete si b\u00fdt jisti tou nejvy\u0161\u0161\u00ed kvalitou, proto\u017ee pou\u017e\u00edv\u00e1me pouze 100% organick\u00e9 rostliny konop\u00ed bez GMO, kter\u00e9 jsou bohat\u00e9 na kanabinoidy, terpeny a flavonoidy.<\/h3>\n<p style=\"text-align: center;\">Pr\u00e9miov\u00fd konopn\u00fd extrakt (\u0160irokospektr\u00e1ln\u00ed CBD)<br \/>\n\u00b7 100% organick\u00e9, bez GMO<br \/>\n\u00b7 Neobsahuje THC 0%<br \/>\n\u00b7 Testov\u00e1no t\u0159et\u00ed stranou, aby byla zaji\u0161t\u011bna \u010distota a nejvy\u0161\u0161\u00ed kvalita produktu<\/p>\n<h2 style=\"text-align: center;\"><strong>Balen\u00ed obsahuje 0,5 ml CARTRIDGE (bez baterie).<\/strong><\/h2>\n<p style=\"text-align: center;\">Sb\u011bratelsk\u00fd p\u0159edm\u011bt !<\/p>\n<p style=\"text-align: center;\">Pou\u017eit\u00ed je jednoduch\u00e9, sta\u010d\u00ed na\u0161roubovat HL CARTRIDGE na HL PEN<br \/>\n\u00b7 Snadnost aplikace: p\u0159\u00edjemn\u011b a bez z\u00e1pach\u016f<br \/>\n\u00b7 Rostlinn\u00fd p\u016fvod: vhodn\u00e9 i pro vegany<br \/>\n\u00b7 GMO-free: neobsahuje geneticky modifikovan\u00e9 organismy<\/p>\n<p style=\"text-align: center;\">POZOR: cartridge nen\u00ed mo\u017en\u00fd dol\u00e9vat jin\u00fdm liquidem !<\/p>\n<p style=\"text-align: center;\">Produkt v souladu se z\u00e1konem \u00a75 \u010d. 167\/1998.Ur\u010deno k \u00fa\u010del\u016fm pr\u016fmyslov\u00fdm, technick\u00fdm<br \/>\na zahradnick\u00fdm. Nen\u00ed ur\u010deno k p\u0159\u00edm\u00e9 konzumaci nebo kou\u0159en\u00ed.<\/p>\n<p style=\"text-align: center;\">Uchov\u00e1vejte mimo dosah d\u011bt\u00ed.<br \/>\nProdej pouze osob\u00e1m star\u0161\u00edch 18 let.<\/p>\n<p><img loading=\"lazy\" decoding=\"async\" class=\"wp-image-9812 aligncenter\" src=\"https:\/\/highlife420.cz\/wp-content\/uploads\/EIHA_logo.png\" alt=\"\" width=\"150\" height=\"150\" \/><img loading=\"lazy\" decoding=\"async\" class=\"wp-image-9815 aligncenter\" src=\"https:\/\/highlife420.cz\/wp-content\/uploads\/EU.png\" alt=\"\" width=\"225\" height=\"150\" \/><\/p>\n","protected":false},"excerpt":{"rendered":"<p>CBD+CBN Cartridge JACK HERER &#8211; HIGHLIFE420 \u0160irokospektr\u00e1ln\u00ed HL CBD+CBN CARTRIDGE je nejlep\u0161\u00ed p\u0159\u00edrodn\u00ed extrakt na trhu. M\u016f\u017eete si b\u00fdt jisti<\/p>\n","protected":false},"featured_media":1798,"template":"","meta":[],"product_brand":[],"product_cat":[182,185,152,155,68],"product_tag":[],"class_list":{"0":"post-6083","1":"product","2":"type-product","3":"status-publish","4":"has-post-thumbnail","6":"product_cat-cbd","8":"product_cat-cbd-cartridge","10":"product_cat-https-highlife420-cz-obchod-kategorie-hhc-hhcpcartridge","12":"first","13":"outofstock","14":"taxable","15":"shipping-taxable","16":"purchasable","17":"product-type-simple"},"yoast_head":"<!-- This site is optimized with the Yoast SEO plugin v19.6.1 - https:\/\/yoast.com\/wordpress\/plugins\/seo\/ -->\n<title>CBD CARTRIDGE - NATURAL (0,5ml)- HIGHLIFE420.CZ<\/title>\n<meta name=\"description\" content=\"Cartridge pln\u011bn\u00fd kvalitn\u00edm CBD destil\u00e1tem s obsahem \u00fa\u010dinn\u00e9ho CBD a\u017e 225mg bez p\u0159idan\u00fdch terpenu . Tak to je CBD cartridge od HIGHLIFE420. Obsah 0.5 ml\" \/>\n<meta name=\"robots\" content=\"index, follow, max-snippet:-1, max-image-preview:large, max-video-preview:-1\" \/>\n<link rel=\"canonical\" href=\"https:\/\/highlife420.cz\/sk\/obchod\/cbd-cartridge-natural-05ml\/\" \/>\n<meta property=\"og:locale\" content=\"sk_SK\" \/>\n<meta property=\"og:type\" content=\"article\" \/>\n<meta property=\"og:title\" content=\"CBD CARTRIDGE - NATURAL (0,5ml)- HIGHLIFE420.CZ\" \/>\n<meta property=\"og:description\" content=\"Cartridge pln\u011bn\u00fd kvalitn\u00edm CBD destil\u00e1tem s obsahem \u00fa\u010dinn\u00e9ho CBD a\u017e 225mg bez p\u0159idan\u00fdch terpenu . Tak to je CBD cartridge od HIGHLIFE420. Obsah 0.5 ml\" \/>\n<meta property=\"og:url\" content=\"https:\/\/highlife420.cz\/sk\/obchod\/cbd-cartridge-natural-05ml\/\" \/>\n<meta property=\"og:site_name\" content=\"HIGHLIFE420\" \/>\n<meta property=\"article:modified_time\" content=\"2024-04-10T05:36:43+00:00\" \/>\n<meta property=\"og:image\" content=\"https:\/\/highlife420.cz\/wp-content\/uploads\/cart-lemon-haze.png\" \/>\n\t<meta property=\"og:image:width\" content=\"2362\" \/>\n\t<meta property=\"og:image:height\" content=\"2362\" \/>\n\t<meta property=\"og:image:type\" content=\"image\/png\" \/>\n<meta name=\"twitter:card\" content=\"summary_large_image\" \/>\n<script type=\"application\/ld+json\" class=\"yoast-schema-graph\">{\"@context\":\"https:\/\/schema.org\",\"@graph\":[{\"@type\":[\"WebPage\",\"ItemPage\"],\"@id\":\"https:\/\/highlife420.cz\/sk\/obchod\/cbd-cartridge-natural-05ml\/\",\"url\":\"https:\/\/highlife420.cz\/sk\/obchod\/cbd-cartridge-natural-05ml\/\",\"name\":\"CBD CARTRIDGE - NATURAL (0,5ml)- HIGHLIFE420.CZ\",\"isPartOf\":{\"@id\":\"https:\/\/highlife420.cz\/sk\/#website\"},\"datePublished\":\"2022-04-14T16:07:10+00:00\",\"dateModified\":\"2024-04-10T05:36:43+00:00\",\"description\":\"Cartridge pln\u011bn\u00fd kvalitn\u00edm CBD destil\u00e1tem s obsahem \u00fa\u010dinn\u00e9ho CBD a\u017e 225mg bez p\u0159idan\u00fdch terpenu . Tak to je CBD cartridge od HIGHLIFE420. Obsah 0.5 ml\",\"breadcrumb\":{\"@id\":\"https:\/\/highlife420.cz\/sk\/obchod\/cbd-cartridge-natural-05ml\/#breadcrumb\"},\"inLanguage\":\"sk-SK\",\"potentialAction\":[{\"@type\":\"ReadAction\",\"target\":[\"https:\/\/highlife420.cz\/sk\/obchod\/cbd-cartridge-natural-05ml\/\"]}]},{\"@type\":\"BreadcrumbList\",\"@id\":\"https:\/\/highlife420.cz\/sk\/obchod\/cbd-cartridge-natural-05ml\/#breadcrumb\",\"itemListElement\":[{\"@type\":\"ListItem\",\"position\":1,\"name\":\"Dom\u016f\",\"item\":\"https:\/\/highlife420.cz\/sk\/\"},{\"@type\":\"ListItem\",\"position\":2,\"name\":\"Obchod\",\"item\":\"https:\/\/highlife420.cz\/sk\/obchod\/\"},{\"@type\":\"ListItem\",\"position\":3,\"name\":\"CBD+CBN CARTRIDGE &#8211; JACK HERER (0,5ml)\"}]},{\"@type\":\"WebSite\",\"@id\":\"https:\/\/highlife420.cz\/sk\/#website\",\"url\":\"https:\/\/highlife420.cz\/sk\/\",\"name\":\"HIGHLIFE420\",\"description\":\"\",\"publisher\":{\"@id\":\"https:\/\/highlife420.cz\/sk\/#organization\"},\"potentialAction\":[{\"@type\":\"SearchAction\",\"target\":{\"@type\":\"EntryPoint\",\"urlTemplate\":\"https:\/\/highlife420.cz\/sk\/?s={search_term_string}\"},\"query-input\":\"required name=search_term_string\"}],\"inLanguage\":\"sk-SK\"},{\"@type\":\"Organization\",\"@id\":\"https:\/\/highlife420.cz\/sk\/#organization\",\"name\":\"High Life 420\",\"url\":\"https:\/\/highlife420.cz\/sk\/\",\"sameAs\":[\"https:\/\/www.instagram.com\/hilife420cz\/\"],\"logo\":{\"@type\":\"ImageObject\",\"inLanguage\":\"sk-SK\",\"@id\":\"https:\/\/highlife420.cz\/sk\/#\/schema\/logo\/image\/\",\"url\":\"https:\/\/highlife420.cz\/wp-content\/uploads\/logo-dark.svg\",\"contentUrl\":\"https:\/\/highlife420.cz\/wp-content\/uploads\/logo-dark.svg\",\"width\":290,\"height\":44,\"caption\":\"High Life 420\"},\"image\":{\"@id\":\"https:\/\/highlife420.cz\/sk\/#\/schema\/logo\/image\/\"}}]}<\/script>\n<meta property=\"product:price:amount\" content=\"299.0\" \/>\n<meta property=\"product:price:currency\" content=\"CZK\" \/>\n<meta property=\"og:availability\" content=\"out of stock\" \/>\n<meta property=\"product:availability\" content=\"out of stock\" \/>\n<meta property=\"product:condition\" content=\"new\" \/>\n<!-- \/ Yoast SEO plugin. -->","yoast_head_json":{"title":"CBD CARTRIDGE - NATURAL (0,5ml)- HIGHLIFE420.CZ","description":"Cartridge pln\u011bn\u00fd kvalitn\u00edm CBD destil\u00e1tem s obsahem \u00fa\u010dinn\u00e9ho CBD a\u017e 225mg bez p\u0159idan\u00fdch terpenu . Tak to je CBD cartridge od HIGHLIFE420. Obsah 0.5 ml","robots":{"index":"index","follow":"follow","max-snippet":"max-snippet:-1","max-image-preview":"max-image-preview:large","max-video-preview":"max-video-preview:-1"},"canonical":"https:\/\/highlife420.cz\/sk\/obchod\/cbd-cartridge-natural-05ml\/","og_locale":"sk_SK","og_type":"article","og_title":"CBD CARTRIDGE - NATURAL (0,5ml)- HIGHLIFE420.CZ","og_description":"Cartridge pln\u011bn\u00fd kvalitn\u00edm CBD destil\u00e1tem s obsahem \u00fa\u010dinn\u00e9ho CBD a\u017e 225mg bez p\u0159idan\u00fdch terpenu . Tak to je CBD cartridge od HIGHLIFE420. Obsah 0.5 ml","og_url":"https:\/\/highlife420.cz\/sk\/obchod\/cbd-cartridge-natural-05ml\/","og_site_name":"HIGHLIFE420","article_modified_time":"2024-04-10T05:36:43+00:00","og_image":[{"width":2362,"height":2362,"url":"https:\/\/highlife420.cz\/wp-content\/uploads\/cart-lemon-haze.png","type":"image\/png"}],"twitter_card":"summary_large_image","schema":{"@context":"https:\/\/schema.org","@graph":[{"@type":["WebPage","ItemPage"],"@id":"https:\/\/highlife420.cz\/sk\/obchod\/cbd-cartridge-natural-05ml\/","url":"https:\/\/highlife420.cz\/sk\/obchod\/cbd-cartridge-natural-05ml\/","name":"CBD CARTRIDGE - NATURAL (0,5ml)- HIGHLIFE420.CZ","isPartOf":{"@id":"https:\/\/highlife420.cz\/sk\/#website"},"datePublished":"2022-04-14T16:07:10+00:00","dateModified":"2024-04-10T05:36:43+00:00","description":"Cartridge pln\u011bn\u00fd kvalitn\u00edm CBD destil\u00e1tem s obsahem \u00fa\u010dinn\u00e9ho CBD a\u017e 225mg bez p\u0159idan\u00fdch terpenu . Tak to je CBD cartridge od HIGHLIFE420. Obsah 0.5 ml","breadcrumb":{"@id":"https:\/\/highlife420.cz\/sk\/obchod\/cbd-cartridge-natural-05ml\/#breadcrumb"},"inLanguage":"sk-SK","potentialAction":[{"@type":"ReadAction","target":["https:\/\/highlife420.cz\/sk\/obchod\/cbd-cartridge-natural-05ml\/"]}]},{"@type":"BreadcrumbList","@id":"https:\/\/highlife420.cz\/sk\/obchod\/cbd-cartridge-natural-05ml\/#breadcrumb","itemListElement":[{"@type":"ListItem","position":1,"name":"Dom\u016f","item":"https:\/\/highlife420.cz\/sk\/"},{"@type":"ListItem","position":2,"name":"Obchod","item":"https:\/\/highlife420.cz\/sk\/obchod\/"},{"@type":"ListItem","position":3,"name":"CBD+CBN CARTRIDGE &#8211; JACK HERER (0,5ml)"}]},{"@type":"WebSite","@id":"https:\/\/highlife420.cz\/sk\/#website","url":"https:\/\/highlife420.cz\/sk\/","name":"HIGHLIFE420","description":"","publisher":{"@id":"https:\/\/highlife420.cz\/sk\/#organization"},"potentialAction":[{"@type":"SearchAction","target":{"@type":"EntryPoint","urlTemplate":"https:\/\/highlife420.cz\/sk\/?s={search_term_string}"},"query-input":"required name=search_term_string"}],"inLanguage":"sk-SK"},{"@type":"Organization","@id":"https:\/\/highlife420.cz\/sk\/#organization","name":"High Life 420","url":"https:\/\/highlife420.cz\/sk\/","sameAs":["https:\/\/www.instagram.com\/hilife420cz\/"],"logo":{"@type":"ImageObject","inLanguage":"sk-SK","@id":"https:\/\/highlife420.cz\/sk\/#\/schema\/logo\/image\/","url":"https:\/\/highlife420.cz\/wp-content\/uploads\/logo-dark.svg","contentUrl":"https:\/\/highlife420.cz\/wp-content\/uploads\/logo-dark.svg","width":290,"height":44,"caption":"High Life 420"},"image":{"@id":"https:\/\/highlife420.cz\/sk\/#\/schema\/logo\/image\/"}}]},"product_price_amount":"299.0","product_price_currency":"CZK","og_availability":"out of stock","product_availability":"out of stock","product_condition":"new"},"_links":{"self":[{"href":"https:\/\/highlife420.cz\/sk\/wp-json\/wp\/v2\/product\/6083","targetHints":{"allow":["GET"]}}],"collection":[{"href":"https:\/\/highlife420.cz\/sk\/wp-json\/wp\/v2\/product"}],"about":[{"href":"https:\/\/highlife420.cz\/sk\/wp-json\/wp\/v2\/types\/product"}],"wp:featuredmedia":[{"embeddable":true,"href":"https:\/\/highlife420.cz\/sk\/wp-json\/wp\/v2\/media\/1798"}],"wp:attachment":[{"href":"https:\/\/highlife420.cz\/sk\/wp-json\/wp\/v2\/media?parent=6083"}],"wp:term":[{"taxonomy":"product_brand","embeddable":true,"href":"https:\/\/highlife420.cz\/sk\/wp-json\/wp\/v2\/product_brand?post=6083"},{"taxonomy":"product_cat","embeddable":true,"href":"https:\/\/highlife420.cz\/sk\/wp-json\/wp\/v2\/product_cat?post=6083"},{"taxonomy":"product_tag","embeddable":true,"href":"https:\/\/highlife420.cz\/sk\/wp-json\/wp\/v2\/product_tag?post=6083"}],"curies":[{"name":"wp","href":"https:\/\/api.w.org\/{rel}","templated":true}]}}