{"id":5918,"date":"2023-08-20T15:40:41","date_gmt":"2023-08-20T13:40:44","guid":{"rendered":"https:\/\/highlife420.cz\/?post_type=product&#038;p=5918"},"modified":"2024-04-09T15:18:06","modified_gmt":"2024-04-09T13:18:06","slug":"highlife420-essentials-black-tee-2","status":"publish","type":"product","link":"https:\/\/highlife420.cz\/sk\/obchod\/highlife420-essentials-black-tee-2\/","title":{"rendered":"HIGHLIFE420 ESSENTIALS BLACK TEE"},"content":{"rendered":"<p style=\"text-align: center;\">HIGHLIFE420 ESSENTIALS TEE je viac ne\u017e len oble\u010denie, je to v\u00fdraz \u017eivotn\u00e9ho \u0161t\u00fdlu. Pre t\u00fdch, ktor\u00ed uprednost\u0148uj\u00fa kvalitu je toto tri\u010dko absol\u00fatne nevyhnutn\u00fdm doplnkom do \u0161atn\u00edka. Ka\u017ed\u00fd detail bol starostlivo premyslen\u00fd tak, aby v\u00e1m priniesol dokonal\u00e9 spojenie pohodlia a \u0161pi\u010dkov\u00e9ho \u0161t\u00fdlu.<\/p>\n<p style=\"text-align: center;\">Toto tri\u010dko je vyroben\u00e9 zo 100% bavlny, \u010do zais\u0165uje, \u017ee na va\u0161ej poko\u017eke budete c\u00edti\u0165 len to najjemnej\u0161ie a najpr\u00edjemnej\u0161ie dotyky. Jeho gram\u00e1\u017e 203 gramov znamen\u00e1, \u017ee je dostato\u010dne odoln\u00e9, aby ste ho mohli nosi\u0165 vo v\u0161etk\u00fdch situ\u00e1ci\u00e1ch v\u00e1\u0161ho \u017eivota. Od relax\u00e1cie na pl\u00e1\u017ei po ve\u010dierok s priate\u013emi, toto tri\u010dko v\u00e1m umo\u017en\u00ed vyjadri\u0165 v\u00e1\u0161 nezamenite\u013en\u00fd \u0161t\u00fdl.<\/p>\n<p style=\"text-align: center;\">Dizajn tri\u010dka HIGHLIFE420 ESSENTIAL TEE je jednoduch\u00fd, ale z\u00e1rove\u0148 v\u00fdrazn\u00fd. Logo \u201eHIGHLIFE420\u201c na hrudi je symbolom pre t\u00fdch, ktor\u00ed si u\u017e\u00edvaj\u00fa \u017eivot naplno a bez kompromisov. Je to tri\u010dko, ktor\u00e9 v\u00e1s spoj\u00ed s komunitou \u013eud\u00ed, ktor\u00ed zdie\u013eaj\u00fa rovnak\u00fd pr\u00edstup k m\u00f3dnemu svetu a \u017eivotn\u00e9mu \u0161t\u00fdlu.<\/p>\n<p style=\"text-align: center;\">Ke\u010f nos\u00edte toto tri\u010dko, nie ste len oble\u010denie. Ste s\u00fa\u010das\u0165ou kult\u00fary, ktor\u00e1 ver\u00ed v kvalitu, \u0161t\u00fdl a autentickos\u0165. Ka\u017ed\u00fdm nosen\u00edm tri\u010dka HIGHLIFE420 ESSENTIAL TEE vyjadrujete svoju oddanos\u0165 tomuto \u017eivotn\u00e9mu \u0161t\u00fdlu a svoju t\u00fa\u017ebu by\u0165 vpredu s najnov\u0161\u00edmi trendmi.<\/p>\n<p style=\"text-align: center;\">Tak\u017ee nez\u00e1le\u017e\u00ed na tom, kde ste, \u010do rob\u00edte, alebo s k\u00fdm ste \u2013 toto tri\u010dko v\u00e1m d\u00e1va mo\u017enos\u0165 by\u0165 sami sebou a \u017ei\u0165 \u017eivot naplno. Vykro\u010dte do sveta s istotou a \u0161t\u00fdlom, ktor\u00fd v\u00e1m pon\u00faka tri\u010dko HIGHLIFE420 ESSENTIALS TEE.<\/p>\n<p>&nbsp;<\/p>\n<p style=\"text-align: center;\">\n<p>Detailn\u00fd popis produktu<\/p>\n<ul>\n<li>203 g\/m\u00b2<\/li>\n<li>100% bavlna<\/li>\n<li>Bez\u0161vov\u00fd v\u00fdstrih<\/li>\n<li>V\u00fdstu\u017en\u00e1 p\u00e1ska za krkom a na ramen\u00e1ch<\/li>\n<li>Dvojito pre\u0161it\u00e9 ruk\u00e1vy a spodn\u00fd lem<\/li>\n<li>Z\u00e1merne preto\u010den\u00e9 bo\u010dn\u00e9 \u0161vy<\/li>\n<li>Vyroben\u00e9 v Banglad\u00e9\u017ei<\/li>\n<\/ul>\n<table id=\"TabulkaVelikosti\" style=\"height: 142px;\" border=\"0\" width=\"695\">\n<tbody>\n<tr>\n<td data-label=\"Velikost\">Velikost<\/td>\n<td data-label=\"S\"><\/td>\n<td data-label=\"M\">M<\/td>\n<td data-label=\"L\">L<\/td>\n<td data-label=\"XL\">XL<\/td>\n<td data-label=\"XXL\"><\/td>\n<td data-label=\"3XL\"><\/td>\n<td data-label=\"4XL\"><\/td>\n<td data-label=\"5XL\"><\/td>\n<\/tr>\n<tr>\n<td style=\"text-align: left;\" data-label=\"Velikost\">\u0160\u00ed\u0159ka p\u0159es hrudn\u00edk(1\/2 obvodu)<\/td>\n<td data-label=\"S\"><\/td>\n<td data-label=\"M\">51<\/td>\n<td data-label=\"L\">56<\/td>\n<td data-label=\"XL\">61<\/td>\n<td data-label=\"XXL\"><\/td>\n<td data-label=\"3XL\"><\/td>\n<td data-label=\"4XL\"><\/td>\n<td data-label=\"5XL\"><\/td>\n<\/tr>\n<tr>\n<td data-label=\"Velikost\">D\u00e9lka tri\u010dka<\/td>\n<td data-label=\"S\"><\/td>\n<td data-label=\"M\">75<\/td>\n<td data-label=\"L\">77<\/td>\n<td data-label=\"XL\">80<\/td>\n<\/tr>\n<\/tbody>\n<\/table>\n","protected":false},"excerpt":{"rendered":"<p>HIGHLIFE420 ESSENTIALS TEE je viac ne\u017e len oble\u010denie, je to v\u00fdraz \u017eivotn\u00e9ho \u0161t\u00fdlu. Pre t\u00fdch, ktor\u00ed uprednost\u0148uj\u00fa kvalitu je toto<\/p>\n","protected":false},"featured_media":6042,"template":"","meta":[],"product_brand":[],"product_cat":[18],"product_tag":[],"class_list":{"0":"post-5918","1":"product","2":"type-product","3":"status-publish","4":"has-post-thumbnail","6":"product_cat-brand","7":"pa_velikost-l-sk","8":"pa_velikost-m-sk","9":"pa_velikost-xl-sk","11":"first","12":"outofstock","13":"sale","14":"taxable","15":"shipping-taxable","16":"purchasable","17":"product-type-variable"},"yoast_head":"<!-- This site is optimized with the Yoast SEO plugin v19.6.1 - https:\/\/yoast.com\/wordpress\/plugins\/seo\/ -->\n<title>HIGHLIFE420 ESSENTIALS BLACK TEE -<\/title>\n<meta name=\"description\" content=\"Vykro\u010dte do sveta s istotou a \u0161t\u00fdlom, ktor\u00fd v\u00e1m pon\u00faka tri\u010dko HIGHLIFE420 ESSENTIALS TEE. Jeho gram\u00e1\u017e 203 gramov znamen\u00e1, \u017ee je dostato\u010dne odoln\u00e9.\" \/>\n<meta name=\"robots\" content=\"index, follow, max-snippet:-1, max-image-preview:large, max-video-preview:-1\" \/>\n<link rel=\"canonical\" href=\"https:\/\/highlife420.cz\/sk\/obchod\/highlife420-essentials-black-tee-2\/\" \/>\n<meta property=\"og:locale\" content=\"sk_SK\" \/>\n<meta property=\"og:type\" content=\"article\" \/>\n<meta property=\"og:title\" content=\"HIGHLIFE420 ESSENTIALS BLACK TEE -\" \/>\n<meta property=\"og:description\" content=\"Vykro\u010dte do sveta s istotou a \u0161t\u00fdlom, ktor\u00fd v\u00e1m pon\u00faka tri\u010dko HIGHLIFE420 ESSENTIALS TEE. Jeho gram\u00e1\u017e 203 gramov znamen\u00e1, \u017ee je dostato\u010dne odoln\u00e9.\" \/>\n<meta property=\"og:url\" content=\"https:\/\/highlife420.cz\/sk\/obchod\/highlife420-essentials-black-tee-2\/\" \/>\n<meta property=\"og:site_name\" content=\"HIGHLIFE420\" \/>\n<meta property=\"article:modified_time\" content=\"2024-04-09T13:18:06+00:00\" \/>\n<meta property=\"og:image\" content=\"https:\/\/highlife420.cz\/wp-content\/uploads\/W2-OPRAVA.png\" \/>\n\t<meta property=\"og:image:width\" content=\"2400\" \/>\n\t<meta property=\"og:image:height\" content=\"2400\" \/>\n\t<meta property=\"og:image:type\" content=\"image\/png\" \/>\n<meta name=\"twitter:card\" content=\"summary_large_image\" \/>\n<script type=\"application\/ld+json\" class=\"yoast-schema-graph\">{\"@context\":\"https:\/\/schema.org\",\"@graph\":[{\"@type\":[\"WebPage\",\"ItemPage\"],\"@id\":\"https:\/\/highlife420.cz\/sk\/obchod\/highlife420-essentials-black-tee-2\/\",\"url\":\"https:\/\/highlife420.cz\/sk\/obchod\/highlife420-essentials-black-tee-2\/\",\"name\":\"HIGHLIFE420 ESSENTIALS BLACK TEE -\",\"isPartOf\":{\"@id\":\"https:\/\/highlife420.cz\/sk\/#website\"},\"datePublished\":\"2023-08-20T13:40:44+00:00\",\"dateModified\":\"2024-04-09T13:18:06+00:00\",\"description\":\"Vykro\u010dte do sveta s istotou a \u0161t\u00fdlom, ktor\u00fd v\u00e1m pon\u00faka tri\u010dko HIGHLIFE420 ESSENTIALS TEE. Jeho gram\u00e1\u017e 203 gramov znamen\u00e1, \u017ee je dostato\u010dne odoln\u00e9.\",\"breadcrumb\":{\"@id\":\"https:\/\/highlife420.cz\/sk\/obchod\/highlife420-essentials-black-tee-2\/#breadcrumb\"},\"inLanguage\":\"sk-SK\",\"potentialAction\":[{\"@type\":\"ReadAction\",\"target\":[\"https:\/\/highlife420.cz\/sk\/obchod\/highlife420-essentials-black-tee-2\/\"]}]},{\"@type\":\"BreadcrumbList\",\"@id\":\"https:\/\/highlife420.cz\/sk\/obchod\/highlife420-essentials-black-tee-2\/#breadcrumb\",\"itemListElement\":[{\"@type\":\"ListItem\",\"position\":1,\"name\":\"Dom\u016f\",\"item\":\"https:\/\/highlife420.cz\/sk\/\"},{\"@type\":\"ListItem\",\"position\":2,\"name\":\"Obchod\",\"item\":\"https:\/\/highlife420.cz\/sk\/obchod\/\"},{\"@type\":\"ListItem\",\"position\":3,\"name\":\"HIGHLIFE420 ESSENTIALS BLACK TEE\"}]},{\"@type\":\"WebSite\",\"@id\":\"https:\/\/highlife420.cz\/sk\/#website\",\"url\":\"https:\/\/highlife420.cz\/sk\/\",\"name\":\"HIGHLIFE420\",\"description\":\"\",\"publisher\":{\"@id\":\"https:\/\/highlife420.cz\/sk\/#organization\"},\"potentialAction\":[{\"@type\":\"SearchAction\",\"target\":{\"@type\":\"EntryPoint\",\"urlTemplate\":\"https:\/\/highlife420.cz\/sk\/?s={search_term_string}\"},\"query-input\":\"required name=search_term_string\"}],\"inLanguage\":\"sk-SK\"},{\"@type\":\"Organization\",\"@id\":\"https:\/\/highlife420.cz\/sk\/#organization\",\"name\":\"High Life 420\",\"url\":\"https:\/\/highlife420.cz\/sk\/\",\"sameAs\":[\"https:\/\/www.instagram.com\/hilife420cz\/\"],\"logo\":{\"@type\":\"ImageObject\",\"inLanguage\":\"sk-SK\",\"@id\":\"https:\/\/highlife420.cz\/sk\/#\/schema\/logo\/image\/\",\"url\":\"https:\/\/highlife420.cz\/wp-content\/uploads\/logo-dark.svg\",\"contentUrl\":\"https:\/\/highlife420.cz\/wp-content\/uploads\/logo-dark.svg\",\"width\":290,\"height\":44,\"caption\":\"High Life 420\"},\"image\":{\"@id\":\"https:\/\/highlife420.cz\/sk\/#\/schema\/logo\/image\/\"}}]}<\/script>\n<meta property=\"og:availability\" content=\"out of stock\" \/>\n<meta property=\"product:availability\" content=\"out of stock\" \/>\n<meta property=\"product:condition\" content=\"new\" \/>\n<!-- \/ Yoast SEO plugin. -->","yoast_head_json":{"title":"HIGHLIFE420 ESSENTIALS BLACK TEE -","description":"Vykro\u010dte do sveta s istotou a \u0161t\u00fdlom, ktor\u00fd v\u00e1m pon\u00faka tri\u010dko HIGHLIFE420 ESSENTIALS TEE. Jeho gram\u00e1\u017e 203 gramov znamen\u00e1, \u017ee je dostato\u010dne odoln\u00e9.","robots":{"index":"index","follow":"follow","max-snippet":"max-snippet:-1","max-image-preview":"max-image-preview:large","max-video-preview":"max-video-preview:-1"},"canonical":"https:\/\/highlife420.cz\/sk\/obchod\/highlife420-essentials-black-tee-2\/","og_locale":"sk_SK","og_type":"article","og_title":"HIGHLIFE420 ESSENTIALS BLACK TEE -","og_description":"Vykro\u010dte do sveta s istotou a \u0161t\u00fdlom, ktor\u00fd v\u00e1m pon\u00faka tri\u010dko HIGHLIFE420 ESSENTIALS TEE. Jeho gram\u00e1\u017e 203 gramov znamen\u00e1, \u017ee je dostato\u010dne odoln\u00e9.","og_url":"https:\/\/highlife420.cz\/sk\/obchod\/highlife420-essentials-black-tee-2\/","og_site_name":"HIGHLIFE420","article_modified_time":"2024-04-09T13:18:06+00:00","og_image":[{"width":2400,"height":2400,"url":"https:\/\/highlife420.cz\/wp-content\/uploads\/W2-OPRAVA.png","type":"image\/png"}],"twitter_card":"summary_large_image","schema":{"@context":"https:\/\/schema.org","@graph":[{"@type":["WebPage","ItemPage"],"@id":"https:\/\/highlife420.cz\/sk\/obchod\/highlife420-essentials-black-tee-2\/","url":"https:\/\/highlife420.cz\/sk\/obchod\/highlife420-essentials-black-tee-2\/","name":"HIGHLIFE420 ESSENTIALS BLACK TEE -","isPartOf":{"@id":"https:\/\/highlife420.cz\/sk\/#website"},"datePublished":"2023-08-20T13:40:44+00:00","dateModified":"2024-04-09T13:18:06+00:00","description":"Vykro\u010dte do sveta s istotou a \u0161t\u00fdlom, ktor\u00fd v\u00e1m pon\u00faka tri\u010dko HIGHLIFE420 ESSENTIALS TEE. Jeho gram\u00e1\u017e 203 gramov znamen\u00e1, \u017ee je dostato\u010dne odoln\u00e9.","breadcrumb":{"@id":"https:\/\/highlife420.cz\/sk\/obchod\/highlife420-essentials-black-tee-2\/#breadcrumb"},"inLanguage":"sk-SK","potentialAction":[{"@type":"ReadAction","target":["https:\/\/highlife420.cz\/sk\/obchod\/highlife420-essentials-black-tee-2\/"]}]},{"@type":"BreadcrumbList","@id":"https:\/\/highlife420.cz\/sk\/obchod\/highlife420-essentials-black-tee-2\/#breadcrumb","itemListElement":[{"@type":"ListItem","position":1,"name":"Dom\u016f","item":"https:\/\/highlife420.cz\/sk\/"},{"@type":"ListItem","position":2,"name":"Obchod","item":"https:\/\/highlife420.cz\/sk\/obchod\/"},{"@type":"ListItem","position":3,"name":"HIGHLIFE420 ESSENTIALS BLACK TEE"}]},{"@type":"WebSite","@id":"https:\/\/highlife420.cz\/sk\/#website","url":"https:\/\/highlife420.cz\/sk\/","name":"HIGHLIFE420","description":"","publisher":{"@id":"https:\/\/highlife420.cz\/sk\/#organization"},"potentialAction":[{"@type":"SearchAction","target":{"@type":"EntryPoint","urlTemplate":"https:\/\/highlife420.cz\/sk\/?s={search_term_string}"},"query-input":"required name=search_term_string"}],"inLanguage":"sk-SK"},{"@type":"Organization","@id":"https:\/\/highlife420.cz\/sk\/#organization","name":"High Life 420","url":"https:\/\/highlife420.cz\/sk\/","sameAs":["https:\/\/www.instagram.com\/hilife420cz\/"],"logo":{"@type":"ImageObject","inLanguage":"sk-SK","@id":"https:\/\/highlife420.cz\/sk\/#\/schema\/logo\/image\/","url":"https:\/\/highlife420.cz\/wp-content\/uploads\/logo-dark.svg","contentUrl":"https:\/\/highlife420.cz\/wp-content\/uploads\/logo-dark.svg","width":290,"height":44,"caption":"High Life 420"},"image":{"@id":"https:\/\/highlife420.cz\/sk\/#\/schema\/logo\/image\/"}}]},"og_availability":"out of stock","product_availability":"out of stock","product_condition":"new"},"_links":{"self":[{"href":"https:\/\/highlife420.cz\/sk\/wp-json\/wp\/v2\/product\/5918","targetHints":{"allow":["GET"]}}],"collection":[{"href":"https:\/\/highlife420.cz\/sk\/wp-json\/wp\/v2\/product"}],"about":[{"href":"https:\/\/highlife420.cz\/sk\/wp-json\/wp\/v2\/types\/product"}],"wp:featuredmedia":[{"embeddable":true,"href":"https:\/\/highlife420.cz\/sk\/wp-json\/wp\/v2\/media\/6042"}],"wp:attachment":[{"href":"https:\/\/highlife420.cz\/sk\/wp-json\/wp\/v2\/media?parent=5918"}],"wp:term":[{"taxonomy":"product_brand","embeddable":true,"href":"https:\/\/highlife420.cz\/sk\/wp-json\/wp\/v2\/product_brand?post=5918"},{"taxonomy":"product_cat","embeddable":true,"href":"https:\/\/highlife420.cz\/sk\/wp-json\/wp\/v2\/product_cat?post=5918"},{"taxonomy":"product_tag","embeddable":true,"href":"https:\/\/highlife420.cz\/sk\/wp-json\/wp\/v2\/product_tag?post=5918"}],"curies":[{"name":"wp","href":"https:\/\/api.w.org\/{rel}","templated":true}]}}