{"id":5874,"date":"2023-08-15T13:38:03","date_gmt":"2023-08-15T11:38:03","guid":{"rendered":"https:\/\/highlife420.cz\/obchod\/nezaraden\u00e9\/highlife420-sunglasses-uv400-polarized\/"},"modified":"2024-06-29T10:52:28","modified_gmt":"2024-06-29T08:52:28","slug":"highlife420-sunglasses-uv400-polarized","status":"publish","type":"product","link":"https:\/\/highlife420.cz\/sk\/obchod\/highlife420-sunglasses-uv400-polarized\/","title":{"rendered":"HIGHLIFE420 SUNGLASSES UV400 POLARIZED"},"content":{"rendered":"<h4 style=\"text-align: center;\"><strong>SLNE\u010cN\u00c9 OKULIARE HIGHLIFE420 SPACE<\/strong><\/h4>\n<h4 style=\"text-align: center;\">POLARIZED UV400 TAC<\/h4>\n<p style=\"text-align: center;\">Vyzdvihnite svoj \u0161t\u00fdl a chr\u00e1\u0148te si svoje o\u010di s na\u0161imi limitovan\u00fdmi slne\u010dn\u00fdmi okuliarmi HIGHLIFE SPACE SUNGLASS.<\/p>\n<p style=\"text-align: center;\">Tieto s\u00fa viac ne\u017e len m\u00f3dnym doplnkom &#8211; s\u00fa to va\u0161e spo\u013eahliv\u00e9 okuliare spojenci proti slne\u010dn\u00e9mu \u017eiareniu.<\/p>\n<p style=\"text-align: center;\">V\u010faka polariza\u010dn\u00fdm skl\u00e1m UV400 TAC si u\u017eijete jasn\u00fd a ostr\u00fd obraz bez ru\u0161iv\u00fdch odleskov.<\/p>\n<p style=\"text-align: center;\">Ka\u017ed\u00fd p\u00e1r br\u00fdl\u00ed je vybaven\u00fd cestovn\u00fdm obalom, ktor\u00fd zabezpe\u010duje bezpe\u010dn\u00fa a \u0161t\u00fdlov\u00fa ochranu v\u00e1\u0161ho m\u00f3dneho doplnku.<\/p>\n<p style=\"text-align: center;\">Pripravte sa na dobrodru\u017estv\u00e1 s HIGHLIFE SPACE SUNGLASS a u\u017eite si ka\u017ed\u00fd slne\u010dn\u00fd okamih s maxim\u00e1lnym pohodl\u00edm a stylusom.<\/p>\n","protected":false},"excerpt":{"rendered":"<p>SLNE\u010cN\u00c9 OKULIARE HIGHLIFE420 SPACE POLARIZED UV400 TAC Vyzdvihnite svoj \u0161t\u00fdl a chr\u00e1\u0148te si svoje o\u010di s na\u0161imi limitovan\u00fdmi slne\u010dn\u00fdmi okuliarmi<\/p>\n","protected":false},"featured_media":5880,"template":"","meta":[],"product_brand":[],"product_cat":[18,96],"product_tag":[],"class_list":{"0":"post-5874","1":"product","2":"type-product","3":"status-publish","4":"has-post-thumbnail","6":"product_cat-brand","7":"product_cat-doplnky","9":"first","10":"outofstock","11":"taxable","12":"shipping-taxable","13":"purchasable","14":"product-type-simple"},"yoast_head":"<!-- This site is optimized with the Yoast SEO plugin v19.6.1 - https:\/\/yoast.com\/wordpress\/plugins\/seo\/ -->\n<title>HIGHLIFE420 SUNGLASSES UV400 POLARIZED - HIGHLIFE420<\/title>\n<meta name=\"robots\" content=\"index, follow, max-snippet:-1, max-image-preview:large, max-video-preview:-1\" \/>\n<link rel=\"canonical\" href=\"https:\/\/highlife420.cz\/sk\/obchod\/highlife420-sunglasses-uv400-polarized\/\" \/>\n<meta property=\"og:locale\" content=\"sk_SK\" \/>\n<meta property=\"og:type\" content=\"article\" \/>\n<meta property=\"og:title\" content=\"HIGHLIFE420 SUNGLASSES UV400 POLARIZED - HIGHLIFE420\" \/>\n<meta property=\"og:description\" content=\"SLNE\u010cN\u00c9 OKULIARE HIGHLIFE420 SPACE POLARIZED UV400 TAC Vyzdvihnite svoj \u0161t\u00fdl a chr\u00e1\u0148te si svoje o\u010di s na\u0161imi limitovan\u00fdmi slne\u010dn\u00fdmi okuliarmi\" \/>\n<meta property=\"og:url\" content=\"https:\/\/highlife420.cz\/sk\/obchod\/highlife420-sunglasses-uv400-polarized\/\" \/>\n<meta property=\"og:site_name\" content=\"HIGHLIFE420\" \/>\n<meta property=\"article:modified_time\" content=\"2024-06-29T08:52:28+00:00\" \/>\n<meta property=\"og:image\" content=\"https:\/\/highlife420.cz\/wp-content\/uploads\/WhatsApp-Image-2023-08-15-at-12.25.04.jpg\" \/>\n\t<meta property=\"og:image:width\" content=\"1443\" \/>\n\t<meta property=\"og:image:height\" content=\"1443\" \/>\n\t<meta property=\"og:image:type\" content=\"image\/jpeg\" \/>\n<meta name=\"twitter:card\" content=\"summary_large_image\" \/>\n<script type=\"application\/ld+json\" class=\"yoast-schema-graph\">{\"@context\":\"https:\/\/schema.org\",\"@graph\":[{\"@type\":[\"WebPage\",\"ItemPage\"],\"@id\":\"https:\/\/highlife420.cz\/sk\/obchod\/highlife420-sunglasses-uv400-polarized\/\",\"url\":\"https:\/\/highlife420.cz\/sk\/obchod\/highlife420-sunglasses-uv400-polarized\/\",\"name\":\"HIGHLIFE420 SUNGLASSES UV400 POLARIZED - HIGHLIFE420\",\"isPartOf\":{\"@id\":\"https:\/\/highlife420.cz\/sk\/#website\"},\"datePublished\":\"2023-08-15T11:38:03+00:00\",\"dateModified\":\"2024-06-29T08:52:28+00:00\",\"breadcrumb\":{\"@id\":\"https:\/\/highlife420.cz\/sk\/obchod\/highlife420-sunglasses-uv400-polarized\/#breadcrumb\"},\"inLanguage\":\"sk-SK\",\"potentialAction\":[{\"@type\":\"ReadAction\",\"target\":[\"https:\/\/highlife420.cz\/sk\/obchod\/highlife420-sunglasses-uv400-polarized\/\"]}]},{\"@type\":\"BreadcrumbList\",\"@id\":\"https:\/\/highlife420.cz\/sk\/obchod\/highlife420-sunglasses-uv400-polarized\/#breadcrumb\",\"itemListElement\":[{\"@type\":\"ListItem\",\"position\":1,\"name\":\"Dom\u016f\",\"item\":\"https:\/\/highlife420.cz\/sk\/\"},{\"@type\":\"ListItem\",\"position\":2,\"name\":\"Obchod\",\"item\":\"https:\/\/highlife420.cz\/sk\/obchod\/\"},{\"@type\":\"ListItem\",\"position\":3,\"name\":\"HIGHLIFE420 SUNGLASSES UV400 POLARIZED\"}]},{\"@type\":\"WebSite\",\"@id\":\"https:\/\/highlife420.cz\/sk\/#website\",\"url\":\"https:\/\/highlife420.cz\/sk\/\",\"name\":\"HIGHLIFE420\",\"description\":\"\",\"publisher\":{\"@id\":\"https:\/\/highlife420.cz\/sk\/#organization\"},\"potentialAction\":[{\"@type\":\"SearchAction\",\"target\":{\"@type\":\"EntryPoint\",\"urlTemplate\":\"https:\/\/highlife420.cz\/sk\/?s={search_term_string}\"},\"query-input\":\"required name=search_term_string\"}],\"inLanguage\":\"sk-SK\"},{\"@type\":\"Organization\",\"@id\":\"https:\/\/highlife420.cz\/sk\/#organization\",\"name\":\"High Life 420\",\"url\":\"https:\/\/highlife420.cz\/sk\/\",\"sameAs\":[\"https:\/\/www.instagram.com\/hilife420cz\/\"],\"logo\":{\"@type\":\"ImageObject\",\"inLanguage\":\"sk-SK\",\"@id\":\"https:\/\/highlife420.cz\/sk\/#\/schema\/logo\/image\/\",\"url\":\"https:\/\/highlife420.cz\/wp-content\/uploads\/logo-dark.svg\",\"contentUrl\":\"https:\/\/highlife420.cz\/wp-content\/uploads\/logo-dark.svg\",\"width\":290,\"height\":44,\"caption\":\"High Life 420\"},\"image\":{\"@id\":\"https:\/\/highlife420.cz\/sk\/#\/schema\/logo\/image\/\"}}]}<\/script>\n<meta property=\"product:price:amount\" content=\"1199.0\" \/>\n<meta property=\"product:price:currency\" content=\"CZK\" \/>\n<meta property=\"og:availability\" content=\"out of stock\" \/>\n<meta property=\"product:availability\" content=\"out of stock\" \/>\n<meta property=\"product:condition\" content=\"new\" \/>\n<!-- \/ Yoast SEO plugin. -->","yoast_head_json":{"title":"HIGHLIFE420 SUNGLASSES UV400 POLARIZED - HIGHLIFE420","robots":{"index":"index","follow":"follow","max-snippet":"max-snippet:-1","max-image-preview":"max-image-preview:large","max-video-preview":"max-video-preview:-1"},"canonical":"https:\/\/highlife420.cz\/sk\/obchod\/highlife420-sunglasses-uv400-polarized\/","og_locale":"sk_SK","og_type":"article","og_title":"HIGHLIFE420 SUNGLASSES UV400 POLARIZED - HIGHLIFE420","og_description":"SLNE\u010cN\u00c9 OKULIARE HIGHLIFE420 SPACE POLARIZED UV400 TAC Vyzdvihnite svoj \u0161t\u00fdl a chr\u00e1\u0148te si svoje o\u010di s na\u0161imi limitovan\u00fdmi slne\u010dn\u00fdmi okuliarmi","og_url":"https:\/\/highlife420.cz\/sk\/obchod\/highlife420-sunglasses-uv400-polarized\/","og_site_name":"HIGHLIFE420","article_modified_time":"2024-06-29T08:52:28+00:00","og_image":[{"width":1443,"height":1443,"url":"https:\/\/highlife420.cz\/wp-content\/uploads\/WhatsApp-Image-2023-08-15-at-12.25.04.jpg","type":"image\/jpeg"}],"twitter_card":"summary_large_image","schema":{"@context":"https:\/\/schema.org","@graph":[{"@type":["WebPage","ItemPage"],"@id":"https:\/\/highlife420.cz\/sk\/obchod\/highlife420-sunglasses-uv400-polarized\/","url":"https:\/\/highlife420.cz\/sk\/obchod\/highlife420-sunglasses-uv400-polarized\/","name":"HIGHLIFE420 SUNGLASSES UV400 POLARIZED - HIGHLIFE420","isPartOf":{"@id":"https:\/\/highlife420.cz\/sk\/#website"},"datePublished":"2023-08-15T11:38:03+00:00","dateModified":"2024-06-29T08:52:28+00:00","breadcrumb":{"@id":"https:\/\/highlife420.cz\/sk\/obchod\/highlife420-sunglasses-uv400-polarized\/#breadcrumb"},"inLanguage":"sk-SK","potentialAction":[{"@type":"ReadAction","target":["https:\/\/highlife420.cz\/sk\/obchod\/highlife420-sunglasses-uv400-polarized\/"]}]},{"@type":"BreadcrumbList","@id":"https:\/\/highlife420.cz\/sk\/obchod\/highlife420-sunglasses-uv400-polarized\/#breadcrumb","itemListElement":[{"@type":"ListItem","position":1,"name":"Dom\u016f","item":"https:\/\/highlife420.cz\/sk\/"},{"@type":"ListItem","position":2,"name":"Obchod","item":"https:\/\/highlife420.cz\/sk\/obchod\/"},{"@type":"ListItem","position":3,"name":"HIGHLIFE420 SUNGLASSES UV400 POLARIZED"}]},{"@type":"WebSite","@id":"https:\/\/highlife420.cz\/sk\/#website","url":"https:\/\/highlife420.cz\/sk\/","name":"HIGHLIFE420","description":"","publisher":{"@id":"https:\/\/highlife420.cz\/sk\/#organization"},"potentialAction":[{"@type":"SearchAction","target":{"@type":"EntryPoint","urlTemplate":"https:\/\/highlife420.cz\/sk\/?s={search_term_string}"},"query-input":"required name=search_term_string"}],"inLanguage":"sk-SK"},{"@type":"Organization","@id":"https:\/\/highlife420.cz\/sk\/#organization","name":"High Life 420","url":"https:\/\/highlife420.cz\/sk\/","sameAs":["https:\/\/www.instagram.com\/hilife420cz\/"],"logo":{"@type":"ImageObject","inLanguage":"sk-SK","@id":"https:\/\/highlife420.cz\/sk\/#\/schema\/logo\/image\/","url":"https:\/\/highlife420.cz\/wp-content\/uploads\/logo-dark.svg","contentUrl":"https:\/\/highlife420.cz\/wp-content\/uploads\/logo-dark.svg","width":290,"height":44,"caption":"High Life 420"},"image":{"@id":"https:\/\/highlife420.cz\/sk\/#\/schema\/logo\/image\/"}}]},"product_price_amount":"1199.0","product_price_currency":"CZK","og_availability":"out of stock","product_availability":"out of stock","product_condition":"new"},"_links":{"self":[{"href":"https:\/\/highlife420.cz\/sk\/wp-json\/wp\/v2\/product\/5874","targetHints":{"allow":["GET"]}}],"collection":[{"href":"https:\/\/highlife420.cz\/sk\/wp-json\/wp\/v2\/product"}],"about":[{"href":"https:\/\/highlife420.cz\/sk\/wp-json\/wp\/v2\/types\/product"}],"wp:featuredmedia":[{"embeddable":true,"href":"https:\/\/highlife420.cz\/sk\/wp-json\/wp\/v2\/media\/5880"}],"wp:attachment":[{"href":"https:\/\/highlife420.cz\/sk\/wp-json\/wp\/v2\/media?parent=5874"}],"wp:term":[{"taxonomy":"product_brand","embeddable":true,"href":"https:\/\/highlife420.cz\/sk\/wp-json\/wp\/v2\/product_brand?post=5874"},{"taxonomy":"product_cat","embeddable":true,"href":"https:\/\/highlife420.cz\/sk\/wp-json\/wp\/v2\/product_cat?post=5874"},{"taxonomy":"product_tag","embeddable":true,"href":"https:\/\/highlife420.cz\/sk\/wp-json\/wp\/v2\/product_tag?post=5874"}],"curies":[{"name":"wp","href":"https:\/\/api.w.org\/{rel}","templated":true}]}}