{"id":5626,"date":"2023-06-19T12:50:51","date_gmt":"2023-06-19T10:50:51","guid":{"rendered":"https:\/\/highlife420.cz\/obchod\/nezaraden\u00e9\/hl-vape-cation-battery\/"},"modified":"2025-05-04T21:15:21","modified_gmt":"2025-05-04T19:15:21","slug":"hl-vape-cation-battery","status":"publish","type":"product","link":"https:\/\/highlife420.cz\/sk\/obchod\/hl-vape-cation-battery\/","title":{"rendered":"HL VAPECATION BATTERY"},"content":{"rendered":"<p style=\"text-align: center;\">HL VAPECATION BATTERY s 510 z\u00e1vitom pojme a\u017e 2ml cartridge a m\u00e1 kapacitu bat\u00e9rie 650 mAh.<\/p>\n<p style=\"text-align: center;\">Nab\u00edjanie USB-C \/ Type-C (k\u00e1bel je s\u00fa\u010das\u0165ou balenia)<\/p>\n<p style=\"text-align: center;\">Premenn\u00e9 nap\u00e4tie:<\/p>\n<p style=\"text-align: center;\">2,8V &#8211; ZELEN\u00c1<\/p>\n<p style=\"text-align: center;\">3,4V &#8211; MODR\u00c1<\/p>\n<p style=\"text-align: center;\">3,8V &#8211; \u010cERVEN\u00c1<\/p>\n<p style=\"text-align: center;\">\n<p style=\"text-align: center;\">Re\u017eim predbe\u017en\u00e9ho ohrevu<\/p>\n<p style=\"text-align: center;\">Siln\u00e9 magnetick\u00e9 zatv\u00e1ranie<\/p>\n<ul style=\"text-align: center;\">\n<li>3 r\u00fdchle potiahnutie pre zmenu nap\u00e4tia<\/li>\n<li>2 r\u00fdchle po\u0165ahy na predhriatie<\/li>\n<li>5 r\u00fdchlych potiahnut\u00ed pre zapnutie\/vypnutie<\/li>\n<\/ul>\n<p style=\"text-align: center;\">Cartridge nie je s\u00fa\u010das\u0165ou balenia!<\/p>\n","protected":false},"excerpt":{"rendered":"<p>HL VAPECATION BATTERY s 510 z\u00e1vitom pojme a\u017e 2ml cartridge a m\u00e1 kapacitu bat\u00e9rie 650 mAh. Nab\u00edjanie USB-C \/ Type-C<\/p>\n","protected":false},"featured_media":5649,"template":"","meta":[],"product_brand":[],"product_cat":[162,163],"product_tag":[],"class_list":{"0":"post-5626","1":"product","2":"type-product","3":"status-publish","4":"has-post-thumbnail","6":"product_cat-vape-pen","9":"first","10":"instock","11":"taxable","12":"shipping-taxable","13":"purchasable","14":"product-type-simple"},"yoast_head":"<!-- This site is optimized with the Yoast SEO plugin v19.6.1 - https:\/\/yoast.com\/wordpress\/plugins\/seo\/ -->\n<title>HL VAPECATION BATTERY - HIGHLIFE420<\/title>\n<meta name=\"description\" content=\"HL VAPECATION BATTERY s 510 z\u00e1vitom pojme a\u017e 2ml cartridge a m\u00e1 kapacitu bat\u00e9rie 650 mAh. Siln\u00e9 magnetick\u00e9 zatv\u00e1ranie. Cartridge nie je s\u00fa\u010das\u0165ou balenia!\" \/>\n<meta name=\"robots\" content=\"index, follow, max-snippet:-1, max-image-preview:large, max-video-preview:-1\" \/>\n<link rel=\"canonical\" href=\"https:\/\/highlife420.cz\/sk\/obchod\/hl-vape-cation-battery\/\" \/>\n<meta property=\"og:locale\" content=\"sk_SK\" \/>\n<meta property=\"og:type\" content=\"article\" \/>\n<meta property=\"og:title\" content=\"HL VAPECATION BATTERY - HIGHLIFE420\" \/>\n<meta property=\"og:description\" content=\"HL VAPECATION BATTERY s 510 z\u00e1vitom pojme a\u017e 2ml cartridge a m\u00e1 kapacitu bat\u00e9rie 650 mAh. Siln\u00e9 magnetick\u00e9 zatv\u00e1ranie. Cartridge nie je s\u00fa\u010das\u0165ou balenia!\" \/>\n<meta property=\"og:url\" content=\"https:\/\/highlife420.cz\/sk\/obchod\/hl-vape-cation-battery\/\" \/>\n<meta property=\"og:site_name\" content=\"HIGHLIFE420\" \/>\n<meta property=\"article:modified_time\" content=\"2025-05-04T19:15:21+00:00\" \/>\n<meta property=\"og:image\" content=\"https:\/\/highlife420.cz\/wp-content\/uploads\/VAPECATION_1-scaled.jpg\" \/>\n\t<meta property=\"og:image:width\" content=\"2560\" \/>\n\t<meta property=\"og:image:height\" content=\"2560\" \/>\n\t<meta property=\"og:image:type\" content=\"image\/jpeg\" \/>\n<meta name=\"twitter:card\" content=\"summary_large_image\" \/>\n<script type=\"application\/ld+json\" class=\"yoast-schema-graph\">{\"@context\":\"https:\/\/schema.org\",\"@graph\":[{\"@type\":[\"WebPage\",\"ItemPage\"],\"@id\":\"https:\/\/highlife420.cz\/sk\/obchod\/hl-vape-cation-battery\/\",\"url\":\"https:\/\/highlife420.cz\/sk\/obchod\/hl-vape-cation-battery\/\",\"name\":\"HL VAPECATION BATTERY - HIGHLIFE420\",\"isPartOf\":{\"@id\":\"https:\/\/highlife420.cz\/sk\/#website\"},\"datePublished\":\"2023-06-19T10:50:51+00:00\",\"dateModified\":\"2025-05-04T19:15:21+00:00\",\"description\":\"HL VAPECATION BATTERY s 510 z\u00e1vitom pojme a\u017e 2ml cartridge a m\u00e1 kapacitu bat\u00e9rie 650 mAh. Siln\u00e9 magnetick\u00e9 zatv\u00e1ranie. Cartridge nie je s\u00fa\u010das\u0165ou balenia!\",\"breadcrumb\":{\"@id\":\"https:\/\/highlife420.cz\/sk\/obchod\/hl-vape-cation-battery\/#breadcrumb\"},\"inLanguage\":\"sk-SK\",\"potentialAction\":[{\"@type\":\"ReadAction\",\"target\":[\"https:\/\/highlife420.cz\/sk\/obchod\/hl-vape-cation-battery\/\"]}]},{\"@type\":\"BreadcrumbList\",\"@id\":\"https:\/\/highlife420.cz\/sk\/obchod\/hl-vape-cation-battery\/#breadcrumb\",\"itemListElement\":[{\"@type\":\"ListItem\",\"position\":1,\"name\":\"Dom\u016f\",\"item\":\"https:\/\/highlife420.cz\/sk\/\"},{\"@type\":\"ListItem\",\"position\":2,\"name\":\"Obchod\",\"item\":\"https:\/\/highlife420.cz\/sk\/obchod\/\"},{\"@type\":\"ListItem\",\"position\":3,\"name\":\"HL VAPECATION BATTERY\"}]},{\"@type\":\"WebSite\",\"@id\":\"https:\/\/highlife420.cz\/sk\/#website\",\"url\":\"https:\/\/highlife420.cz\/sk\/\",\"name\":\"HIGHLIFE420\",\"description\":\"\",\"publisher\":{\"@id\":\"https:\/\/highlife420.cz\/sk\/#organization\"},\"potentialAction\":[{\"@type\":\"SearchAction\",\"target\":{\"@type\":\"EntryPoint\",\"urlTemplate\":\"https:\/\/highlife420.cz\/sk\/?s={search_term_string}\"},\"query-input\":\"required name=search_term_string\"}],\"inLanguage\":\"sk-SK\"},{\"@type\":\"Organization\",\"@id\":\"https:\/\/highlife420.cz\/sk\/#organization\",\"name\":\"High Life 420\",\"url\":\"https:\/\/highlife420.cz\/sk\/\",\"sameAs\":[\"https:\/\/www.instagram.com\/hilife420cz\/\"],\"logo\":{\"@type\":\"ImageObject\",\"inLanguage\":\"sk-SK\",\"@id\":\"https:\/\/highlife420.cz\/sk\/#\/schema\/logo\/image\/\",\"url\":\"https:\/\/highlife420.cz\/wp-content\/uploads\/logo-dark.svg\",\"contentUrl\":\"https:\/\/highlife420.cz\/wp-content\/uploads\/logo-dark.svg\",\"width\":290,\"height\":44,\"caption\":\"High Life 420\"},\"image\":{\"@id\":\"https:\/\/highlife420.cz\/sk\/#\/schema\/logo\/image\/\"}}]}<\/script>\n<meta property=\"product:price:amount\" content=\"420.0\" \/>\n<meta property=\"product:price:currency\" content=\"CZK\" \/>\n<meta property=\"og:availability\" content=\"instock\" \/>\n<meta property=\"product:availability\" content=\"instock\" \/>\n<meta property=\"product:condition\" content=\"new\" \/>\n<!-- \/ Yoast SEO plugin. -->","yoast_head_json":{"title":"HL VAPECATION BATTERY - HIGHLIFE420","description":"HL VAPECATION BATTERY s 510 z\u00e1vitom pojme a\u017e 2ml cartridge a m\u00e1 kapacitu bat\u00e9rie 650 mAh. Siln\u00e9 magnetick\u00e9 zatv\u00e1ranie. Cartridge nie je s\u00fa\u010das\u0165ou balenia!","robots":{"index":"index","follow":"follow","max-snippet":"max-snippet:-1","max-image-preview":"max-image-preview:large","max-video-preview":"max-video-preview:-1"},"canonical":"https:\/\/highlife420.cz\/sk\/obchod\/hl-vape-cation-battery\/","og_locale":"sk_SK","og_type":"article","og_title":"HL VAPECATION BATTERY - HIGHLIFE420","og_description":"HL VAPECATION BATTERY s 510 z\u00e1vitom pojme a\u017e 2ml cartridge a m\u00e1 kapacitu bat\u00e9rie 650 mAh. Siln\u00e9 magnetick\u00e9 zatv\u00e1ranie. Cartridge nie je s\u00fa\u010das\u0165ou balenia!","og_url":"https:\/\/highlife420.cz\/sk\/obchod\/hl-vape-cation-battery\/","og_site_name":"HIGHLIFE420","article_modified_time":"2025-05-04T19:15:21+00:00","og_image":[{"width":2560,"height":2560,"url":"https:\/\/highlife420.cz\/wp-content\/uploads\/VAPECATION_1-scaled.jpg","type":"image\/jpeg"}],"twitter_card":"summary_large_image","schema":{"@context":"https:\/\/schema.org","@graph":[{"@type":["WebPage","ItemPage"],"@id":"https:\/\/highlife420.cz\/sk\/obchod\/hl-vape-cation-battery\/","url":"https:\/\/highlife420.cz\/sk\/obchod\/hl-vape-cation-battery\/","name":"HL VAPECATION BATTERY - HIGHLIFE420","isPartOf":{"@id":"https:\/\/highlife420.cz\/sk\/#website"},"datePublished":"2023-06-19T10:50:51+00:00","dateModified":"2025-05-04T19:15:21+00:00","description":"HL VAPECATION BATTERY s 510 z\u00e1vitom pojme a\u017e 2ml cartridge a m\u00e1 kapacitu bat\u00e9rie 650 mAh. Siln\u00e9 magnetick\u00e9 zatv\u00e1ranie. Cartridge nie je s\u00fa\u010das\u0165ou balenia!","breadcrumb":{"@id":"https:\/\/highlife420.cz\/sk\/obchod\/hl-vape-cation-battery\/#breadcrumb"},"inLanguage":"sk-SK","potentialAction":[{"@type":"ReadAction","target":["https:\/\/highlife420.cz\/sk\/obchod\/hl-vape-cation-battery\/"]}]},{"@type":"BreadcrumbList","@id":"https:\/\/highlife420.cz\/sk\/obchod\/hl-vape-cation-battery\/#breadcrumb","itemListElement":[{"@type":"ListItem","position":1,"name":"Dom\u016f","item":"https:\/\/highlife420.cz\/sk\/"},{"@type":"ListItem","position":2,"name":"Obchod","item":"https:\/\/highlife420.cz\/sk\/obchod\/"},{"@type":"ListItem","position":3,"name":"HL VAPECATION BATTERY"}]},{"@type":"WebSite","@id":"https:\/\/highlife420.cz\/sk\/#website","url":"https:\/\/highlife420.cz\/sk\/","name":"HIGHLIFE420","description":"","publisher":{"@id":"https:\/\/highlife420.cz\/sk\/#organization"},"potentialAction":[{"@type":"SearchAction","target":{"@type":"EntryPoint","urlTemplate":"https:\/\/highlife420.cz\/sk\/?s={search_term_string}"},"query-input":"required name=search_term_string"}],"inLanguage":"sk-SK"},{"@type":"Organization","@id":"https:\/\/highlife420.cz\/sk\/#organization","name":"High Life 420","url":"https:\/\/highlife420.cz\/sk\/","sameAs":["https:\/\/www.instagram.com\/hilife420cz\/"],"logo":{"@type":"ImageObject","inLanguage":"sk-SK","@id":"https:\/\/highlife420.cz\/sk\/#\/schema\/logo\/image\/","url":"https:\/\/highlife420.cz\/wp-content\/uploads\/logo-dark.svg","contentUrl":"https:\/\/highlife420.cz\/wp-content\/uploads\/logo-dark.svg","width":290,"height":44,"caption":"High Life 420"},"image":{"@id":"https:\/\/highlife420.cz\/sk\/#\/schema\/logo\/image\/"}}]},"product_price_amount":"420.0","product_price_currency":"CZK","og_availability":"instock","product_availability":"instock","product_condition":"new"},"_links":{"self":[{"href":"https:\/\/highlife420.cz\/sk\/wp-json\/wp\/v2\/product\/5626","targetHints":{"allow":["GET"]}}],"collection":[{"href":"https:\/\/highlife420.cz\/sk\/wp-json\/wp\/v2\/product"}],"about":[{"href":"https:\/\/highlife420.cz\/sk\/wp-json\/wp\/v2\/types\/product"}],"wp:featuredmedia":[{"embeddable":true,"href":"https:\/\/highlife420.cz\/sk\/wp-json\/wp\/v2\/media\/5649"}],"wp:attachment":[{"href":"https:\/\/highlife420.cz\/sk\/wp-json\/wp\/v2\/media?parent=5626"}],"wp:term":[{"taxonomy":"product_brand","embeddable":true,"href":"https:\/\/highlife420.cz\/sk\/wp-json\/wp\/v2\/product_brand?post=5626"},{"taxonomy":"product_cat","embeddable":true,"href":"https:\/\/highlife420.cz\/sk\/wp-json\/wp\/v2\/product_cat?post=5626"},{"taxonomy":"product_tag","embeddable":true,"href":"https:\/\/highlife420.cz\/sk\/wp-json\/wp\/v2\/product_tag?post=5626"}],"curies":[{"name":"wp","href":"https:\/\/api.w.org\/{rel}","templated":true}]}}