{"id":5460,"date":"2023-05-07T09:37:27","date_gmt":"2023-05-07T07:37:27","guid":{"rendered":"https:\/\/highlife420.cz\/obchod\/nezaraden\u00e9\/hhc-p-cloudy-puffer-lemon-og\/"},"modified":"2024-05-07T12:22:59","modified_gmt":"2024-05-07T10:22:59","slug":"hhcp-space-puffer-1ml","status":"publish","type":"product","link":"https:\/\/highlife420.cz\/sk\/obchod\/hhcp-space-puffer-1ml\/","title":{"rendered":"HHCP SPACE PUFFER (1ml)"},"content":{"rendered":"<h1 style=\"text-align: center;\">HHCP CLOUDY PUFFER<\/h1>\n<h1 style=\"text-align: center;\">1000mg<\/h1>\n<div dir=\"auto\" style=\"text-align: center;\">Do\u010dkali ste sa. Cestovali ste s nami po dymenzi\u00e1ch a h\u013eadali odpovede na to kde sa d\u00e1 zohna\u0165 najlep\u0161ie, HHCP Fell\u00e1ci chceme v\u00e1m predstavi\u0165 prv\u00e9ho z pomedzi na\u0161\u00edch vesm\u00edrnych sprievodcov po galaxi\u00e1ch. Absol\u00fatna recol\u00facia vo vape. Disposable ak\u00fd na tuzemskej p\u00f4de nem\u00e1 konkurenciu.. ke\u010f\u017ee je z vesm\u00edru tak to aj d\u00e1va zmysel no nie? Priamo k n\u00e1m p\u0155ave teraz prich\u00e1dza Cloudy Puffer ktor\u00fd ma nie len unik\u00e1tny mix kanabinoidov vn\u00fatri zariadenia, dokonal\u00fd dizajn na vonok ale chu\u0165ov\u00fd profil terp\u00e9nov ktor\u00e9 si e\u0161te nikdy nechutnal. Sme radi \u017ee pracujeme na top produktoch ako je tento a dost\u00e1vame aj pomocou na\u0161ich vesm\u00edrynch kontaktov najlep\u0161ie zbo\u017e\u00ed ku v\u00e1m. Ako sa hovori v hoode: \u201cNe\u010fakuj, pam\u00e4taj!\u201d . Unik\u00e1tny Zberate\u013esky predmet.<\/div>\n<div style=\"text-align: center;\"><\/div>\n<div style=\"text-align: center;\">zlozenie :HHCP+CBD+CBN + live resin terps<\/div>\n<div><\/div>\n<div style=\"text-align: center;\">Zberate\u013esk\u00fd predmet!<\/div>\n<div><\/div>\n<div dir=\"auto\" style=\"text-align: center;\">Vn\u00fatorn\u00e9 pou\u017eitie je tak iba a len na riziko mo\u017en\u00e9ho u\u017e\u00edvate\u013ea.<\/div>\n","protected":false},"excerpt":{"rendered":"<p>HHCP CLOUDY PUFFER 1000mg Do\u010dkali ste sa. Cestovali ste s nami po dymenzi\u00e1ch a h\u013eadali odpovede na to kde sa<\/p>\n","protected":false},"featured_media":6530,"template":"","meta":[],"product_brand":[],"product_cat":[163,78],"product_tag":[],"class_list":{"0":"post-5460","1":"product","2":"type-product","3":"status-publish","4":"has-post-thumbnail","6":"product_cat-vape-pen","7":"product_cat-cartridge","9":"first","10":"outofstock","11":"taxable","12":"shipping-taxable","13":"product-type-variable"},"yoast_head":"<!-- This site is optimized with the Yoast SEO plugin v19.6.1 - https:\/\/yoast.com\/wordpress\/plugins\/seo\/ -->\n<title>HHCP SPACE PUFFER<\/title>\n<meta name=\"description\" content=\"P\u0159\u00edmo k n\u00e1m pr\u00e1v\u011b te\u010f p\u0159ich\u00e1z\u00ed Cloudy Puffer, kter\u00fd m\u00e1 nejen unik\u00e1tn\u00ed mix kanabinoid\u016f uvnit\u0159 za\u0159\u00edzen\u00ed, dokonal\u00fd design na venek a chu\u0165ov\u00fd profil terpenu.\" \/>\n<meta name=\"robots\" content=\"index, follow, max-snippet:-1, max-image-preview:large, max-video-preview:-1\" \/>\n<link rel=\"canonical\" href=\"https:\/\/highlife420.cz\/sk\/obchod\/hhcp-space-puffer-1ml\/\" \/>\n<meta property=\"og:locale\" content=\"sk_SK\" \/>\n<meta property=\"og:type\" content=\"article\" \/>\n<meta property=\"og:title\" content=\"HHCP SPACE PUFFER\" \/>\n<meta property=\"og:description\" content=\"P\u0159\u00edmo k n\u00e1m pr\u00e1v\u011b te\u010f p\u0159ich\u00e1z\u00ed Cloudy Puffer, kter\u00fd m\u00e1 nejen unik\u00e1tn\u00ed mix kanabinoid\u016f uvnit\u0159 za\u0159\u00edzen\u00ed, dokonal\u00fd design na venek a chu\u0165ov\u00fd profil terpenu.\" \/>\n<meta property=\"og:url\" content=\"https:\/\/highlife420.cz\/sk\/obchod\/hhcp-space-puffer-1ml\/\" \/>\n<meta property=\"og:site_name\" content=\"HIGHLIFE420\" \/>\n<meta property=\"article:modified_time\" content=\"2024-05-07T10:22:59+00:00\" \/>\n<meta property=\"og:image\" content=\"https:\/\/highlife420.cz\/wp-content\/uploads\/NORMAL-1024x1024.png\" \/>\n\t<meta property=\"og:image:width\" content=\"1024\" \/>\n\t<meta property=\"og:image:height\" content=\"1024\" \/>\n\t<meta property=\"og:image:type\" content=\"image\/png\" \/>\n<meta name=\"twitter:card\" content=\"summary_large_image\" \/>\n<script type=\"application\/ld+json\" class=\"yoast-schema-graph\">{\"@context\":\"https:\/\/schema.org\",\"@graph\":[{\"@type\":[\"WebPage\",\"ItemPage\"],\"@id\":\"https:\/\/highlife420.cz\/sk\/obchod\/hhcp-space-puffer-1ml\/\",\"url\":\"https:\/\/highlife420.cz\/sk\/obchod\/hhcp-space-puffer-1ml\/\",\"name\":\"HHCP SPACE PUFFER\",\"isPartOf\":{\"@id\":\"https:\/\/highlife420.cz\/sk\/#website\"},\"datePublished\":\"2023-05-07T07:37:27+00:00\",\"dateModified\":\"2024-05-07T10:22:59+00:00\",\"description\":\"P\u0159\u00edmo k n\u00e1m pr\u00e1v\u011b te\u010f p\u0159ich\u00e1z\u00ed Cloudy Puffer, kter\u00fd m\u00e1 nejen unik\u00e1tn\u00ed mix kanabinoid\u016f uvnit\u0159 za\u0159\u00edzen\u00ed, dokonal\u00fd design na venek a chu\u0165ov\u00fd profil terpenu.\",\"breadcrumb\":{\"@id\":\"https:\/\/highlife420.cz\/sk\/obchod\/hhcp-space-puffer-1ml\/#breadcrumb\"},\"inLanguage\":\"sk-SK\",\"potentialAction\":[{\"@type\":\"ReadAction\",\"target\":[\"https:\/\/highlife420.cz\/sk\/obchod\/hhcp-space-puffer-1ml\/\"]}]},{\"@type\":\"BreadcrumbList\",\"@id\":\"https:\/\/highlife420.cz\/sk\/obchod\/hhcp-space-puffer-1ml\/#breadcrumb\",\"itemListElement\":[{\"@type\":\"ListItem\",\"position\":1,\"name\":\"Dom\u016f\",\"item\":\"https:\/\/highlife420.cz\/sk\/\"},{\"@type\":\"ListItem\",\"position\":2,\"name\":\"Obchod\",\"item\":\"https:\/\/highlife420.cz\/sk\/obchod\/\"},{\"@type\":\"ListItem\",\"position\":3,\"name\":\"HHCP SPACE PUFFER (1ml)\"}]},{\"@type\":\"WebSite\",\"@id\":\"https:\/\/highlife420.cz\/sk\/#website\",\"url\":\"https:\/\/highlife420.cz\/sk\/\",\"name\":\"HIGHLIFE420\",\"description\":\"\",\"publisher\":{\"@id\":\"https:\/\/highlife420.cz\/sk\/#organization\"},\"potentialAction\":[{\"@type\":\"SearchAction\",\"target\":{\"@type\":\"EntryPoint\",\"urlTemplate\":\"https:\/\/highlife420.cz\/sk\/?s={search_term_string}\"},\"query-input\":\"required name=search_term_string\"}],\"inLanguage\":\"sk-SK\"},{\"@type\":\"Organization\",\"@id\":\"https:\/\/highlife420.cz\/sk\/#organization\",\"name\":\"High Life 420\",\"url\":\"https:\/\/highlife420.cz\/sk\/\",\"sameAs\":[\"https:\/\/www.instagram.com\/hilife420cz\/\"],\"logo\":{\"@type\":\"ImageObject\",\"inLanguage\":\"sk-SK\",\"@id\":\"https:\/\/highlife420.cz\/sk\/#\/schema\/logo\/image\/\",\"url\":\"https:\/\/highlife420.cz\/wp-content\/uploads\/logo-dark.svg\",\"contentUrl\":\"https:\/\/highlife420.cz\/wp-content\/uploads\/logo-dark.svg\",\"width\":290,\"height\":44,\"caption\":\"High Life 420\"},\"image\":{\"@id\":\"https:\/\/highlife420.cz\/sk\/#\/schema\/logo\/image\/\"}}]}<\/script>\n<meta property=\"og:availability\" content=\"out of stock\" \/>\n<meta property=\"product:availability\" content=\"out of stock\" \/>\n<meta property=\"product:condition\" content=\"new\" \/>\n<!-- \/ Yoast SEO plugin. -->","yoast_head_json":{"title":"HHCP SPACE PUFFER","description":"P\u0159\u00edmo k n\u00e1m pr\u00e1v\u011b te\u010f p\u0159ich\u00e1z\u00ed Cloudy Puffer, kter\u00fd m\u00e1 nejen unik\u00e1tn\u00ed mix kanabinoid\u016f uvnit\u0159 za\u0159\u00edzen\u00ed, dokonal\u00fd design na venek a chu\u0165ov\u00fd profil terpenu.","robots":{"index":"index","follow":"follow","max-snippet":"max-snippet:-1","max-image-preview":"max-image-preview:large","max-video-preview":"max-video-preview:-1"},"canonical":"https:\/\/highlife420.cz\/sk\/obchod\/hhcp-space-puffer-1ml\/","og_locale":"sk_SK","og_type":"article","og_title":"HHCP SPACE PUFFER","og_description":"P\u0159\u00edmo k n\u00e1m pr\u00e1v\u011b te\u010f p\u0159ich\u00e1z\u00ed Cloudy Puffer, kter\u00fd m\u00e1 nejen unik\u00e1tn\u00ed mix kanabinoid\u016f uvnit\u0159 za\u0159\u00edzen\u00ed, dokonal\u00fd design na venek a chu\u0165ov\u00fd profil terpenu.","og_url":"https:\/\/highlife420.cz\/sk\/obchod\/hhcp-space-puffer-1ml\/","og_site_name":"HIGHLIFE420","article_modified_time":"2024-05-07T10:22:59+00:00","og_image":[{"width":1024,"height":1024,"url":"https:\/\/highlife420.cz\/wp-content\/uploads\/NORMAL-1024x1024.png","type":"image\/png"}],"twitter_card":"summary_large_image","schema":{"@context":"https:\/\/schema.org","@graph":[{"@type":["WebPage","ItemPage"],"@id":"https:\/\/highlife420.cz\/sk\/obchod\/hhcp-space-puffer-1ml\/","url":"https:\/\/highlife420.cz\/sk\/obchod\/hhcp-space-puffer-1ml\/","name":"HHCP SPACE PUFFER","isPartOf":{"@id":"https:\/\/highlife420.cz\/sk\/#website"},"datePublished":"2023-05-07T07:37:27+00:00","dateModified":"2024-05-07T10:22:59+00:00","description":"P\u0159\u00edmo k n\u00e1m pr\u00e1v\u011b te\u010f p\u0159ich\u00e1z\u00ed Cloudy Puffer, kter\u00fd m\u00e1 nejen unik\u00e1tn\u00ed mix kanabinoid\u016f uvnit\u0159 za\u0159\u00edzen\u00ed, dokonal\u00fd design na venek a chu\u0165ov\u00fd profil terpenu.","breadcrumb":{"@id":"https:\/\/highlife420.cz\/sk\/obchod\/hhcp-space-puffer-1ml\/#breadcrumb"},"inLanguage":"sk-SK","potentialAction":[{"@type":"ReadAction","target":["https:\/\/highlife420.cz\/sk\/obchod\/hhcp-space-puffer-1ml\/"]}]},{"@type":"BreadcrumbList","@id":"https:\/\/highlife420.cz\/sk\/obchod\/hhcp-space-puffer-1ml\/#breadcrumb","itemListElement":[{"@type":"ListItem","position":1,"name":"Dom\u016f","item":"https:\/\/highlife420.cz\/sk\/"},{"@type":"ListItem","position":2,"name":"Obchod","item":"https:\/\/highlife420.cz\/sk\/obchod\/"},{"@type":"ListItem","position":3,"name":"HHCP SPACE PUFFER (1ml)"}]},{"@type":"WebSite","@id":"https:\/\/highlife420.cz\/sk\/#website","url":"https:\/\/highlife420.cz\/sk\/","name":"HIGHLIFE420","description":"","publisher":{"@id":"https:\/\/highlife420.cz\/sk\/#organization"},"potentialAction":[{"@type":"SearchAction","target":{"@type":"EntryPoint","urlTemplate":"https:\/\/highlife420.cz\/sk\/?s={search_term_string}"},"query-input":"required name=search_term_string"}],"inLanguage":"sk-SK"},{"@type":"Organization","@id":"https:\/\/highlife420.cz\/sk\/#organization","name":"High Life 420","url":"https:\/\/highlife420.cz\/sk\/","sameAs":["https:\/\/www.instagram.com\/hilife420cz\/"],"logo":{"@type":"ImageObject","inLanguage":"sk-SK","@id":"https:\/\/highlife420.cz\/sk\/#\/schema\/logo\/image\/","url":"https:\/\/highlife420.cz\/wp-content\/uploads\/logo-dark.svg","contentUrl":"https:\/\/highlife420.cz\/wp-content\/uploads\/logo-dark.svg","width":290,"height":44,"caption":"High Life 420"},"image":{"@id":"https:\/\/highlife420.cz\/sk\/#\/schema\/logo\/image\/"}}]},"og_availability":"out of stock","product_availability":"out of stock","product_condition":"new"},"_links":{"self":[{"href":"https:\/\/highlife420.cz\/sk\/wp-json\/wp\/v2\/product\/5460","targetHints":{"allow":["GET"]}}],"collection":[{"href":"https:\/\/highlife420.cz\/sk\/wp-json\/wp\/v2\/product"}],"about":[{"href":"https:\/\/highlife420.cz\/sk\/wp-json\/wp\/v2\/types\/product"}],"wp:featuredmedia":[{"embeddable":true,"href":"https:\/\/highlife420.cz\/sk\/wp-json\/wp\/v2\/media\/6530"}],"wp:attachment":[{"href":"https:\/\/highlife420.cz\/sk\/wp-json\/wp\/v2\/media?parent=5460"}],"wp:term":[{"taxonomy":"product_brand","embeddable":true,"href":"https:\/\/highlife420.cz\/sk\/wp-json\/wp\/v2\/product_brand?post=5460"},{"taxonomy":"product_cat","embeddable":true,"href":"https:\/\/highlife420.cz\/sk\/wp-json\/wp\/v2\/product_cat?post=5460"},{"taxonomy":"product_tag","embeddable":true,"href":"https:\/\/highlife420.cz\/sk\/wp-json\/wp\/v2\/product_tag?post=5460"}],"curies":[{"name":"wp","href":"https:\/\/api.w.org\/{rel}","templated":true}]}}