{"id":4840,"date":"2020-02-16T10:03:33","date_gmt":"2020-02-16T09:03:33","guid":{"rendered":"https:\/\/highlife420.cz\/obchod\/highlife420-limited-tee-ufo\/"},"modified":"2023-08-24T16:40:34","modified_gmt":"2023-08-24T14:40:34","slug":"highlife420-limited-tee-ufo","status":"publish","type":"product","link":"https:\/\/highlife420.cz\/sk\/obchod\/highlife420-limited-tee-ufo\/","title":{"rendered":"HIGHLIFE420 LIMITED TEE UFO"},"content":{"rendered":"<div>\n<p>HIGHLIFE420 LIMITED TEE UFO tri\u010dko v oversize st\u0159ihu je vyroben\u00e9 z hust\u00e9 m\u011bkk\u00e9 bavlny ve vy\u0161\u0161\u00ed gram\u00e1\u017ei, d\u00edky kter\u00e9 je pevn\u00e9 a p\u0159esto p\u0159\u00edjemn\u00e9 na no\u0161en\u00ed. M\u00e1 klasick\u00fd kulat\u00fd v\u00fdst\u0159ih a spaden\u00e1 ramena. Le\u017e\u00e9rn\u00ed voln\u00fd st\u0159ih ocen\u00ed ka\u017ed\u00fd, pro ka\u017ed\u00e9ho kdo m\u00e1 na prvn\u00edm m\u00edst\u011b maxim\u00e1ln\u00edm pohodl\u00ed.<\/p>\n<p>Materi\u00e1l: <strong>100% bavlna<\/strong><\/p>\n<\/div>\n<div>\n<table style=\"height: 203px;\" border=\"1\" width=\"828\">\n<tbody>\n<tr>\n<td>velikost<\/td>\n<td>d\u00e9lka<\/td>\n<td>\u0161\u00ed\u0159ka hrudn\u00edku (1\/2 obvodu)<\/td>\n<td>spodn\u00ed \u0161\u00ed\u0159ka (lem), (1\/2 obvodu)<\/td>\n<td>d\u00e9lka ruk\u00e1vu (od ramene)<\/td>\n<\/tr>\n<tr>\n<td>XS<\/td>\n<td>74 cm<\/td>\n<td>54 cm<\/td>\n<td>52 cm<\/td>\n<td>20 cm<\/td>\n<\/tr>\n<tr>\n<td>S<\/td>\n<td>76 cm<\/td>\n<td>57 cm<\/td>\n<td>55 cm<\/td>\n<td>21 cm<\/td>\n<\/tr>\n<tr>\n<td>M<\/td>\n<td>78 cm<\/td>\n<td>60 cm<\/td>\n<td>56 cm<\/td>\n<td>22 cm<\/td>\n<\/tr>\n<tr>\n<td>L<\/td>\n<td>80 cm<\/td>\n<td>63 cm<\/td>\n<td>61 cm<\/td>\n<td>23 cm<\/td>\n<\/tr>\n<tr>\n<td>XL<\/td>\n<td>82 cm<\/td>\n<td>66 cm<\/td>\n<td>64 cm<\/td>\n<td>24 cm<\/td>\n<\/tr>\n<\/tbody>\n<\/table>\n<\/div>\n","protected":false},"excerpt":{"rendered":"<p><span style=\"color: #c3c3c3;\">Doru\u010den\u00ed do 3 pracovn\u00edch dn\u016f<\/span><\/p>\n","protected":false},"featured_media":4838,"template":"","meta":[],"product_brand":[],"product_cat":[18],"product_tag":[],"class_list":{"0":"post-4840","1":"product","2":"type-product","3":"status-publish","4":"has-post-thumbnail","6":"product_cat-brand","7":"pa_velikost-l-sk","8":"pa_velikost-m-sk","9":"pa_velikost-s-sk","10":"pa_velikost-xl-sk","12":"first","13":"outofstock","14":"taxable","15":"shipping-taxable","16":"purchasable","17":"product-type-variable"},"yoast_head":"<!-- This site is optimized with the Yoast SEO plugin v19.6.1 - https:\/\/yoast.com\/wordpress\/plugins\/seo\/ -->\n<title>HIGHLIFE420 LIMITED TEE UFO - HIGHLIFE420<\/title>\n<meta name=\"robots\" content=\"index, follow, max-snippet:-1, max-image-preview:large, max-video-preview:-1\" \/>\n<link rel=\"canonical\" href=\"https:\/\/highlife420.cz\/sk\/obchod\/highlife420-limited-tee-ufo\/\" \/>\n<meta property=\"og:locale\" content=\"sk_SK\" \/>\n<meta property=\"og:type\" content=\"article\" \/>\n<meta property=\"og:title\" content=\"HIGHLIFE420 LIMITED TEE UFO - HIGHLIFE420\" \/>\n<meta property=\"og:description\" content=\"Doru\u010den\u00ed do 3 pracovn\u00edch dn\u016f\" \/>\n<meta property=\"og:url\" content=\"https:\/\/highlife420.cz\/sk\/obchod\/highlife420-limited-tee-ufo\/\" \/>\n<meta property=\"og:site_name\" content=\"HIGHLIFE420\" \/>\n<meta property=\"article:modified_time\" content=\"2023-08-24T14:40:34+00:00\" \/>\n<meta property=\"og:image\" content=\"https:\/\/highlife420.cz\/wp-content\/uploads\/HL_FRONT-1024x683.png\" \/>\n\t<meta property=\"og:image:width\" content=\"1024\" \/>\n\t<meta property=\"og:image:height\" content=\"683\" \/>\n\t<meta property=\"og:image:type\" content=\"image\/png\" \/>\n<meta name=\"twitter:card\" content=\"summary_large_image\" \/>\n<script type=\"application\/ld+json\" class=\"yoast-schema-graph\">{\"@context\":\"https:\/\/schema.org\",\"@graph\":[{\"@type\":[\"WebPage\",\"ItemPage\"],\"@id\":\"https:\/\/highlife420.cz\/sk\/obchod\/highlife420-limited-tee-ufo\/\",\"url\":\"https:\/\/highlife420.cz\/sk\/obchod\/highlife420-limited-tee-ufo\/\",\"name\":\"HIGHLIFE420 LIMITED TEE UFO - HIGHLIFE420\",\"isPartOf\":{\"@id\":\"https:\/\/highlife420.cz\/sk\/#website\"},\"datePublished\":\"2020-02-16T09:03:33+00:00\",\"dateModified\":\"2023-08-24T14:40:34+00:00\",\"breadcrumb\":{\"@id\":\"https:\/\/highlife420.cz\/sk\/obchod\/highlife420-limited-tee-ufo\/#breadcrumb\"},\"inLanguage\":\"sk-SK\",\"potentialAction\":[{\"@type\":\"ReadAction\",\"target\":[\"https:\/\/highlife420.cz\/sk\/obchod\/highlife420-limited-tee-ufo\/\"]}]},{\"@type\":\"BreadcrumbList\",\"@id\":\"https:\/\/highlife420.cz\/sk\/obchod\/highlife420-limited-tee-ufo\/#breadcrumb\",\"itemListElement\":[{\"@type\":\"ListItem\",\"position\":1,\"name\":\"Dom\u016f\",\"item\":\"https:\/\/highlife420.cz\/sk\/\"},{\"@type\":\"ListItem\",\"position\":2,\"name\":\"Obchod\",\"item\":\"https:\/\/highlife420.cz\/sk\/obchod\/\"},{\"@type\":\"ListItem\",\"position\":3,\"name\":\"HIGHLIFE420 LIMITED TEE UFO\"}]},{\"@type\":\"WebSite\",\"@id\":\"https:\/\/highlife420.cz\/sk\/#website\",\"url\":\"https:\/\/highlife420.cz\/sk\/\",\"name\":\"HIGHLIFE420\",\"description\":\"\",\"publisher\":{\"@id\":\"https:\/\/highlife420.cz\/sk\/#organization\"},\"potentialAction\":[{\"@type\":\"SearchAction\",\"target\":{\"@type\":\"EntryPoint\",\"urlTemplate\":\"https:\/\/highlife420.cz\/sk\/?s={search_term_string}\"},\"query-input\":\"required name=search_term_string\"}],\"inLanguage\":\"sk-SK\"},{\"@type\":\"Organization\",\"@id\":\"https:\/\/highlife420.cz\/sk\/#organization\",\"name\":\"High Life 420\",\"url\":\"https:\/\/highlife420.cz\/sk\/\",\"sameAs\":[\"https:\/\/www.instagram.com\/hilife420cz\/\"],\"logo\":{\"@type\":\"ImageObject\",\"inLanguage\":\"sk-SK\",\"@id\":\"https:\/\/highlife420.cz\/sk\/#\/schema\/logo\/image\/\",\"url\":\"https:\/\/highlife420.cz\/wp-content\/uploads\/logo-dark.svg\",\"contentUrl\":\"https:\/\/highlife420.cz\/wp-content\/uploads\/logo-dark.svg\",\"width\":290,\"height\":44,\"caption\":\"High Life 420\"},\"image\":{\"@id\":\"https:\/\/highlife420.cz\/sk\/#\/schema\/logo\/image\/\"}}]}<\/script>\n<meta property=\"og:availability\" content=\"out of stock\" \/>\n<meta property=\"product:availability\" content=\"out of stock\" \/>\n<meta property=\"product:condition\" content=\"new\" \/>\n<!-- \/ Yoast SEO plugin. -->","yoast_head_json":{"title":"HIGHLIFE420 LIMITED TEE UFO - HIGHLIFE420","robots":{"index":"index","follow":"follow","max-snippet":"max-snippet:-1","max-image-preview":"max-image-preview:large","max-video-preview":"max-video-preview:-1"},"canonical":"https:\/\/highlife420.cz\/sk\/obchod\/highlife420-limited-tee-ufo\/","og_locale":"sk_SK","og_type":"article","og_title":"HIGHLIFE420 LIMITED TEE UFO - HIGHLIFE420","og_description":"Doru\u010den\u00ed do 3 pracovn\u00edch dn\u016f","og_url":"https:\/\/highlife420.cz\/sk\/obchod\/highlife420-limited-tee-ufo\/","og_site_name":"HIGHLIFE420","article_modified_time":"2023-08-24T14:40:34+00:00","og_image":[{"width":1024,"height":683,"url":"https:\/\/highlife420.cz\/wp-content\/uploads\/HL_FRONT-1024x683.png","type":"image\/png"}],"twitter_card":"summary_large_image","schema":{"@context":"https:\/\/schema.org","@graph":[{"@type":["WebPage","ItemPage"],"@id":"https:\/\/highlife420.cz\/sk\/obchod\/highlife420-limited-tee-ufo\/","url":"https:\/\/highlife420.cz\/sk\/obchod\/highlife420-limited-tee-ufo\/","name":"HIGHLIFE420 LIMITED TEE UFO - HIGHLIFE420","isPartOf":{"@id":"https:\/\/highlife420.cz\/sk\/#website"},"datePublished":"2020-02-16T09:03:33+00:00","dateModified":"2023-08-24T14:40:34+00:00","breadcrumb":{"@id":"https:\/\/highlife420.cz\/sk\/obchod\/highlife420-limited-tee-ufo\/#breadcrumb"},"inLanguage":"sk-SK","potentialAction":[{"@type":"ReadAction","target":["https:\/\/highlife420.cz\/sk\/obchod\/highlife420-limited-tee-ufo\/"]}]},{"@type":"BreadcrumbList","@id":"https:\/\/highlife420.cz\/sk\/obchod\/highlife420-limited-tee-ufo\/#breadcrumb","itemListElement":[{"@type":"ListItem","position":1,"name":"Dom\u016f","item":"https:\/\/highlife420.cz\/sk\/"},{"@type":"ListItem","position":2,"name":"Obchod","item":"https:\/\/highlife420.cz\/sk\/obchod\/"},{"@type":"ListItem","position":3,"name":"HIGHLIFE420 LIMITED TEE UFO"}]},{"@type":"WebSite","@id":"https:\/\/highlife420.cz\/sk\/#website","url":"https:\/\/highlife420.cz\/sk\/","name":"HIGHLIFE420","description":"","publisher":{"@id":"https:\/\/highlife420.cz\/sk\/#organization"},"potentialAction":[{"@type":"SearchAction","target":{"@type":"EntryPoint","urlTemplate":"https:\/\/highlife420.cz\/sk\/?s={search_term_string}"},"query-input":"required name=search_term_string"}],"inLanguage":"sk-SK"},{"@type":"Organization","@id":"https:\/\/highlife420.cz\/sk\/#organization","name":"High Life 420","url":"https:\/\/highlife420.cz\/sk\/","sameAs":["https:\/\/www.instagram.com\/hilife420cz\/"],"logo":{"@type":"ImageObject","inLanguage":"sk-SK","@id":"https:\/\/highlife420.cz\/sk\/#\/schema\/logo\/image\/","url":"https:\/\/highlife420.cz\/wp-content\/uploads\/logo-dark.svg","contentUrl":"https:\/\/highlife420.cz\/wp-content\/uploads\/logo-dark.svg","width":290,"height":44,"caption":"High Life 420"},"image":{"@id":"https:\/\/highlife420.cz\/sk\/#\/schema\/logo\/image\/"}}]},"og_availability":"out of stock","product_availability":"out of stock","product_condition":"new"},"_links":{"self":[{"href":"https:\/\/highlife420.cz\/sk\/wp-json\/wp\/v2\/product\/4840","targetHints":{"allow":["GET"]}}],"collection":[{"href":"https:\/\/highlife420.cz\/sk\/wp-json\/wp\/v2\/product"}],"about":[{"href":"https:\/\/highlife420.cz\/sk\/wp-json\/wp\/v2\/types\/product"}],"wp:featuredmedia":[{"embeddable":true,"href":"https:\/\/highlife420.cz\/sk\/wp-json\/wp\/v2\/media\/4838"}],"wp:attachment":[{"href":"https:\/\/highlife420.cz\/sk\/wp-json\/wp\/v2\/media?parent=4840"}],"wp:term":[{"taxonomy":"product_brand","embeddable":true,"href":"https:\/\/highlife420.cz\/sk\/wp-json\/wp\/v2\/product_brand?post=4840"},{"taxonomy":"product_cat","embeddable":true,"href":"https:\/\/highlife420.cz\/sk\/wp-json\/wp\/v2\/product_cat?post=4840"},{"taxonomy":"product_tag","embeddable":true,"href":"https:\/\/highlife420.cz\/sk\/wp-json\/wp\/v2\/product_tag?post=4840"}],"curies":[{"name":"wp","href":"https:\/\/api.w.org\/{rel}","templated":true}]}}