{"id":2644,"date":"2022-07-18T13:00:36","date_gmt":"2022-07-18T11:00:37","guid":{"rendered":"https:\/\/highlife420.cz\/?post_type=product&#038;p=2644"},"modified":"2025-01-14T07:58:42","modified_gmt":"2025-01-14T06:58:42","slug":"hl-white-orange-punch","status":"publish","type":"product","link":"https:\/\/highlife420.cz\/sk\/obchod\/hl-white-orange-punch\/","title":{"rendered":"CBD KV\u011aTY ORANGE PUNCH (17%)"},"content":{"rendered":"<h2 style=\"font-size: 24px; font-weight: bold; text-align: center;\"><strong>CBD kvety Orange Punch<\/strong><\/h2>\n<h2 style=\"text-align: center;\">Exkluz\u00edvny zberate\u013esk\u00fd predmet HIGHLIFE420 ORANGE PUNCH<\/h2>\n<p style=\"text-align: center;\"><span style=\"font-weight: 400;\">ORANGE PUNCH je hybrid, \u010doho sa v prvom rade nem\u00e1\u0161 z\u013eakn\u00fa\u0165, lebo je to strain, ktor\u00fd \u0165a hne\u010f na \u00favod oval\u00ed svojimi prudko tropick\u00fdmi terp\u00e9nmi a v druhom rade ihne\u010f podpor\u00ed Tvoju kreativitu. P\u00fdta\u0161 sa, ako je to mo\u017en\u00e9 a ja ti hovor\u00edm, sta\u010d\u00ed vysk\u00fa\u0161a\u0165, aby si pochopil. Je jasn\u00e9, \u017ee prim\u00e1rne \u0164a zasiahne pomaran\u010dov\u00e1 v\u00f4\u0148a a jemne nektarinkov\u00e1 chu\u0165, ale to nie s\u00fa jedin\u00e9 d\u00f4vody, pre\u010do sa Orange punch naz\u00fdva ako sa naz\u00fdva. Rozm\u00fd\u0161\u013ea\u0161? Ide o jeho oran\u017eov\u00e9 vlasy ktor\u00fdmi je posiaty cel\u00fd strain\u2026 Teraz u\u017e nerozm\u00fd\u0161la\u0161, ale slint\u00e1\u0161 \u010do? \u00da\u010dinky su tradi\u010dne upokojuj\u00face ale nech\u00e1vaj\u00fa \u010dloveka stale koncentrovan\u00e9ho. Telo ost\u00e1va regenenerovan\u00e9 a \u0161\u0165astn\u00e9.<\/span><\/p>\n<p style=\"text-align: center;\"><strong>Obsah THC:<\/strong> &lt; 0,6 %<\/p>\n<p style=\"text-align: center;\"><strong>Obsah CBD:<\/strong> ~17 %<\/p>\n<p style=\"text-align: center;\">Produkt v s\u00falade so z\u00e1konom \u00a7167\/1998. Ur\u010den\u00e9 pre priemyseln\u00e9, technick\u00e9 a z\u00e1hradn\u00edckym. Ur\u010den\u00e9 na \u010fal\u0161ie spracovanie, nie na priamu spotrebu alebo faj\u010denie. Produkt podlieha prirodzen\u00e9mu \u00fabytku hmotnosti.<\/p>\n<p style=\"text-align: center;\">Z\u00e1kaz predaja osob\u00e1m mlad\u0161\u00edm ako 18 rokov.<\/p>\n","protected":false},"excerpt":{"rendered":"<p>CBD kvety Orange Punch Exkluz\u00edvny zberate\u013esk\u00fd predmet HIGHLIFE420 ORANGE PUNCH ORANGE PUNCH je hybrid, \u010doho sa v prvom rade nem\u00e1\u0161<\/p>\n","protected":false},"featured_media":6030,"template":"","meta":[],"product_brand":[],"product_cat":[182,185,170,174,17,66],"product_tag":[],"class_list":{"0":"post-2644","1":"product","2":"type-product","3":"status-publish","4":"has-post-thumbnail","6":"product_cat-cbd","8":"product_cat-cbd-kvety","10":"product_cat-kvety","13":"first","14":"outofstock","15":"taxable","16":"shipping-taxable","17":"purchasable","18":"product-type-variable"},"yoast_head":"<!-- This site is optimized with the Yoast SEO plugin v19.6.1 - https:\/\/yoast.com\/wordpress\/plugins\/seo\/ -->\n<title>CBD kvety Orange Punch (17%) - HIGHLIFE420.CZ<\/title>\n<meta name=\"description\" content=\"pr\u00e9miov\u00e9 CBD kvety s pr\u00edchu\u0165ou Orange Punch a obsahom CBD a\u017e 17%. Na v\u00fdber balenia v r\u00f4znych gram\u00e1\u017each. Konopn\u00e9 kvety s\u00fa ulo\u017een\u00e9 v sklenenej d\u00f3ze zo skla.\" \/>\n<meta name=\"robots\" content=\"index, follow, max-snippet:-1, max-image-preview:large, max-video-preview:-1\" \/>\n<link rel=\"canonical\" href=\"https:\/\/highlife420.cz\/sk\/obchod\/hl-white-orange-punch\/\" \/>\n<meta property=\"og:locale\" content=\"sk_SK\" \/>\n<meta property=\"og:type\" content=\"article\" \/>\n<meta property=\"og:title\" content=\"CBD kvety Orange Punch (17%) - HIGHLIFE420.CZ\" \/>\n<meta property=\"og:description\" content=\"pr\u00e9miov\u00e9 CBD kvety s pr\u00edchu\u0165ou Orange Punch a obsahom CBD a\u017e 17%. Na v\u00fdber balenia v r\u00f4znych gram\u00e1\u017each. Konopn\u00e9 kvety s\u00fa ulo\u017een\u00e9 v sklenenej d\u00f3ze zo skla.\" \/>\n<meta property=\"og:url\" content=\"https:\/\/highlife420.cz\/sk\/obchod\/hl-white-orange-punch\/\" \/>\n<meta property=\"og:site_name\" content=\"HIGHLIFE420\" \/>\n<meta property=\"article:modified_time\" content=\"2025-01-14T06:58:42+00:00\" \/>\n<meta property=\"og:image\" content=\"https:\/\/highlife420.cz\/wp-content\/uploads\/CALI-KUSH-CBD-1024x1024.png\" \/>\n\t<meta property=\"og:image:width\" content=\"1024\" \/>\n\t<meta property=\"og:image:height\" content=\"1024\" \/>\n\t<meta property=\"og:image:type\" content=\"image\/png\" \/>\n<meta name=\"twitter:card\" content=\"summary_large_image\" \/>\n<script type=\"application\/ld+json\" class=\"yoast-schema-graph\">{\"@context\":\"https:\/\/schema.org\",\"@graph\":[{\"@type\":[\"WebPage\",\"ItemPage\"],\"@id\":\"https:\/\/highlife420.cz\/sk\/obchod\/hl-white-orange-punch\/\",\"url\":\"https:\/\/highlife420.cz\/sk\/obchod\/hl-white-orange-punch\/\",\"name\":\"CBD kvety Orange Punch (17%) - HIGHLIFE420.CZ\",\"isPartOf\":{\"@id\":\"https:\/\/highlife420.cz\/sk\/#website\"},\"datePublished\":\"2022-07-18T11:00:37+00:00\",\"dateModified\":\"2025-01-14T06:58:42+00:00\",\"description\":\"pr\u00e9miov\u00e9 CBD kvety s pr\u00edchu\u0165ou Orange Punch a obsahom CBD a\u017e 17%. Na v\u00fdber balenia v r\u00f4znych gram\u00e1\u017each. Konopn\u00e9 kvety s\u00fa ulo\u017een\u00e9 v sklenenej d\u00f3ze zo skla.\",\"breadcrumb\":{\"@id\":\"https:\/\/highlife420.cz\/sk\/obchod\/hl-white-orange-punch\/#breadcrumb\"},\"inLanguage\":\"sk-SK\",\"potentialAction\":[{\"@type\":\"ReadAction\",\"target\":[\"https:\/\/highlife420.cz\/sk\/obchod\/hl-white-orange-punch\/\"]}]},{\"@type\":\"BreadcrumbList\",\"@id\":\"https:\/\/highlife420.cz\/sk\/obchod\/hl-white-orange-punch\/#breadcrumb\",\"itemListElement\":[{\"@type\":\"ListItem\",\"position\":1,\"name\":\"Dom\u016f\",\"item\":\"https:\/\/highlife420.cz\/sk\/\"},{\"@type\":\"ListItem\",\"position\":2,\"name\":\"Obchod\",\"item\":\"https:\/\/highlife420.cz\/sk\/obchod\/\"},{\"@type\":\"ListItem\",\"position\":3,\"name\":\"CBD KV\u011aTY ORANGE PUNCH (17%)\"}]},{\"@type\":\"WebSite\",\"@id\":\"https:\/\/highlife420.cz\/sk\/#website\",\"url\":\"https:\/\/highlife420.cz\/sk\/\",\"name\":\"HIGHLIFE420\",\"description\":\"\",\"publisher\":{\"@id\":\"https:\/\/highlife420.cz\/sk\/#organization\"},\"potentialAction\":[{\"@type\":\"SearchAction\",\"target\":{\"@type\":\"EntryPoint\",\"urlTemplate\":\"https:\/\/highlife420.cz\/sk\/?s={search_term_string}\"},\"query-input\":\"required name=search_term_string\"}],\"inLanguage\":\"sk-SK\"},{\"@type\":\"Organization\",\"@id\":\"https:\/\/highlife420.cz\/sk\/#organization\",\"name\":\"High Life 420\",\"url\":\"https:\/\/highlife420.cz\/sk\/\",\"sameAs\":[\"https:\/\/www.instagram.com\/hilife420cz\/\"],\"logo\":{\"@type\":\"ImageObject\",\"inLanguage\":\"sk-SK\",\"@id\":\"https:\/\/highlife420.cz\/sk\/#\/schema\/logo\/image\/\",\"url\":\"https:\/\/highlife420.cz\/wp-content\/uploads\/logo-dark.svg\",\"contentUrl\":\"https:\/\/highlife420.cz\/wp-content\/uploads\/logo-dark.svg\",\"width\":290,\"height\":44,\"caption\":\"High Life 420\"},\"image\":{\"@id\":\"https:\/\/highlife420.cz\/sk\/#\/schema\/logo\/image\/\"}}]}<\/script>\n<meta property=\"og:availability\" content=\"out of stock\" \/>\n<meta property=\"product:availability\" content=\"out of stock\" \/>\n<meta property=\"product:condition\" content=\"new\" \/>\n<!-- \/ Yoast SEO plugin. -->","yoast_head_json":{"title":"CBD kvety Orange Punch (17%) - HIGHLIFE420.CZ","description":"pr\u00e9miov\u00e9 CBD kvety s pr\u00edchu\u0165ou Orange Punch a obsahom CBD a\u017e 17%. Na v\u00fdber balenia v r\u00f4znych gram\u00e1\u017each. Konopn\u00e9 kvety s\u00fa ulo\u017een\u00e9 v sklenenej d\u00f3ze zo skla.","robots":{"index":"index","follow":"follow","max-snippet":"max-snippet:-1","max-image-preview":"max-image-preview:large","max-video-preview":"max-video-preview:-1"},"canonical":"https:\/\/highlife420.cz\/sk\/obchod\/hl-white-orange-punch\/","og_locale":"sk_SK","og_type":"article","og_title":"CBD kvety Orange Punch (17%) - HIGHLIFE420.CZ","og_description":"pr\u00e9miov\u00e9 CBD kvety s pr\u00edchu\u0165ou Orange Punch a obsahom CBD a\u017e 17%. Na v\u00fdber balenia v r\u00f4znych gram\u00e1\u017each. Konopn\u00e9 kvety s\u00fa ulo\u017een\u00e9 v sklenenej d\u00f3ze zo skla.","og_url":"https:\/\/highlife420.cz\/sk\/obchod\/hl-white-orange-punch\/","og_site_name":"HIGHLIFE420","article_modified_time":"2025-01-14T06:58:42+00:00","og_image":[{"width":1024,"height":1024,"url":"https:\/\/highlife420.cz\/wp-content\/uploads\/CALI-KUSH-CBD-1024x1024.png","type":"image\/png"}],"twitter_card":"summary_large_image","schema":{"@context":"https:\/\/schema.org","@graph":[{"@type":["WebPage","ItemPage"],"@id":"https:\/\/highlife420.cz\/sk\/obchod\/hl-white-orange-punch\/","url":"https:\/\/highlife420.cz\/sk\/obchod\/hl-white-orange-punch\/","name":"CBD kvety Orange Punch (17%) - HIGHLIFE420.CZ","isPartOf":{"@id":"https:\/\/highlife420.cz\/sk\/#website"},"datePublished":"2022-07-18T11:00:37+00:00","dateModified":"2025-01-14T06:58:42+00:00","description":"pr\u00e9miov\u00e9 CBD kvety s pr\u00edchu\u0165ou Orange Punch a obsahom CBD a\u017e 17%. Na v\u00fdber balenia v r\u00f4znych gram\u00e1\u017each. Konopn\u00e9 kvety s\u00fa ulo\u017een\u00e9 v sklenenej d\u00f3ze zo skla.","breadcrumb":{"@id":"https:\/\/highlife420.cz\/sk\/obchod\/hl-white-orange-punch\/#breadcrumb"},"inLanguage":"sk-SK","potentialAction":[{"@type":"ReadAction","target":["https:\/\/highlife420.cz\/sk\/obchod\/hl-white-orange-punch\/"]}]},{"@type":"BreadcrumbList","@id":"https:\/\/highlife420.cz\/sk\/obchod\/hl-white-orange-punch\/#breadcrumb","itemListElement":[{"@type":"ListItem","position":1,"name":"Dom\u016f","item":"https:\/\/highlife420.cz\/sk\/"},{"@type":"ListItem","position":2,"name":"Obchod","item":"https:\/\/highlife420.cz\/sk\/obchod\/"},{"@type":"ListItem","position":3,"name":"CBD KV\u011aTY ORANGE PUNCH (17%)"}]},{"@type":"WebSite","@id":"https:\/\/highlife420.cz\/sk\/#website","url":"https:\/\/highlife420.cz\/sk\/","name":"HIGHLIFE420","description":"","publisher":{"@id":"https:\/\/highlife420.cz\/sk\/#organization"},"potentialAction":[{"@type":"SearchAction","target":{"@type":"EntryPoint","urlTemplate":"https:\/\/highlife420.cz\/sk\/?s={search_term_string}"},"query-input":"required name=search_term_string"}],"inLanguage":"sk-SK"},{"@type":"Organization","@id":"https:\/\/highlife420.cz\/sk\/#organization","name":"High Life 420","url":"https:\/\/highlife420.cz\/sk\/","sameAs":["https:\/\/www.instagram.com\/hilife420cz\/"],"logo":{"@type":"ImageObject","inLanguage":"sk-SK","@id":"https:\/\/highlife420.cz\/sk\/#\/schema\/logo\/image\/","url":"https:\/\/highlife420.cz\/wp-content\/uploads\/logo-dark.svg","contentUrl":"https:\/\/highlife420.cz\/wp-content\/uploads\/logo-dark.svg","width":290,"height":44,"caption":"High Life 420"},"image":{"@id":"https:\/\/highlife420.cz\/sk\/#\/schema\/logo\/image\/"}}]},"og_availability":"out of stock","product_availability":"out of stock","product_condition":"new"},"_links":{"self":[{"href":"https:\/\/highlife420.cz\/sk\/wp-json\/wp\/v2\/product\/2644","targetHints":{"allow":["GET"]}}],"collection":[{"href":"https:\/\/highlife420.cz\/sk\/wp-json\/wp\/v2\/product"}],"about":[{"href":"https:\/\/highlife420.cz\/sk\/wp-json\/wp\/v2\/types\/product"}],"wp:featuredmedia":[{"embeddable":true,"href":"https:\/\/highlife420.cz\/sk\/wp-json\/wp\/v2\/media\/6030"}],"wp:attachment":[{"href":"https:\/\/highlife420.cz\/sk\/wp-json\/wp\/v2\/media?parent=2644"}],"wp:term":[{"taxonomy":"product_brand","embeddable":true,"href":"https:\/\/highlife420.cz\/sk\/wp-json\/wp\/v2\/product_brand?post=2644"},{"taxonomy":"product_cat","embeddable":true,"href":"https:\/\/highlife420.cz\/sk\/wp-json\/wp\/v2\/product_cat?post=2644"},{"taxonomy":"product_tag","embeddable":true,"href":"https:\/\/highlife420.cz\/sk\/wp-json\/wp\/v2\/product_tag?post=2644"}],"curies":[{"name":"wp","href":"https:\/\/api.w.org\/{rel}","templated":true}]}}