{"id":2277,"date":"2022-05-12T12:04:16","date_gmt":"2022-05-12T10:04:16","guid":{"rendered":"https:\/\/highlife420.cz\/?post_type=product&#038;p=2277"},"modified":"2025-04-09T14:47:25","modified_gmt":"2025-04-09T12:47:25","slug":"afgan-hash-cbd-14-2g","status":"publish","type":"product","link":"https:\/\/highlife420.cz\/sk\/obchod\/afgan-hash-cbd-14-2g\/","title":{"rendered":"AFGAN HASH CBD 14% (2g)"},"content":{"rendered":"<p style=\"text-align: center;\"><strong>Afgan hash\u00a0<\/strong> je extrakt ze surov\u00fdch rostlin, p\u0159i\u010dem\u017e podstatou je zpracov\u00e1n\u00ed pouze prysky\u0159ice a \u00fa\u010dinn\u00fdch l\u00e1tek bez list\u016f, kv\u011bt\u016f a stonk\u016f..<\/p>\n<p style=\"text-align: center;\">Konzistence je typicky hust\u00c1, p\u0159ipom\u00ednaj\u00edc\u00ed plastel\u00ednu s obsahem \u00fa\u010dinn\u00e9 l\u00e1tky\u00a0<strong>CBD\u00a0<\/strong>(&lt; 14%) a s obsahem <strong>THC\u00a0<\/strong>v leg\u00e1ln\u00edm mno\u017estv\u00ed (&lt;0,2%).<\/p>\n<p style=\"text-align: center;\">Produkt v souladu se z\u00e1konem \u00a7167\/1998. Ur\u010deno k \u00fa\u010del\u016fm pr\u016fmyslov\u00fdm, technick\u00fdm a zahradnick\u00fdm. Ur\u010deno k dal\u0161\u00edmu zpracov\u00e1n\u00ed nikoliv k p\u0159\u00edme spot\u0159eb\u011b nebo kou\u0159en\u00ed.<\/p>\n<p style=\"text-align: center;\">Z\u00e1kaz prodeje mlad\u0161\u00edm 18-ti let.<\/p>\n<p style=\"text-align: center;\">Uchov\u00e1vejte mimo dosah d\u011bt\u00ed.<\/p>\n<p style=\"text-align: center;\"><strong>Distributor:\u00a0<\/strong>HIGHLIFE420 s.r.o.<\/p>\n<p style=\"text-align: center;\"><strong>Vyrobeno v EU<\/strong><\/p>\n","protected":false},"excerpt":{"rendered":"<p>Afgan hash\u00a0 je extrakt ze surov\u00fdch rostlin, p\u0159i\u010dem\u017e podstatou je zpracov\u00e1n\u00ed pouze prysky\u0159ice a \u00fa\u010dinn\u00fdch l\u00e1tek bez list\u016f, kv\u011bt\u016f a<\/p>\n","protected":false},"featured_media":2274,"template":"","meta":[],"product_brand":[],"product_cat":[182,129],"product_tag":[],"class_list":{"0":"post-2277","1":"product","2":"type-product","3":"status-publish","4":"has-post-thumbnail","6":"product_cat-cbd","7":"product_cat-hash-kief","9":"first","10":"instock","11":"sale","12":"taxable","13":"shipping-taxable","14":"purchasable","15":"product-type-simple"},"yoast_head":"<!-- This site is optimized with the Yoast SEO plugin v19.6.1 - https:\/\/yoast.com\/wordpress\/plugins\/seo\/ -->\n<title>AFGAN HASH CBD 14% (2g) - HIGHLIFE420<\/title>\n<meta name=\"robots\" content=\"index, follow, max-snippet:-1, max-image-preview:large, max-video-preview:-1\" \/>\n<link rel=\"canonical\" href=\"https:\/\/highlife420.cz\/sk\/obchod\/afgan-hash-cbd-14-2g\/\" \/>\n<meta property=\"og:locale\" content=\"sk_SK\" \/>\n<meta property=\"og:type\" content=\"article\" \/>\n<meta property=\"og:title\" content=\"AFGAN HASH CBD 14% (2g) - HIGHLIFE420\" \/>\n<meta property=\"og:description\" content=\"Afgan hash\u00a0 je extrakt ze surov\u00fdch rostlin, p\u0159i\u010dem\u017e podstatou je zpracov\u00e1n\u00ed pouze prysky\u0159ice a \u00fa\u010dinn\u00fdch l\u00e1tek bez list\u016f, kv\u011bt\u016f a\" \/>\n<meta property=\"og:url\" content=\"https:\/\/highlife420.cz\/sk\/obchod\/afgan-hash-cbd-14-2g\/\" \/>\n<meta property=\"og:site_name\" content=\"HIGHLIFE420\" \/>\n<meta property=\"article:modified_time\" content=\"2025-04-09T12:47:25+00:00\" \/>\n<meta property=\"og:image\" content=\"https:\/\/highlife420.cz\/wp-content\/uploads\/produkt1-911x1024.png\" \/>\n\t<meta property=\"og:image:width\" content=\"911\" \/>\n\t<meta property=\"og:image:height\" content=\"1024\" \/>\n\t<meta property=\"og:image:type\" content=\"image\/png\" \/>\n<meta name=\"twitter:card\" content=\"summary_large_image\" \/>\n<script type=\"application\/ld+json\" class=\"yoast-schema-graph\">{\"@context\":\"https:\/\/schema.org\",\"@graph\":[{\"@type\":[\"WebPage\",\"ItemPage\"],\"@id\":\"https:\/\/highlife420.cz\/sk\/obchod\/afgan-hash-cbd-14-2g\/\",\"url\":\"https:\/\/highlife420.cz\/sk\/obchod\/afgan-hash-cbd-14-2g\/\",\"name\":\"AFGAN HASH CBD 14% (2g) - HIGHLIFE420\",\"isPartOf\":{\"@id\":\"https:\/\/highlife420.cz\/sk\/#website\"},\"datePublished\":\"2022-05-12T10:04:16+00:00\",\"dateModified\":\"2025-04-09T12:47:25+00:00\",\"breadcrumb\":{\"@id\":\"https:\/\/highlife420.cz\/sk\/obchod\/afgan-hash-cbd-14-2g\/#breadcrumb\"},\"inLanguage\":\"sk-SK\",\"potentialAction\":[{\"@type\":\"ReadAction\",\"target\":[\"https:\/\/highlife420.cz\/sk\/obchod\/afgan-hash-cbd-14-2g\/\"]}]},{\"@type\":\"BreadcrumbList\",\"@id\":\"https:\/\/highlife420.cz\/sk\/obchod\/afgan-hash-cbd-14-2g\/#breadcrumb\",\"itemListElement\":[{\"@type\":\"ListItem\",\"position\":1,\"name\":\"Dom\u016f\",\"item\":\"https:\/\/highlife420.cz\/sk\/\"},{\"@type\":\"ListItem\",\"position\":2,\"name\":\"Obchod\",\"item\":\"https:\/\/highlife420.cz\/sk\/obchod\/\"},{\"@type\":\"ListItem\",\"position\":3,\"name\":\"AFGAN HASH CBD 14% (2g)\"}]},{\"@type\":\"WebSite\",\"@id\":\"https:\/\/highlife420.cz\/sk\/#website\",\"url\":\"https:\/\/highlife420.cz\/sk\/\",\"name\":\"HIGHLIFE420\",\"description\":\"\",\"publisher\":{\"@id\":\"https:\/\/highlife420.cz\/sk\/#organization\"},\"potentialAction\":[{\"@type\":\"SearchAction\",\"target\":{\"@type\":\"EntryPoint\",\"urlTemplate\":\"https:\/\/highlife420.cz\/sk\/?s={search_term_string}\"},\"query-input\":\"required name=search_term_string\"}],\"inLanguage\":\"sk-SK\"},{\"@type\":\"Organization\",\"@id\":\"https:\/\/highlife420.cz\/sk\/#organization\",\"name\":\"High Life 420\",\"url\":\"https:\/\/highlife420.cz\/sk\/\",\"sameAs\":[\"https:\/\/www.instagram.com\/hilife420cz\/\"],\"logo\":{\"@type\":\"ImageObject\",\"inLanguage\":\"sk-SK\",\"@id\":\"https:\/\/highlife420.cz\/sk\/#\/schema\/logo\/image\/\",\"url\":\"https:\/\/highlife420.cz\/wp-content\/uploads\/logo-dark.svg\",\"contentUrl\":\"https:\/\/highlife420.cz\/wp-content\/uploads\/logo-dark.svg\",\"width\":290,\"height\":44,\"caption\":\"High Life 420\"},\"image\":{\"@id\":\"https:\/\/highlife420.cz\/sk\/#\/schema\/logo\/image\/\"}}]}<\/script>\n<meta property=\"product:price:amount\" content=\"199.0\" \/>\n<meta property=\"product:price:currency\" content=\"CZK\" \/>\n<meta property=\"og:availability\" content=\"instock\" \/>\n<meta property=\"product:availability\" content=\"instock\" \/>\n<meta property=\"product:condition\" content=\"new\" \/>\n<!-- \/ Yoast SEO plugin. -->","yoast_head_json":{"title":"AFGAN HASH CBD 14% (2g) - HIGHLIFE420","robots":{"index":"index","follow":"follow","max-snippet":"max-snippet:-1","max-image-preview":"max-image-preview:large","max-video-preview":"max-video-preview:-1"},"canonical":"https:\/\/highlife420.cz\/sk\/obchod\/afgan-hash-cbd-14-2g\/","og_locale":"sk_SK","og_type":"article","og_title":"AFGAN HASH CBD 14% (2g) - HIGHLIFE420","og_description":"Afgan hash\u00a0 je extrakt ze surov\u00fdch rostlin, p\u0159i\u010dem\u017e podstatou je zpracov\u00e1n\u00ed pouze prysky\u0159ice a \u00fa\u010dinn\u00fdch l\u00e1tek bez list\u016f, kv\u011bt\u016f a","og_url":"https:\/\/highlife420.cz\/sk\/obchod\/afgan-hash-cbd-14-2g\/","og_site_name":"HIGHLIFE420","article_modified_time":"2025-04-09T12:47:25+00:00","og_image":[{"width":911,"height":1024,"url":"https:\/\/highlife420.cz\/wp-content\/uploads\/produkt1-911x1024.png","type":"image\/png"}],"twitter_card":"summary_large_image","schema":{"@context":"https:\/\/schema.org","@graph":[{"@type":["WebPage","ItemPage"],"@id":"https:\/\/highlife420.cz\/sk\/obchod\/afgan-hash-cbd-14-2g\/","url":"https:\/\/highlife420.cz\/sk\/obchod\/afgan-hash-cbd-14-2g\/","name":"AFGAN HASH CBD 14% (2g) - HIGHLIFE420","isPartOf":{"@id":"https:\/\/highlife420.cz\/sk\/#website"},"datePublished":"2022-05-12T10:04:16+00:00","dateModified":"2025-04-09T12:47:25+00:00","breadcrumb":{"@id":"https:\/\/highlife420.cz\/sk\/obchod\/afgan-hash-cbd-14-2g\/#breadcrumb"},"inLanguage":"sk-SK","potentialAction":[{"@type":"ReadAction","target":["https:\/\/highlife420.cz\/sk\/obchod\/afgan-hash-cbd-14-2g\/"]}]},{"@type":"BreadcrumbList","@id":"https:\/\/highlife420.cz\/sk\/obchod\/afgan-hash-cbd-14-2g\/#breadcrumb","itemListElement":[{"@type":"ListItem","position":1,"name":"Dom\u016f","item":"https:\/\/highlife420.cz\/sk\/"},{"@type":"ListItem","position":2,"name":"Obchod","item":"https:\/\/highlife420.cz\/sk\/obchod\/"},{"@type":"ListItem","position":3,"name":"AFGAN HASH CBD 14% (2g)"}]},{"@type":"WebSite","@id":"https:\/\/highlife420.cz\/sk\/#website","url":"https:\/\/highlife420.cz\/sk\/","name":"HIGHLIFE420","description":"","publisher":{"@id":"https:\/\/highlife420.cz\/sk\/#organization"},"potentialAction":[{"@type":"SearchAction","target":{"@type":"EntryPoint","urlTemplate":"https:\/\/highlife420.cz\/sk\/?s={search_term_string}"},"query-input":"required name=search_term_string"}],"inLanguage":"sk-SK"},{"@type":"Organization","@id":"https:\/\/highlife420.cz\/sk\/#organization","name":"High Life 420","url":"https:\/\/highlife420.cz\/sk\/","sameAs":["https:\/\/www.instagram.com\/hilife420cz\/"],"logo":{"@type":"ImageObject","inLanguage":"sk-SK","@id":"https:\/\/highlife420.cz\/sk\/#\/schema\/logo\/image\/","url":"https:\/\/highlife420.cz\/wp-content\/uploads\/logo-dark.svg","contentUrl":"https:\/\/highlife420.cz\/wp-content\/uploads\/logo-dark.svg","width":290,"height":44,"caption":"High Life 420"},"image":{"@id":"https:\/\/highlife420.cz\/sk\/#\/schema\/logo\/image\/"}}]},"product_price_amount":"199.0","product_price_currency":"CZK","og_availability":"instock","product_availability":"instock","product_condition":"new"},"_links":{"self":[{"href":"https:\/\/highlife420.cz\/sk\/wp-json\/wp\/v2\/product\/2277","targetHints":{"allow":["GET"]}}],"collection":[{"href":"https:\/\/highlife420.cz\/sk\/wp-json\/wp\/v2\/product"}],"about":[{"href":"https:\/\/highlife420.cz\/sk\/wp-json\/wp\/v2\/types\/product"}],"wp:featuredmedia":[{"embeddable":true,"href":"https:\/\/highlife420.cz\/sk\/wp-json\/wp\/v2\/media\/2274"}],"wp:attachment":[{"href":"https:\/\/highlife420.cz\/sk\/wp-json\/wp\/v2\/media?parent=2277"}],"wp:term":[{"taxonomy":"product_brand","embeddable":true,"href":"https:\/\/highlife420.cz\/sk\/wp-json\/wp\/v2\/product_brand?post=2277"},{"taxonomy":"product_cat","embeddable":true,"href":"https:\/\/highlife420.cz\/sk\/wp-json\/wp\/v2\/product_cat?post=2277"},{"taxonomy":"product_tag","embeddable":true,"href":"https:\/\/highlife420.cz\/sk\/wp-json\/wp\/v2\/product_tag?post=2277"}],"curies":[{"name":"wp","href":"https:\/\/api.w.org\/{rel}","templated":true}]}}