{"id":2236,"date":"2020-12-02T20:51:55","date_gmt":"2020-12-02T19:51:55","guid":{"rendered":"https:\/\/highlife420.cz\/obchod\/2236\/"},"modified":"2024-10-15T03:42:05","modified_gmt":"2024-10-15T01:42:05","slug":"cbg-kief-2-4g","status":"publish","type":"product","link":"https:\/\/highlife420.cz\/sk\/obchod\/cbg-kief-2-4g\/","title":{"rendered":"HIGHLIFE KIEF CBG 18 % (2g)"},"content":{"rendered":"<p><strong>HIGHLIFE420 KIEF S VYSOK\u00ddM CBG 18%<\/strong> je zbierka trich\u00f3mov poch\u00e1dzaj\u00facich z odrody Santhica, ktor\u00e9 sa prirodzene nach\u00e1dzaj\u00fa na povrchu konope.<\/p>\n<p><strong>Tieto kry\u0161t\u00e1ly obsahuj\u00fa v\u00fdznamn\u00e9 mno\u017estvo terpenoidov, flavonoidov a kanabinoidov vr\u00e1tane CBG.<\/strong><\/p>\n<p>Ka\u017ed\u00e1 rastlina konope obsahuje mal\u00e9 mno\u017estvo CBG. Na v\u00fdrobu mal\u00e9ho mno\u017estva CBG je teda potrebn\u00e9 obrovsk\u00e9 mno\u017estvo konope, preto je tak\u00fd vz\u00e1cny.<\/p>\n<p>CBG kief m\u00f4\u017eete prida\u0165 do svojich ob\u013e\u00faben\u00fdch n\u00e1pojov (k\u00e1va, smoothie, d\u017e\u00fas, prote\u00edn, fajka,&#8230;), m\u00f4\u017eete ho pou\u017ei\u0165 aj pri varen\u00ed &#8211; bu\u010f priamo po\u010das pr\u00edpravy jedla, alebo po nej &#8211; a tak obohati\u0165 svoje jedlo ve\u013emi prospe\u0161n\u00fdm sp\u00f4sobom.<\/p>\n<p>HL CBG KIEF(skaf) je vynikaj\u00faci sp\u00f4sob, ako doda\u0165 telu prospe\u0161n\u00e9 kanabinoidy, flavonoidy a terpenoidy v 100% pr\u00edrodnej forme.<\/p>\n<p>NEVHODN\u00c9 PRE PE\u013dOV\u00ddCH ALERGIKOV !<\/p>\n<p><strong>Inform\u00e1cie uveden\u00e9 v blogu alebo na tejto webovej str\u00e1nke sl\u00fa\u017eia len na v\u0161eobecn\u00e9 vzdel\u00e1vacie \u00fa\u010dely a neposkytuj\u00fa odborn\u00e9 lek\u00e1rske alebo pr\u00e1vne poradenstvo.<\/strong><\/p>\n<p>Distrib\u00fator: HIGHLIFE420 s.r.o.<\/p>\n","protected":false},"excerpt":{"rendered":"<p>HIGHLIFE420 KIEF S VYSOK\u00ddM CBG 18% je zbierka trich\u00f3mov poch\u00e1dzaj\u00facich z odrody Santhica, ktor\u00e9 sa prirodzene nach\u00e1dzaj\u00fa na povrchu konope.<\/p>\n","protected":false},"featured_media":2238,"template":"","meta":[],"product_brand":[],"product_cat":[182,185,129,130],"product_tag":[],"class_list":{"0":"post-2236","1":"product","2":"type-product","3":"status-publish","4":"has-post-thumbnail","6":"product_cat-cbd","8":"product_cat-hash-kief","11":"first","12":"instock","13":"taxable","14":"shipping-taxable","15":"purchasable","16":"product-type-simple"},"yoast_head":"<!-- This site is optimized with the Yoast SEO plugin v19.6.1 - https:\/\/yoast.com\/wordpress\/plugins\/seo\/ -->\n<title>HIGHLIFE KIEF CBG 18 % (2g) - HIGHLIFE420<\/title>\n<meta name=\"robots\" content=\"index, follow, max-snippet:-1, max-image-preview:large, max-video-preview:-1\" \/>\n<link rel=\"canonical\" href=\"https:\/\/highlife420.cz\/sk\/obchod\/cbg-kief-2-4g\/\" \/>\n<meta property=\"og:locale\" content=\"sk_SK\" \/>\n<meta property=\"og:type\" content=\"article\" \/>\n<meta property=\"og:title\" content=\"HIGHLIFE KIEF CBG 18 % (2g) - HIGHLIFE420\" \/>\n<meta property=\"og:description\" content=\"HIGHLIFE420 KIEF S VYSOK\u00ddM CBG 18% je zbierka trich\u00f3mov poch\u00e1dzaj\u00facich z odrody Santhica, ktor\u00e9 sa prirodzene nach\u00e1dzaj\u00fa na povrchu konope.\" \/>\n<meta property=\"og:url\" content=\"https:\/\/highlife420.cz\/sk\/obchod\/cbg-kief-2-4g\/\" \/>\n<meta property=\"og:site_name\" content=\"HIGHLIFE420\" \/>\n<meta property=\"article:modified_time\" content=\"2024-10-15T01:42:05+00:00\" \/>\n<meta property=\"og:image\" content=\"https:\/\/highlife420.cz\/wp-content\/uploads\/produkt3-911x1024.png\" \/>\n\t<meta property=\"og:image:width\" content=\"911\" \/>\n\t<meta property=\"og:image:height\" content=\"1024\" \/>\n\t<meta property=\"og:image:type\" content=\"image\/png\" \/>\n<meta name=\"twitter:card\" content=\"summary_large_image\" \/>\n<script type=\"application\/ld+json\" class=\"yoast-schema-graph\">{\"@context\":\"https:\/\/schema.org\",\"@graph\":[{\"@type\":[\"WebPage\",\"ItemPage\"],\"@id\":\"https:\/\/highlife420.cz\/sk\/obchod\/cbg-kief-2-4g\/\",\"url\":\"https:\/\/highlife420.cz\/sk\/obchod\/cbg-kief-2-4g\/\",\"name\":\"HIGHLIFE KIEF CBG 18 % (2g) - HIGHLIFE420\",\"isPartOf\":{\"@id\":\"https:\/\/highlife420.cz\/sk\/#website\"},\"datePublished\":\"2020-12-02T19:51:55+00:00\",\"dateModified\":\"2024-10-15T01:42:05+00:00\",\"breadcrumb\":{\"@id\":\"https:\/\/highlife420.cz\/sk\/obchod\/cbg-kief-2-4g\/#breadcrumb\"},\"inLanguage\":\"sk-SK\",\"potentialAction\":[{\"@type\":\"ReadAction\",\"target\":[\"https:\/\/highlife420.cz\/sk\/obchod\/cbg-kief-2-4g\/\"]}]},{\"@type\":\"BreadcrumbList\",\"@id\":\"https:\/\/highlife420.cz\/sk\/obchod\/cbg-kief-2-4g\/#breadcrumb\",\"itemListElement\":[{\"@type\":\"ListItem\",\"position\":1,\"name\":\"Dom\u016f\",\"item\":\"https:\/\/highlife420.cz\/sk\/\"},{\"@type\":\"ListItem\",\"position\":2,\"name\":\"Obchod\",\"item\":\"https:\/\/highlife420.cz\/sk\/obchod\/\"},{\"@type\":\"ListItem\",\"position\":3,\"name\":\"HIGHLIFE KIEF CBG 18 % (2g)\"}]},{\"@type\":\"WebSite\",\"@id\":\"https:\/\/highlife420.cz\/sk\/#website\",\"url\":\"https:\/\/highlife420.cz\/sk\/\",\"name\":\"HIGHLIFE420\",\"description\":\"\",\"publisher\":{\"@id\":\"https:\/\/highlife420.cz\/sk\/#organization\"},\"potentialAction\":[{\"@type\":\"SearchAction\",\"target\":{\"@type\":\"EntryPoint\",\"urlTemplate\":\"https:\/\/highlife420.cz\/sk\/?s={search_term_string}\"},\"query-input\":\"required name=search_term_string\"}],\"inLanguage\":\"sk-SK\"},{\"@type\":\"Organization\",\"@id\":\"https:\/\/highlife420.cz\/sk\/#organization\",\"name\":\"High Life 420\",\"url\":\"https:\/\/highlife420.cz\/sk\/\",\"sameAs\":[\"https:\/\/www.instagram.com\/hilife420cz\/\"],\"logo\":{\"@type\":\"ImageObject\",\"inLanguage\":\"sk-SK\",\"@id\":\"https:\/\/highlife420.cz\/sk\/#\/schema\/logo\/image\/\",\"url\":\"https:\/\/highlife420.cz\/wp-content\/uploads\/logo-dark.svg\",\"contentUrl\":\"https:\/\/highlife420.cz\/wp-content\/uploads\/logo-dark.svg\",\"width\":290,\"height\":44,\"caption\":\"High Life 420\"},\"image\":{\"@id\":\"https:\/\/highlife420.cz\/sk\/#\/schema\/logo\/image\/\"}}]}<\/script>\n<meta property=\"product:price:amount\" content=\"299.0\" \/>\n<meta property=\"product:price:currency\" content=\"CZK\" \/>\n<meta property=\"og:availability\" content=\"instock\" \/>\n<meta property=\"product:availability\" content=\"instock\" \/>\n<meta property=\"product:condition\" content=\"new\" \/>\n<!-- \/ Yoast SEO plugin. -->","yoast_head_json":{"title":"HIGHLIFE KIEF CBG 18 % (2g) - HIGHLIFE420","robots":{"index":"index","follow":"follow","max-snippet":"max-snippet:-1","max-image-preview":"max-image-preview:large","max-video-preview":"max-video-preview:-1"},"canonical":"https:\/\/highlife420.cz\/sk\/obchod\/cbg-kief-2-4g\/","og_locale":"sk_SK","og_type":"article","og_title":"HIGHLIFE KIEF CBG 18 % (2g) - HIGHLIFE420","og_description":"HIGHLIFE420 KIEF S VYSOK\u00ddM CBG 18% je zbierka trich\u00f3mov poch\u00e1dzaj\u00facich z odrody Santhica, ktor\u00e9 sa prirodzene nach\u00e1dzaj\u00fa na povrchu konope.","og_url":"https:\/\/highlife420.cz\/sk\/obchod\/cbg-kief-2-4g\/","og_site_name":"HIGHLIFE420","article_modified_time":"2024-10-15T01:42:05+00:00","og_image":[{"width":911,"height":1024,"url":"https:\/\/highlife420.cz\/wp-content\/uploads\/produkt3-911x1024.png","type":"image\/png"}],"twitter_card":"summary_large_image","schema":{"@context":"https:\/\/schema.org","@graph":[{"@type":["WebPage","ItemPage"],"@id":"https:\/\/highlife420.cz\/sk\/obchod\/cbg-kief-2-4g\/","url":"https:\/\/highlife420.cz\/sk\/obchod\/cbg-kief-2-4g\/","name":"HIGHLIFE KIEF CBG 18 % (2g) - HIGHLIFE420","isPartOf":{"@id":"https:\/\/highlife420.cz\/sk\/#website"},"datePublished":"2020-12-02T19:51:55+00:00","dateModified":"2024-10-15T01:42:05+00:00","breadcrumb":{"@id":"https:\/\/highlife420.cz\/sk\/obchod\/cbg-kief-2-4g\/#breadcrumb"},"inLanguage":"sk-SK","potentialAction":[{"@type":"ReadAction","target":["https:\/\/highlife420.cz\/sk\/obchod\/cbg-kief-2-4g\/"]}]},{"@type":"BreadcrumbList","@id":"https:\/\/highlife420.cz\/sk\/obchod\/cbg-kief-2-4g\/#breadcrumb","itemListElement":[{"@type":"ListItem","position":1,"name":"Dom\u016f","item":"https:\/\/highlife420.cz\/sk\/"},{"@type":"ListItem","position":2,"name":"Obchod","item":"https:\/\/highlife420.cz\/sk\/obchod\/"},{"@type":"ListItem","position":3,"name":"HIGHLIFE KIEF CBG 18 % (2g)"}]},{"@type":"WebSite","@id":"https:\/\/highlife420.cz\/sk\/#website","url":"https:\/\/highlife420.cz\/sk\/","name":"HIGHLIFE420","description":"","publisher":{"@id":"https:\/\/highlife420.cz\/sk\/#organization"},"potentialAction":[{"@type":"SearchAction","target":{"@type":"EntryPoint","urlTemplate":"https:\/\/highlife420.cz\/sk\/?s={search_term_string}"},"query-input":"required name=search_term_string"}],"inLanguage":"sk-SK"},{"@type":"Organization","@id":"https:\/\/highlife420.cz\/sk\/#organization","name":"High Life 420","url":"https:\/\/highlife420.cz\/sk\/","sameAs":["https:\/\/www.instagram.com\/hilife420cz\/"],"logo":{"@type":"ImageObject","inLanguage":"sk-SK","@id":"https:\/\/highlife420.cz\/sk\/#\/schema\/logo\/image\/","url":"https:\/\/highlife420.cz\/wp-content\/uploads\/logo-dark.svg","contentUrl":"https:\/\/highlife420.cz\/wp-content\/uploads\/logo-dark.svg","width":290,"height":44,"caption":"High Life 420"},"image":{"@id":"https:\/\/highlife420.cz\/sk\/#\/schema\/logo\/image\/"}}]},"product_price_amount":"299.0","product_price_currency":"CZK","og_availability":"instock","product_availability":"instock","product_condition":"new"},"_links":{"self":[{"href":"https:\/\/highlife420.cz\/sk\/wp-json\/wp\/v2\/product\/2236","targetHints":{"allow":["GET"]}}],"collection":[{"href":"https:\/\/highlife420.cz\/sk\/wp-json\/wp\/v2\/product"}],"about":[{"href":"https:\/\/highlife420.cz\/sk\/wp-json\/wp\/v2\/types\/product"}],"wp:featuredmedia":[{"embeddable":true,"href":"https:\/\/highlife420.cz\/sk\/wp-json\/wp\/v2\/media\/2238"}],"wp:attachment":[{"href":"https:\/\/highlife420.cz\/sk\/wp-json\/wp\/v2\/media?parent=2236"}],"wp:term":[{"taxonomy":"product_brand","embeddable":true,"href":"https:\/\/highlife420.cz\/sk\/wp-json\/wp\/v2\/product_brand?post=2236"},{"taxonomy":"product_cat","embeddable":true,"href":"https:\/\/highlife420.cz\/sk\/wp-json\/wp\/v2\/product_cat?post=2236"},{"taxonomy":"product_tag","embeddable":true,"href":"https:\/\/highlife420.cz\/sk\/wp-json\/wp\/v2\/product_tag?post=2236"}],"curies":[{"name":"wp","href":"https:\/\/api.w.org\/{rel}","templated":true}]}}